{"id":13113,"date":"2023-11-30T15:16:30","date_gmt":"2023-11-30T14:16:30","guid":{"rendered":"https:\/\/tierschutz.com\/?page_id=13113"},"modified":"2026-02-16T11:34:46","modified_gmt":"2026-02-16T10:34:46","slug":"groupe-parlementaire-sur-la-protection-des-animaux","status":"publish","type":"page","link":"https:\/\/sts-psa.ch\/fr\/protection-des-animaux\/politique\/groupe-parlementaire-sur-la-protection-des-animaux\/","title":{"rendered":"Groupe parlementaire sur la protection des animaux"},"content":{"rendered":"\n<div class=\"wp-block-cover alignfull\"><span aria-hidden=\"true\" class=\"wp-block-cover__background has-black-background-color has-background-dim-20 has-background-dim\"><\/span><img loading=\"lazy\" decoding=\"async\" width=\"1034\" height=\"441\" src=\"https:\/\/sts-psa.ch\/app\/uploads\/2023\/11\/Bundeshaus.png\" class=\"wp-block-cover__image-background wp-post-image\" alt=\"\" data-object-fit=\"cover\" data-object-position=\"49% 69%\" style=\"object-position:49% 69%;\" srcset=\"https:\/\/sts-psa.ch\/app\/uploads\/2023\/11\/Bundeshaus.png 1034w, https:\/\/sts-psa.ch\/app\/uploads\/2023\/11\/Bundeshaus-300x128.png 300w, https:\/\/sts-psa.ch\/app\/uploads\/2023\/11\/Bundeshaus-1024x437.png 1024w, https:\/\/sts-psa.ch\/app\/uploads\/2023\/11\/Bundeshaus-768x328.png 768w\" sizes=\"auto, (max-width: 1034px) 100vw, 1034px\" \/><div class=\"wp-block-cover__inner-container is-layout-flow wp-block-cover-is-layout-flow\">\n<h2 class=\"wp-block-heading has-text-align-center has-background-color has-text-color\" id=\"h-\"><\/h2>\n<\/div><\/div>\n\n\n<div class=\"yoast-breadcrumbs\"><span><span><a href=\"https:\/\/tierschutz.com\/fr\/\">Page d\u2019accueil<\/a><\/span> \u00bb <span><a href=\"https:\/\/tierschutz.com\/fr\/protection-des-animaux\/\">Protection des animaux\u00a0<\/a><\/span> \u00bb <span><a href=\"https:\/\/mail.protezione-animali-psa.ch\/fr\/protection-des-animaux\/politique\/\">Politique<\/a><\/span> \u00bb <span class=\"breadcrumb_last\" aria-current=\"page\">Groupe parlementaire sur la protection des animaux<\/span><\/span><\/div>\n\n\n<div class=\"wp-block-group alignfull has-background-background-color has-background is-layout-constrained wp-block-group-is-layout-constrained\">\n<h2 class=\"wp-block-heading has-text-align-center\" id=\"h-groupe-parlementaire-sur-la-protection-des-animaux\"><strong>Groupe parlementaire sur la protection des animaux<\/strong><\/h2>\n\n\n\n<hr class=\"wp-block-separator has-text-color has-primary-color has-alpha-channel-opacity has-primary-background-color has-background\"\/>\n\n\n\n<p class=\"has-text-align-center has-large-font-size\">Le groupe parlementaire pour la protection des animaux existe depuis quelques ann\u00e9es. Ces derni\u00e8res ann\u00e9es, il a gagn\u00e9 en importance dans le contexte des exigences croissantes de la soci\u00e9t\u00e9 en mati\u00e8re d&#8217;\u00e9thique animale. Cela se refl\u00e8te \u00e9galement dans les nombreuses interventions sur le bien-\u00eatre animal au sein de notre Parlement. Dans ce contexte, environ deux manifestations sont organis\u00e9es chaque ann\u00e9e sur des th\u00e8mes d&#8217;actualit\u00e9 dans les domaines des animaux de rente, des animaux domestiques, des animaux sauvages ou des animaux de laboratoire.<\/p>\n\n\n\n<p class=\"has-text-align-center\">Co-pr\u00e9sidente : CN Anna Giacometti (2<sup>e<\/sup> si\u00e8ge de la pr\u00e9sidence actuellement vacant)<\/p>\n\n\n\n<p class=\"has-text-align-center\">Secr\u00e9tariat: Protection suisse des animaux PSA, t\u00e9l. 058 510 64 00, sts@tierschutz.com<\/p>\n<\/div>\n\n\n\n<div class=\"wp-block-media-text alignwide is-stacked-on-mobile is-vertically-aligned-center is-image-fill-element\"><figure class=\"wp-block-media-text__media\"><img loading=\"lazy\" decoding=\"async\" width=\"1024\" height=\"683\" src=\"https:\/\/tierschutz.com\/app\/uploads\/2023\/11\/6580_003-1024x683.jpg\" alt=\"\" class=\"wp-image-13105 size-full\" style=\"object-position:50% 50%\" srcset=\"https:\/\/sts-psa.ch\/app\/uploads\/2023\/11\/6580_003-1024x683.jpg 1024w, https:\/\/sts-psa.ch\/app\/uploads\/2023\/11\/6580_003-300x200.jpg 300w, https:\/\/sts-psa.ch\/app\/uploads\/2023\/11\/6580_003-768x512.jpg 768w, https:\/\/sts-psa.ch\/app\/uploads\/2023\/11\/6580_003-1536x1024.jpg 1536w, https:\/\/sts-psa.ch\/app\/uploads\/2023\/11\/6580_003.jpg 1800w\" sizes=\"auto, (max-width: 1024px) 100vw, 1024px\" \/><\/figure><div class=\"wp-block-media-text__content\">\n<div class=\"wp-block-group is-style-shadow-box has-background-background-color has-background is-layout-constrained wp-block-group-is-layout-constrained\">\n<h3 class=\"wp-block-heading\" id=\"h-enregistrement-pour-le-groupe-parlementaire-protection-des-animaux-selon-l-art-63-lparl\" style=\"font-style:normal;font-weight:700\">Enregistrement pour le groupe parlementaire Protection des animaux selon l&#8217;art. 63 LParl<\/h3>\n\n\n\n<p>Les parlementaires f\u00e9d\u00e9raux peuvent s&#8217;inscrire ici au groupe parlementaire pour la protection des animaux.<\/p>\n\n\n\n<div class=\"wp-block-contact-form-7-contact-form-selector\"><p class=\"wpcf7-contact-form-not-found\"><strong>Erreur\u00a0:<\/strong> Formulaire de contact non trouv\u00e9\u00a0!<\/p><\/div>\n<\/div>\n<\/div><\/div>\n","protected":false},"excerpt":{"rendered":"<p>Les parlementaires f\u00e9d\u00e9raux peuvent s&#8217;inscrire ici au groupe parlementaire pour la protection des animaux.<\/p>\n","protected":false},"author":5,"featured_media":13102,"parent":4575,"menu_order":302,"comment_status":"closed","ping_status":"closed","template":"","meta":{"_acf_changed":false,"inline_featured_image":false,"_vp_format_video_url":"","_vp_image_focal_point":[],"footnotes":""},"class_list":["post-13113","page","type-page","status-publish","has-post-thumbnail","hentry"],"acf":[],"yoast_head":"<!-- This site is optimized with the Yoast SEO Premium plugin v27.4 (Yoast SEO v27.4) - https:\/\/yoast.com\/product\/yoast-seo-premium-wordpress\/ -->\n<title>Groupe parlementaire sur la protection des animaux - Protection Suisse des Animaux PSA<\/title>\n<meta name=\"robots\" content=\"index, follow, max-snippet:-1, max-image-preview:large, max-video-preview:-1\" \/>\n<link rel=\"canonical\" href=\"https:\/\/sts-psa.ch\/fr\/protection-des-animaux\/politique\/groupe-parlementaire-sur-la-protection-des-animaux\/\" \/>\n<meta property=\"og:locale\" content=\"fr_FR\" \/>\n<meta property=\"og:type\" content=\"article\" \/>\n<meta property=\"og:title\" content=\"Groupe parlementaire sur la protection des animaux\" \/>\n<meta property=\"og:description\" content=\"Les parlementaires f\u00e9d\u00e9raux peuvent s&#039;inscrire ici au groupe parlementaire pour la protection des animaux.\" \/>\n<meta property=\"og:url\" content=\"https:\/\/sts-psa.ch\/fr\/protection-des-animaux\/politique\/groupe-parlementaire-sur-la-protection-des-animaux\/\" \/>\n<meta property=\"og:site_name\" content=\"Protection Suisse des Animaux PSA\" \/>\n<meta property=\"article:publisher\" content=\"https:\/\/www.facebook.com\/schweizertierschutz\/\" \/>\n<meta property=\"article:modified_time\" content=\"2026-02-16T10:34:46+00:00\" \/>\n<meta property=\"og:image\" content=\"https:\/\/mail.schweizertierschutz.ch\/app\/uploads\/2023\/11\/Bundeshaus.png\" \/>\n\t<meta property=\"og:image:width\" content=\"1034\" \/>\n\t<meta property=\"og:image:height\" content=\"441\" \/>\n\t<meta property=\"og:image:type\" content=\"image\/png\" \/>\n<meta name=\"twitter:card\" content=\"summary_large_image\" \/>\n<meta name=\"twitter:label1\" content=\"Dur\u00e9e de lecture estim\u00e9e\" \/>\n\t<meta name=\"twitter:data1\" content=\"2 minutes\" \/>\n<script type=\"application\/ld+json\" class=\"yoast-schema-graph\">{\"@context\":\"https:\\\/\\\/schema.org\",\"@graph\":[{\"@type\":\"WebPage\",\"@id\":\"https:\\\/\\\/sts-psa.ch\\\/fr\\\/protection-des-animaux\\\/politique\\\/groupe-parlementaire-sur-la-protection-des-animaux\\\/\",\"url\":\"https:\\\/\\\/sts-psa.ch\\\/fr\\\/protection-des-animaux\\\/politique\\\/groupe-parlementaire-sur-la-protection-des-animaux\\\/\",\"name\":\"Groupe parlementaire sur la protection des animaux - Protection Suisse des Animaux PSA\",\"isPartOf\":{\"@id\":\"https:\\\/\\\/tierschutz.com\\\/fr\\\/#website\"},\"primaryImageOfPage\":{\"@id\":\"https:\\\/\\\/sts-psa.ch\\\/fr\\\/protection-des-animaux\\\/politique\\\/groupe-parlementaire-sur-la-protection-des-animaux\\\/#primaryimage\"},\"image\":{\"@id\":\"https:\\\/\\\/sts-psa.ch\\\/fr\\\/protection-des-animaux\\\/politique\\\/groupe-parlementaire-sur-la-protection-des-animaux\\\/#primaryimage\"},\"thumbnailUrl\":\"https:\\\/\\\/sts-psa.ch\\\/app\\\/uploads\\\/2023\\\/11\\\/Bundeshaus.png\",\"datePublished\":\"2023-11-30T14:16:30+00:00\",\"dateModified\":\"2026-02-16T10:34:46+00:00\",\"breadcrumb\":{\"@id\":\"https:\\\/\\\/sts-psa.ch\\\/fr\\\/protection-des-animaux\\\/politique\\\/groupe-parlementaire-sur-la-protection-des-animaux\\\/#breadcrumb\"},\"inLanguage\":\"fr-FR\",\"potentialAction\":[{\"@type\":\"ReadAction\",\"target\":[\"https:\\\/\\\/sts-psa.ch\\\/fr\\\/protection-des-animaux\\\/politique\\\/groupe-parlementaire-sur-la-protection-des-animaux\\\/\"]}]},{\"@type\":\"ImageObject\",\"inLanguage\":\"fr-FR\",\"@id\":\"https:\\\/\\\/sts-psa.ch\\\/fr\\\/protection-des-animaux\\\/politique\\\/groupe-parlementaire-sur-la-protection-des-animaux\\\/#primaryimage\",\"url\":\"https:\\\/\\\/sts-psa.ch\\\/app\\\/uploads\\\/2023\\\/11\\\/Bundeshaus.png\",\"contentUrl\":\"https:\\\/\\\/sts-psa.ch\\\/app\\\/uploads\\\/2023\\\/11\\\/Bundeshaus.png\",\"width\":1034,\"height\":441},{\"@type\":\"BreadcrumbList\",\"@id\":\"https:\\\/\\\/sts-psa.ch\\\/fr\\\/protection-des-animaux\\\/politique\\\/groupe-parlementaire-sur-la-protection-des-animaux\\\/#breadcrumb\",\"itemListElement\":[{\"@type\":\"ListItem\",\"position\":1,\"name\":\"Page d\u2019accueil\",\"item\":\"https:\\\/\\\/tierschutz.com\\\/fr\\\/\"},{\"@type\":\"ListItem\",\"position\":2,\"name\":\"Protection des animaux\u00a0\",\"item\":\"https:\\\/\\\/tierschutz.com\\\/fr\\\/protection-des-animaux\\\/\"},{\"@type\":\"ListItem\",\"position\":3,\"name\":\"Politique\",\"item\":\"https:\\\/\\\/mail.protezione-animali-psa.ch\\\/fr\\\/protection-des-animaux\\\/politique\\\/\"},{\"@type\":\"ListItem\",\"position\":4,\"name\":\"Groupe parlementaire sur la protection des animaux\"}]},{\"@type\":\"WebSite\",\"@id\":\"https:\\\/\\\/tierschutz.com\\\/fr\\\/#website\",\"url\":\"https:\\\/\\\/tierschutz.com\\\/fr\\\/\",\"name\":\"tierschutz.com\",\"description\":\"Wir setzen uns f\u00fcr das Wohl der Tiere ein.\",\"publisher\":{\"@id\":\"https:\\\/\\\/tierschutz.com\\\/fr\\\/#organization\"},\"alternateName\":\"Schweizer Tierschutz STS\",\"potentialAction\":[{\"@type\":\"SearchAction\",\"target\":{\"@type\":\"EntryPoint\",\"urlTemplate\":\"https:\\\/\\\/tierschutz.com\\\/fr\\\/?s={search_term_string}\"},\"query-input\":{\"@type\":\"PropertyValueSpecification\",\"valueRequired\":true,\"valueName\":\"search_term_string\"}}],\"inLanguage\":\"fr-FR\"},{\"@type\":\"Organization\",\"@id\":\"https:\\\/\\\/tierschutz.com\\\/fr\\\/#organization\",\"name\":\"Schweizer Tierschutz STS\",\"alternateName\":\"STS\",\"url\":\"https:\\\/\\\/tierschutz.com\\\/fr\\\/\",\"logo\":{\"@type\":\"ImageObject\",\"inLanguage\":\"fr-FR\",\"@id\":\"https:\\\/\\\/tierschutz.com\\\/fr\\\/#\\\/schema\\\/logo\\\/image\\\/\",\"url\":\"https:\\\/\\\/sts-psa.ch\\\/app\\\/uploads\\\/2024\\\/04\\\/logo-schweizer-tierschutz-sts-1.svg\",\"contentUrl\":\"https:\\\/\\\/sts-psa.ch\\\/app\\\/uploads\\\/2024\\\/04\\\/logo-schweizer-tierschutz-sts-1.svg\",\"caption\":\"Schweizer Tierschutz STS\"},\"image\":{\"@id\":\"https:\\\/\\\/tierschutz.com\\\/fr\\\/#\\\/schema\\\/logo\\\/image\\\/\"},\"sameAs\":[\"https:\\\/\\\/www.facebook.com\\\/schweizertierschutz\\\/\",\"https:\\\/\\\/www.instagram.com\\\/schweizertierschutzsts\\\/\",\"https:\\\/\\\/www.youtube.com\\\/@STS_Tierschutz\",\"https:\\\/\\\/www.linkedin.com\\\/company\\\/schweizertierschutzsts\\\/\"],\"description\":\"Der Schweizer Tierschutz STS ist der Dachverband von 71 Tierschutzorganisationen in allen Sprachregionen der Schweiz und in Liechtenstein. Seine Mitarbeitenden leisten wissenschaftlich fundierte Grundlagenarbeit, setzen sich mit Projekten und Aktionen f\u00fcr den Schutz und das Wohlbefinden von Heim-, Wild-, Nutz- und Versuchstieren ein und sensibilisieren die \u00d6ffentlichkeit f\u00fcr Tierschutzthemen.\",\"email\":\"sts@tierschutz.com\",\"telephone\":\"061 365 99 99\",\"legalName\":\"Schweizer Tierschutz STS\"}]}<\/script>\n<!-- \/ Yoast SEO Premium plugin. -->","yoast_head_json":{"title":"Groupe parlementaire sur la protection des animaux - Protection Suisse des Animaux PSA","robots":{"index":"index","follow":"follow","max-snippet":"max-snippet:-1","max-image-preview":"max-image-preview:large","max-video-preview":"max-video-preview:-1"},"canonical":"https:\/\/sts-psa.ch\/fr\/protection-des-animaux\/politique\/groupe-parlementaire-sur-la-protection-des-animaux\/","og_locale":"fr_FR","og_type":"article","og_title":"Groupe parlementaire sur la protection des animaux","og_description":"Les parlementaires f\u00e9d\u00e9raux peuvent s'inscrire ici au groupe parlementaire pour la protection des animaux.","og_url":"https:\/\/sts-psa.ch\/fr\/protection-des-animaux\/politique\/groupe-parlementaire-sur-la-protection-des-animaux\/","og_site_name":"Protection Suisse des Animaux PSA","article_publisher":"https:\/\/www.facebook.com\/schweizertierschutz\/","article_modified_time":"2026-02-16T10:34:46+00:00","og_image":[{"width":1034,"height":441,"url":"https:\/\/mail.schweizertierschutz.ch\/app\/uploads\/2023\/11\/Bundeshaus.png","type":"image\/png"}],"twitter_card":"summary_large_image","twitter_misc":{"Dur\u00e9e de lecture estim\u00e9e":"2 minutes"},"schema":{"@context":"https:\/\/schema.org","@graph":[{"@type":"WebPage","@id":"https:\/\/sts-psa.ch\/fr\/protection-des-animaux\/politique\/groupe-parlementaire-sur-la-protection-des-animaux\/","url":"https:\/\/sts-psa.ch\/fr\/protection-des-animaux\/politique\/groupe-parlementaire-sur-la-protection-des-animaux\/","name":"Groupe parlementaire sur la protection des animaux - Protection Suisse des Animaux PSA","isPartOf":{"@id":"https:\/\/tierschutz.com\/fr\/#website"},"primaryImageOfPage":{"@id":"https:\/\/sts-psa.ch\/fr\/protection-des-animaux\/politique\/groupe-parlementaire-sur-la-protection-des-animaux\/#primaryimage"},"image":{"@id":"https:\/\/sts-psa.ch\/fr\/protection-des-animaux\/politique\/groupe-parlementaire-sur-la-protection-des-animaux\/#primaryimage"},"thumbnailUrl":"https:\/\/sts-psa.ch\/app\/uploads\/2023\/11\/Bundeshaus.png","datePublished":"2023-11-30T14:16:30+00:00","dateModified":"2026-02-16T10:34:46+00:00","breadcrumb":{"@id":"https:\/\/sts-psa.ch\/fr\/protection-des-animaux\/politique\/groupe-parlementaire-sur-la-protection-des-animaux\/#breadcrumb"},"inLanguage":"fr-FR","potentialAction":[{"@type":"ReadAction","target":["https:\/\/sts-psa.ch\/fr\/protection-des-animaux\/politique\/groupe-parlementaire-sur-la-protection-des-animaux\/"]}]},{"@type":"ImageObject","inLanguage":"fr-FR","@id":"https:\/\/sts-psa.ch\/fr\/protection-des-animaux\/politique\/groupe-parlementaire-sur-la-protection-des-animaux\/#primaryimage","url":"https:\/\/sts-psa.ch\/app\/uploads\/2023\/11\/Bundeshaus.png","contentUrl":"https:\/\/sts-psa.ch\/app\/uploads\/2023\/11\/Bundeshaus.png","width":1034,"height":441},{"@type":"BreadcrumbList","@id":"https:\/\/sts-psa.ch\/fr\/protection-des-animaux\/politique\/groupe-parlementaire-sur-la-protection-des-animaux\/#breadcrumb","itemListElement":[{"@type":"ListItem","position":1,"name":"Page d\u2019accueil","item":"https:\/\/tierschutz.com\/fr\/"},{"@type":"ListItem","position":2,"name":"Protection des animaux\u00a0","item":"https:\/\/tierschutz.com\/fr\/protection-des-animaux\/"},{"@type":"ListItem","position":3,"name":"Politique","item":"https:\/\/mail.protezione-animali-psa.ch\/fr\/protection-des-animaux\/politique\/"},{"@type":"ListItem","position":4,"name":"Groupe parlementaire sur la protection des animaux"}]},{"@type":"WebSite","@id":"https:\/\/tierschutz.com\/fr\/#website","url":"https:\/\/tierschutz.com\/fr\/","name":"tierschutz.com","description":"Wir setzen uns f\u00fcr das Wohl der Tiere ein.","publisher":{"@id":"https:\/\/tierschutz.com\/fr\/#organization"},"alternateName":"Schweizer Tierschutz STS","potentialAction":[{"@type":"SearchAction","target":{"@type":"EntryPoint","urlTemplate":"https:\/\/tierschutz.com\/fr\/?s={search_term_string}"},"query-input":{"@type":"PropertyValueSpecification","valueRequired":true,"valueName":"search_term_string"}}],"inLanguage":"fr-FR"},{"@type":"Organization","@id":"https:\/\/tierschutz.com\/fr\/#organization","name":"Schweizer Tierschutz STS","alternateName":"STS","url":"https:\/\/tierschutz.com\/fr\/","logo":{"@type":"ImageObject","inLanguage":"fr-FR","@id":"https:\/\/tierschutz.com\/fr\/#\/schema\/logo\/image\/","url":"https:\/\/sts-psa.ch\/app\/uploads\/2024\/04\/logo-schweizer-tierschutz-sts-1.svg","contentUrl":"https:\/\/sts-psa.ch\/app\/uploads\/2024\/04\/logo-schweizer-tierschutz-sts-1.svg","caption":"Schweizer Tierschutz STS"},"image":{"@id":"https:\/\/tierschutz.com\/fr\/#\/schema\/logo\/image\/"},"sameAs":["https:\/\/www.facebook.com\/schweizertierschutz\/","https:\/\/www.instagram.com\/schweizertierschutzsts\/","https:\/\/www.youtube.com\/@STS_Tierschutz","https:\/\/www.linkedin.com\/company\/schweizertierschutzsts\/"],"description":"Der Schweizer Tierschutz STS ist der Dachverband von 71 Tierschutzorganisationen in allen Sprachregionen der Schweiz und in Liechtenstein. Seine Mitarbeitenden leisten wissenschaftlich fundierte Grundlagenarbeit, setzen sich mit Projekten und Aktionen f\u00fcr den Schutz und das Wohlbefinden von Heim-, Wild-, Nutz- und Versuchstieren ein und sensibilisieren die \u00d6ffentlichkeit f\u00fcr Tierschutzthemen.","email":"sts@tierschutz.com","telephone":"061 365 99 99","legalName":"Schweizer Tierschutz STS"}]}},"_links":{"self":[{"href":"https:\/\/sts-psa.ch\/fr\/wp-json\/wp\/v2\/pages\/13113","targetHints":{"allow":["GET"]}}],"collection":[{"href":"https:\/\/sts-psa.ch\/fr\/wp-json\/wp\/v2\/pages"}],"about":[{"href":"https:\/\/sts-psa.ch\/fr\/wp-json\/wp\/v2\/types\/page"}],"author":[{"embeddable":true,"href":"https:\/\/sts-psa.ch\/fr\/wp-json\/wp\/v2\/users\/5"}],"replies":[{"embeddable":true,"href":"https:\/\/sts-psa.ch\/fr\/wp-json\/wp\/v2\/comments?post=13113"}],"version-history":[{"count":4,"href":"https:\/\/sts-psa.ch\/fr\/wp-json\/wp\/v2\/pages\/13113\/revisions"}],"predecessor-version":[{"id":36241,"href":"https:\/\/sts-psa.ch\/fr\/wp-json\/wp\/v2\/pages\/13113\/revisions\/36241"}],"up":[{"embeddable":true,"href":"https:\/\/sts-psa.ch\/fr\/wp-json\/wp\/v2\/pages\/4575"}],"wp:featuredmedia":[{"embeddable":true,"href":"https:\/\/sts-psa.ch\/fr\/wp-json\/wp\/v2\/media\/13102"}],"wp:attachment":[{"href":"https:\/\/sts-psa.ch\/fr\/wp-json\/wp\/v2\/media?parent=13113"}],"curies":[{"name":"wp","href":"https:\/\/api.w.org\/{rel}","templated":true}]}}