{"id":4472,"date":"2023-05-04T15:15:00","date_gmt":"2023-05-04T13:15:00","guid":{"rendered":"https:\/\/dev.tierschutz.com\/?page_id=4472"},"modified":"2024-04-23T13:36:42","modified_gmt":"2024-04-23T11:36:42","slug":"don-lors-de-funerailles","status":"publish","type":"page","link":"https:\/\/sts-psa.ch\/fr\/protection-des-animaux\/dons\/don-lors-de-funerailles\/","title":{"rendered":"Don lors de fun\u00e9railles"},"content":{"rendered":"\n<div class=\"wp-block-cover alignfull is-light\"><span aria-hidden=\"true\" class=\"wp-block-cover__background has-foreground-background-color has-background-dim-20 has-background-dim\"><\/span><img loading=\"lazy\" decoding=\"async\" width=\"2560\" height=\"1709\" class=\"wp-block-cover__image-background wp-image-3706\" alt=\"\" src=\"https:\/\/tierschutz.com\/app\/uploads\/2023\/06\/sts-trauerspende-scaled.jpg\" style=\"object-position:52% 13%\" data-object-fit=\"cover\" data-object-position=\"52% 13%\" srcset=\"https:\/\/sts-psa.ch\/app\/uploads\/2023\/06\/sts-trauerspende-scaled.jpg 2560w, https:\/\/sts-psa.ch\/app\/uploads\/2023\/06\/sts-trauerspende-300x200.jpg 300w, https:\/\/sts-psa.ch\/app\/uploads\/2023\/06\/sts-trauerspende-1024x684.jpg 1024w, https:\/\/sts-psa.ch\/app\/uploads\/2023\/06\/sts-trauerspende-768x513.jpg 768w, https:\/\/sts-psa.ch\/app\/uploads\/2023\/06\/sts-trauerspende-1536x1025.jpg 1536w, https:\/\/sts-psa.ch\/app\/uploads\/2023\/06\/sts-trauerspende-2048x1367.jpg 2048w\" sizes=\"auto, (max-width: 2560px) 100vw, 2560px\" \/><div class=\"wp-block-cover__inner-container is-layout-flow wp-block-cover-is-layout-flow\">\n<h2 class=\"wp-block-heading has-text-align-center has-background-color has-text-color\"><strong>Don lors de fun\u00e9railles<\/strong><\/h2>\n<\/div><\/div>\n\n\n\n<div class=\"wp-block-group alignfull anchor-bar has-lightgray-background-color has-background is-layout-constrained wp-block-group-is-layout-constrained\">\n<div class=\"wp-block-group is-content-justification-space-between is-layout-flex wp-container-core-group-is-layout-9366075c wp-block-group-is-layout-flex\">\n<p class=\"has-large-font-size\"><strong><strong><a href=\"#funerailles\">Don lors de fun\u00e9railles<\/a><\/strong><\/strong><\/p>\n\n\n\n<p class=\"has-large-font-size\"><strong><a href=\"#procedure\">La proc\u00e9dure<\/a><\/strong><\/p>\n\n\n\n<p class=\"has-large-font-size\"><strong><a href=\"#contact\">Contact<\/a><\/strong><\/p>\n<\/div>\n<\/div>\n\n\n\n<div class=\"wp-block-group alignfull is-style-default has-background-background-color has-background is-layout-constrained wp-block-group-is-layout-constrained\" id=\"funerailles\"><div class=\"yoast-breadcrumbs\"><span><span><a href=\"https:\/\/mail.schweizer-tierschutz.ch\/fr\/\">Page d\u2019accueil<\/a><\/span> \u00bb <span><a href=\"https:\/\/mail.protezione-animali-psa.ch\/fr\/protection-des-animaux\/\">Protection des animaux\u00a0<\/a><\/span> \u00bb <span><a href=\"https:\/\/tierschutz.com\/fr\/protection-des-animaux\/dons\/\">Dons<\/a><\/span> \u00bb <span class=\"breadcrumb_last\" aria-current=\"page\">Don lors de fun\u00e9railles<\/span><\/span><\/div>\n\n\n<h1 class=\"wp-block-heading has-text-align-center\"><strong><strong>Dons de condol\u00e9ances pour la Protection des animaux&nbsp;<\/strong><\/strong><\/h1>\n\n\n\n<hr class=\"wp-block-separator has-text-color has-primary-color has-alpha-channel-opacity has-primary-background-color has-background\"\/>\n\n\n\n<p class=\"has-text-align-center\">\u00abFaire le bien en m\u00e9moire\u00bb \u2014 tel est le souhait formul\u00e9 de leur vivant par nombre de personnes d\u00e9c\u00e9d\u00e9es ou par celles qui leur survivent. En faisant un don de condol\u00e9ances \u00e0 la Protection Suisse des Animaux PSA, vous envoyez un signal particulier et vous vous montrez solidaire des animaux en d\u00e9tresse.<\/p>\n\n\n\n<div class=\"wp-block-buttons is-content-justification-center is-layout-flex wp-container-core-buttons-is-layout-a89b3969 wp-block-buttons-is-layout-flex\">\n<div class=\"wp-block-button\"><a class=\"wp-block-button__link has-text-align-center wp-element-button\" href=\"https:\/\/tierschutz.com\/fr\/protection-des-animaux\/dons\/dons\/\">Dons<\/a><\/div>\n<\/div>\n\n\n\n<p class=\"has-text-align-center\"><\/p>\n<\/div>\n\n\n\n<div class=\"wp-block-media-text alignwide is-stacked-on-mobile is-vertically-aligned-center\"><figure class=\"wp-block-media-text__media\"><img loading=\"lazy\" decoding=\"async\" width=\"1024\" height=\"683\" src=\"https:\/\/tierschutz.com\/app\/uploads\/2023\/06\/sts-trauerspende-vorgehen-1024x683.jpg\" alt=\"\" class=\"wp-image-3710 size-full\" srcset=\"https:\/\/sts-psa.ch\/app\/uploads\/2023\/06\/sts-trauerspende-vorgehen-1024x683.jpg 1024w, https:\/\/sts-psa.ch\/app\/uploads\/2023\/06\/sts-trauerspende-vorgehen-300x200.jpg 300w, https:\/\/sts-psa.ch\/app\/uploads\/2023\/06\/sts-trauerspende-vorgehen-768x512.jpg 768w, https:\/\/sts-psa.ch\/app\/uploads\/2023\/06\/sts-trauerspende-vorgehen-1536x1024.jpg 1536w, https:\/\/sts-psa.ch\/app\/uploads\/2023\/06\/sts-trauerspende-vorgehen-2048x1365.jpg 2048w\" sizes=\"auto, (max-width: 1024px) 100vw, 1024px\" \/><\/figure><div class=\"wp-block-media-text__content\">\n<div id=\"procedure\" class=\"wp-block-group is-style-shadow-box has-background-background-color has-background is-layout-constrained wp-block-group-is-layout-constrained\">\n<h3 class=\"wp-block-heading\" id=\"dons\"><strong><strong><strong>Quelle est la d\u00e9marche \u00e0 suivre pour effectuer un don de condol\u00e9ances en faveur de la Protection Suisse des Animaux PSA?&nbsp;<\/strong><\/strong><\/strong><\/h3>\n\n\n\n<ol class=\"wp-block-list\">\n<li>Merci de nous contacter par courriel ou par t\u00e9l\u00e9phone pour pouvoir attribuer correctement le don de condol\u00e9ances: nous avons besoin des nom et adresse de la personne d\u00e9c\u00e9d\u00e9e pour pouvoir l\u2019effacer de notre base de donn\u00e9es au cas o\u00f9 elle y aurait \u00e9t\u00e9 inscrite.<\/li>\n<\/ol>\n\n\n\n<ol class=\"wp-block-list\" start=\"2\">\n<li>Merci de nous communiquer \u00e9galement l\u2019adresse de la famille du d\u00e9funt afin que nous puissions vous envoyer un aper\u00e7u des dons re\u00e7us.<\/li>\n<\/ol>\n\n\n\n<ol class=\"wp-block-list\" start=\"3\">\n<li>Dans le faire-part de deuil, indiquez le compte de dons de la PSA, avec la mention: \u00abEn m\u00e9moire de (nom de la personne d\u00e9c\u00e9d\u00e9e)\u00bb<\/li>\n<\/ol>\n<\/div>\n<\/div><\/div>\n\n\n\n<div class=\"wp-block-group alignfull has-background-background-color has-background is-layout-constrained wp-block-group-is-layout-constrained\">\n<div class=\"wp-block-group is-layout-flex wp-container-core-group-is-layout-d0921e6e wp-block-group-is-layout-flex\">\n<div id=\"vermerk\" class=\"wp-block-group is-style-shadow-box has-background-background-color has-background is-layout-constrained wp-block-group-is-layout-constrained\">\n<h3 class=\"wp-block-heading\"><strong><strong><strong>Exemple de mention d\u2019un don de condol\u00e9ances dans un faire-part de deuil:<\/strong><\/strong><\/strong><\/h3>\n\n\n\n<div style=\"height:15px\" aria-hidden=\"true\" class=\"wp-block-spacer\"><\/div>\n\n\n\n<blockquote class=\"wp-block-quote is-layout-flow wp-block-quote-is-layout-flow\">\n<p><mark style=\"background-color:rgba(0, 0, 0, 0)\" class=\"has-inline-color has-secondary-color\">\u00abEn m\u00e9moire du d\u00e9funt\/de la d\u00e9funte, nous vous remercions, en lieu et place de fleurs, de bien vouloir faire un don \u00e0 la Protection Suisse des Animaux PSA<br>sur le compte n\u00b0: 40-33680-3, IBAN: CH16 0900 0000 4003 3680 3, Mention: Deuil \u00abPr\u00e9nom + Nom de la personne d\u00e9c\u00e9d\u00e9e\u00bb<\/mark><\/p>\n<\/blockquote>\n\n\n\n<p class=\"has-text-align-left\">Les dons de condol\u00e9ances peuvent aussi \u00eatre effectu\u00e9s en ligne.<br>Merci d\u2019indiquer dans le champ \u00abObjet du don\u00bb le nom de la personne d\u00e9c\u00e9d\u00e9e&nbsp;<\/p>\n\n\n\n<div class=\"wp-block-buttons is-layout-flex wp-block-buttons-is-layout-flex\">\n<div class=\"wp-block-button\"><a class=\"wp-block-button__link wp-element-button\">vers le don en ligne<\/a><\/div>\n<\/div>\n<\/div>\n\n\n\n<div class=\"wp-block-group is-style-shadow-box has-background-background-color has-background is-layout-constrained wp-block-group-is-layout-constrained\">\n<h3 class=\"wp-block-heading\"><strong>Bulletin de versement<\/strong><\/h3>\n\n\n\n<p>Les dons de condol\u00e9ances peuvent aussi \u00eatre effectu\u00e9s en ligne. Merci d\u2019indiquer dans le champ \u00abObjet du don\u00bb le nom de la personne d\u00e9c\u00e9d\u00e9e&nbsp;<\/p>\n\n\n\n<p>Nous tenons \u00e0 votre disposition des bulletins de versement avec code QR comportant l\u2019objet du don imprim\u00e9. Envoyez-nous un courriel \u00e0 l\u2019adresse: psa@protection-animaux.com&nbsp;<\/p>\n\n\n<div class=\"wp-block-file-wrapper is-pdf\" data-filetype=\"PDF\" data-size=\"204 Ko\">\n<div class=\"wp-block-file\"><a id=\"wp-block-file--media-9265aa7a-6083-4c20-a750-9283daac3d3f\" href=\"https:\/\/tierschutz.com\/app\/uploads\/2023\/06\/STS_QR_Rechnung_Spende_allgemein.pdf\">Bulletin de versement<\/a><a href=\"https:\/\/tierschutz.com\/app\/uploads\/2023\/06\/STS_QR_Rechnung_Spende_allgemein.pdf\" class=\"wp-block-file__button wp-element-button\" download aria-describedby=\"wp-block-file--media-9265aa7a-6083-4c20-a750-9283daac3d3f\">T\u00e9l\u00e9charger<\/a><\/div>\n<\/div><\/div>\n\n\n\n<div class=\"wp-block-group is-style-shadow-box has-background-background-color has-background is-layout-constrained wp-block-group-is-layout-constrained\">\n<h3 class=\"wp-block-heading\"><strong>Souhaitez-vous offrir la qu\u00eate \u00e0 la PSA?<\/strong><\/h3>\n\n\n\n<p>Merci de nous indiquer votre souhait lors de l\u2019entretien pr\u00e9paratoire de l\u2019enterrement ou de la c\u00e9r\u00e9monie fun\u00e8bre. L\u2019administration de la paroisse transf\u00e9rera les sommes collect\u00e9es \u00e0 la Protection Suisse des Animaux PSA. Nous vous remercions d\u2019indiquer dans la mention du paiement l\u2019adresse de la famille du d\u00e9funt et le nom de la personne d\u00e9c\u00e9d\u00e9e.<\/p>\n<\/div>\n\n\n\n<div class=\"wp-block-group is-style-shadow-box has-background-background-color has-background is-layout-constrained wp-block-group-is-layout-constrained\">\n<h3 class=\"wp-block-heading\"><strong>Compte:<\/strong><\/h3>\n\n\n\n<p>Protection Suisse des Animaux PSA<br>40-33680-3<br>IBAN: CH16 0900 0000 4003 3680 3<\/p>\n\n\n\n<p>La Protection Suisse des Animaux PSA est reconnue comme institution d\u2019utilit\u00e9 publique. Les dons de toutes natures, ainsi que les dons de condol\u00e9ances, sont d\u00e9ductibles dans le cadre de la fiscalit\u00e9 cantonale.<\/p>\n<\/div>\n<\/div>\n<\/div>\n\n\n\n<div id=\"contact\" class=\"wp-block-group is-layout-constrained wp-block-group-is-layout-constrained\">\n<h2 class=\"wp-block-heading has-text-align-center\" id=\"h-avez-vous-d-autres-questions\"><strong><strong>Avez-vous d\u2019autres questions?<\/strong><\/strong><\/h2>\n\n\n\n<hr class=\"wp-block-separator has-text-color has-primary-color has-alpha-channel-opacity has-primary-background-color has-background\"\/>\n\n\n\n<div class=\"wp-block-media-text is-stacked-on-mobile is-image-fill-element is-style-shadow is-contact\" style=\"grid-template-columns:40% auto\"><figure class=\"wp-block-media-text__media\"><img decoding=\"async\" src=\"https:\/\/tierschutz.com\/app\/uploads\/2023\/06\/sts-logo-1.jpg\" alt=\"Schweizer Tierschutz Logo\" class=\"wp-image-5674 size-full\" style=\"object-position:50% 50%\"\/><\/figure><div class=\"wp-block-media-text__content\">\n<h3 class=\"wp-block-heading\" id=\"h-protection-suisse-des-animaux-psa\"><strong><strong>Protection Suisse <\/strong><\/strong><br><strong><strong>des Animaux PSA<\/strong><\/strong><\/h3>\n\n\n\n<p><a href=\"tel:+41585106400\">058 510 64 00<\/a><\/p>\n\n\n\n<p><a href=\"mailto:media@tierschutz.com\">sts@tierschutz.com<\/a><\/p>\n<\/div><\/div>\n\n\n\n<div style=\"height:42px\" aria-hidden=\"true\" class=\"wp-block-spacer\"><\/div>\n<\/div>\n","protected":false},"excerpt":{"rendered":"<p>Don lors de fun\u00e9railles La proc\u00e9dure Contact Dons de condol\u00e9ances pour la Protection des animaux&nbsp; \u00abFaire le bien en m\u00e9moire\u00bb [&hellip;]<\/p>\n","protected":false},"author":5,"featured_media":0,"parent":4296,"menu_order":323,"comment_status":"closed","ping_status":"closed","template":"","meta":{"_acf_changed":false,"inline_featured_image":false,"_vp_format_video_url":"","_vp_image_focal_point":[],"footnotes":""},"class_list":["post-4472","page","type-page","status-publish","hentry"],"acf":[],"yoast_head":"<!-- This site is optimized with the Yoast SEO Premium plugin v27.4 (Yoast SEO v27.4) - https:\/\/yoast.com\/product\/yoast-seo-premium-wordpress\/ -->\n<title>Don lors de fun\u00e9railles - Protection Suisse des Animaux PSA<\/title>\n<meta name=\"robots\" content=\"index, follow, max-snippet:-1, max-image-preview:large, max-video-preview:-1\" \/>\n<link rel=\"canonical\" href=\"https:\/\/sts-psa.ch\/fr\/protection-des-animaux\/dons\/don-lors-de-funerailles\/\" \/>\n<meta property=\"og:locale\" content=\"fr_FR\" \/>\n<meta property=\"og:type\" content=\"article\" \/>\n<meta property=\"og:title\" content=\"Don lors de fun\u00e9railles\" \/>\n<meta property=\"og:description\" content=\"Don lors de fun\u00e9railles La proc\u00e9dure Contact Dons de condol\u00e9ances pour la Protection des animaux&nbsp; \u00abFaire le bien en m\u00e9moire\u00bb [&hellip;]\" \/>\n<meta property=\"og:url\" content=\"https:\/\/sts-psa.ch\/fr\/protection-des-animaux\/dons\/don-lors-de-funerailles\/\" \/>\n<meta property=\"og:site_name\" content=\"Protection Suisse des Animaux PSA\" \/>\n<meta property=\"article:publisher\" content=\"https:\/\/www.facebook.com\/schweizertierschutz\/\" \/>\n<meta property=\"article:modified_time\" content=\"2024-04-23T11:36:42+00:00\" \/>\n<meta property=\"og:image\" content=\"https:\/\/tierschutz.com\/app\/uploads\/2023\/06\/sts-trauerspende-scaled.jpg\" \/>\n<meta name=\"twitter:card\" content=\"summary_large_image\" \/>\n<meta name=\"twitter:label1\" content=\"Dur\u00e9e de lecture estim\u00e9e\" \/>\n\t<meta name=\"twitter:data1\" content=\"3 minutes\" \/>\n<script type=\"application\/ld+json\" class=\"yoast-schema-graph\">{\"@context\":\"https:\\\/\\\/schema.org\",\"@graph\":[{\"@type\":\"WebPage\",\"@id\":\"https:\\\/\\\/sts-psa.ch\\\/fr\\\/protection-des-animaux\\\/dons\\\/don-lors-de-funerailles\\\/\",\"url\":\"https:\\\/\\\/sts-psa.ch\\\/fr\\\/protection-des-animaux\\\/dons\\\/don-lors-de-funerailles\\\/\",\"name\":\"Don lors de fun\u00e9railles - Protection Suisse des Animaux PSA\",\"isPartOf\":{\"@id\":\"https:\\\/\\\/sts-psa.ch\\\/fr\\\/#website\"},\"primaryImageOfPage\":{\"@id\":\"https:\\\/\\\/sts-psa.ch\\\/fr\\\/protection-des-animaux\\\/dons\\\/don-lors-de-funerailles\\\/#primaryimage\"},\"image\":{\"@id\":\"https:\\\/\\\/sts-psa.ch\\\/fr\\\/protection-des-animaux\\\/dons\\\/don-lors-de-funerailles\\\/#primaryimage\"},\"thumbnailUrl\":\"https:\\\/\\\/tierschutz.com\\\/app\\\/uploads\\\/2023\\\/06\\\/sts-trauerspende-scaled.jpg\",\"datePublished\":\"2023-05-04T13:15:00+00:00\",\"dateModified\":\"2024-04-23T11:36:42+00:00\",\"breadcrumb\":{\"@id\":\"https:\\\/\\\/sts-psa.ch\\\/fr\\\/protection-des-animaux\\\/dons\\\/don-lors-de-funerailles\\\/#breadcrumb\"},\"inLanguage\":\"fr-FR\",\"potentialAction\":[{\"@type\":\"ReadAction\",\"target\":[\"https:\\\/\\\/sts-psa.ch\\\/fr\\\/protection-des-animaux\\\/dons\\\/don-lors-de-funerailles\\\/\"]}]},{\"@type\":\"ImageObject\",\"inLanguage\":\"fr-FR\",\"@id\":\"https:\\\/\\\/sts-psa.ch\\\/fr\\\/protection-des-animaux\\\/dons\\\/don-lors-de-funerailles\\\/#primaryimage\",\"url\":\"https:\\\/\\\/tierschutz.com\\\/app\\\/uploads\\\/2023\\\/06\\\/sts-trauerspende-scaled.jpg\",\"contentUrl\":\"https:\\\/\\\/tierschutz.com\\\/app\\\/uploads\\\/2023\\\/06\\\/sts-trauerspende-scaled.jpg\"},{\"@type\":\"BreadcrumbList\",\"@id\":\"https:\\\/\\\/sts-psa.ch\\\/fr\\\/protection-des-animaux\\\/dons\\\/don-lors-de-funerailles\\\/#breadcrumb\",\"itemListElement\":[{\"@type\":\"ListItem\",\"position\":1,\"name\":\"Page d\u2019accueil\",\"item\":\"https:\\\/\\\/mail.schweizer-tierschutz.ch\\\/fr\\\/\"},{\"@type\":\"ListItem\",\"position\":2,\"name\":\"Protection des animaux\u00a0\",\"item\":\"https:\\\/\\\/mail.protezione-animali-psa.ch\\\/fr\\\/protection-des-animaux\\\/\"},{\"@type\":\"ListItem\",\"position\":3,\"name\":\"Dons\",\"item\":\"https:\\\/\\\/tierschutz.com\\\/fr\\\/protection-des-animaux\\\/dons\\\/\"},{\"@type\":\"ListItem\",\"position\":4,\"name\":\"Don lors de fun\u00e9railles\"}]},{\"@type\":\"WebSite\",\"@id\":\"https:\\\/\\\/sts-psa.ch\\\/fr\\\/#website\",\"url\":\"https:\\\/\\\/sts-psa.ch\\\/fr\\\/\",\"name\":\"tierschutz.com\",\"description\":\"Wir setzen uns f\u00fcr das Wohl der Tiere ein.\",\"publisher\":{\"@id\":\"https:\\\/\\\/sts-psa.ch\\\/fr\\\/#organization\"},\"alternateName\":\"Schweizer Tierschutz STS\",\"potentialAction\":[{\"@type\":\"SearchAction\",\"target\":{\"@type\":\"EntryPoint\",\"urlTemplate\":\"https:\\\/\\\/sts-psa.ch\\\/fr\\\/?s={search_term_string}\"},\"query-input\":{\"@type\":\"PropertyValueSpecification\",\"valueRequired\":true,\"valueName\":\"search_term_string\"}}],\"inLanguage\":\"fr-FR\"},{\"@type\":\"Organization\",\"@id\":\"https:\\\/\\\/sts-psa.ch\\\/fr\\\/#organization\",\"name\":\"Schweizer Tierschutz STS\",\"alternateName\":\"STS\",\"url\":\"https:\\\/\\\/sts-psa.ch\\\/fr\\\/\",\"logo\":{\"@type\":\"ImageObject\",\"inLanguage\":\"fr-FR\",\"@id\":\"https:\\\/\\\/sts-psa.ch\\\/fr\\\/#\\\/schema\\\/logo\\\/image\\\/\",\"url\":\"https:\\\/\\\/sts-psa.ch\\\/app\\\/uploads\\\/2024\\\/04\\\/logo-schweizer-tierschutz-sts-1.svg\",\"contentUrl\":\"https:\\\/\\\/sts-psa.ch\\\/app\\\/uploads\\\/2024\\\/04\\\/logo-schweizer-tierschutz-sts-1.svg\",\"caption\":\"Schweizer Tierschutz STS\"},\"image\":{\"@id\":\"https:\\\/\\\/sts-psa.ch\\\/fr\\\/#\\\/schema\\\/logo\\\/image\\\/\"},\"sameAs\":[\"https:\\\/\\\/www.facebook.com\\\/schweizertierschutz\\\/\",\"https:\\\/\\\/www.instagram.com\\\/schweizertierschutzsts\\\/\",\"https:\\\/\\\/www.youtube.com\\\/@STS_Tierschutz\",\"https:\\\/\\\/www.linkedin.com\\\/company\\\/schweizertierschutzsts\\\/\"],\"description\":\"Der Schweizer Tierschutz STS ist der Dachverband von 71 Tierschutzorganisationen in allen Sprachregionen der Schweiz und in Liechtenstein. Seine Mitarbeitenden leisten wissenschaftlich fundierte Grundlagenarbeit, setzen sich mit Projekten und Aktionen f\u00fcr den Schutz und das Wohlbefinden von Heim-, Wild-, Nutz- und Versuchstieren ein und sensibilisieren die \u00d6ffentlichkeit f\u00fcr Tierschutzthemen.\",\"email\":\"sts@tierschutz.com\",\"telephone\":\"061 365 99 99\",\"legalName\":\"Schweizer Tierschutz STS\"}]}<\/script>\n<!-- \/ Yoast SEO Premium plugin. -->","yoast_head_json":{"title":"Don lors de fun\u00e9railles - Protection Suisse des Animaux PSA","robots":{"index":"index","follow":"follow","max-snippet":"max-snippet:-1","max-image-preview":"max-image-preview:large","max-video-preview":"max-video-preview:-1"},"canonical":"https:\/\/sts-psa.ch\/fr\/protection-des-animaux\/dons\/don-lors-de-funerailles\/","og_locale":"fr_FR","og_type":"article","og_title":"Don lors de fun\u00e9railles","og_description":"Don lors de fun\u00e9railles La proc\u00e9dure Contact Dons de condol\u00e9ances pour la Protection des animaux&nbsp; \u00abFaire le bien en m\u00e9moire\u00bb [&hellip;]","og_url":"https:\/\/sts-psa.ch\/fr\/protection-des-animaux\/dons\/don-lors-de-funerailles\/","og_site_name":"Protection Suisse des Animaux PSA","article_publisher":"https:\/\/www.facebook.com\/schweizertierschutz\/","article_modified_time":"2024-04-23T11:36:42+00:00","og_image":[{"url":"https:\/\/tierschutz.com\/app\/uploads\/2023\/06\/sts-trauerspende-scaled.jpg","type":"","width":"","height":""}],"twitter_card":"summary_large_image","twitter_misc":{"Dur\u00e9e de lecture estim\u00e9e":"3 minutes"},"schema":{"@context":"https:\/\/schema.org","@graph":[{"@type":"WebPage","@id":"https:\/\/sts-psa.ch\/fr\/protection-des-animaux\/dons\/don-lors-de-funerailles\/","url":"https:\/\/sts-psa.ch\/fr\/protection-des-animaux\/dons\/don-lors-de-funerailles\/","name":"Don lors de fun\u00e9railles - Protection Suisse des Animaux PSA","isPartOf":{"@id":"https:\/\/sts-psa.ch\/fr\/#website"},"primaryImageOfPage":{"@id":"https:\/\/sts-psa.ch\/fr\/protection-des-animaux\/dons\/don-lors-de-funerailles\/#primaryimage"},"image":{"@id":"https:\/\/sts-psa.ch\/fr\/protection-des-animaux\/dons\/don-lors-de-funerailles\/#primaryimage"},"thumbnailUrl":"https:\/\/tierschutz.com\/app\/uploads\/2023\/06\/sts-trauerspende-scaled.jpg","datePublished":"2023-05-04T13:15:00+00:00","dateModified":"2024-04-23T11:36:42+00:00","breadcrumb":{"@id":"https:\/\/sts-psa.ch\/fr\/protection-des-animaux\/dons\/don-lors-de-funerailles\/#breadcrumb"},"inLanguage":"fr-FR","potentialAction":[{"@type":"ReadAction","target":["https:\/\/sts-psa.ch\/fr\/protection-des-animaux\/dons\/don-lors-de-funerailles\/"]}]},{"@type":"ImageObject","inLanguage":"fr-FR","@id":"https:\/\/sts-psa.ch\/fr\/protection-des-animaux\/dons\/don-lors-de-funerailles\/#primaryimage","url":"https:\/\/tierschutz.com\/app\/uploads\/2023\/06\/sts-trauerspende-scaled.jpg","contentUrl":"https:\/\/tierschutz.com\/app\/uploads\/2023\/06\/sts-trauerspende-scaled.jpg"},{"@type":"BreadcrumbList","@id":"https:\/\/sts-psa.ch\/fr\/protection-des-animaux\/dons\/don-lors-de-funerailles\/#breadcrumb","itemListElement":[{"@type":"ListItem","position":1,"name":"Page d\u2019accueil","item":"https:\/\/mail.schweizer-tierschutz.ch\/fr\/"},{"@type":"ListItem","position":2,"name":"Protection des animaux\u00a0","item":"https:\/\/mail.protezione-animali-psa.ch\/fr\/protection-des-animaux\/"},{"@type":"ListItem","position":3,"name":"Dons","item":"https:\/\/tierschutz.com\/fr\/protection-des-animaux\/dons\/"},{"@type":"ListItem","position":4,"name":"Don lors de fun\u00e9railles"}]},{"@type":"WebSite","@id":"https:\/\/sts-psa.ch\/fr\/#website","url":"https:\/\/sts-psa.ch\/fr\/","name":"tierschutz.com","description":"Wir setzen uns f\u00fcr das Wohl der Tiere ein.","publisher":{"@id":"https:\/\/sts-psa.ch\/fr\/#organization"},"alternateName":"Schweizer Tierschutz STS","potentialAction":[{"@type":"SearchAction","target":{"@type":"EntryPoint","urlTemplate":"https:\/\/sts-psa.ch\/fr\/?s={search_term_string}"},"query-input":{"@type":"PropertyValueSpecification","valueRequired":true,"valueName":"search_term_string"}}],"inLanguage":"fr-FR"},{"@type":"Organization","@id":"https:\/\/sts-psa.ch\/fr\/#organization","name":"Schweizer Tierschutz STS","alternateName":"STS","url":"https:\/\/sts-psa.ch\/fr\/","logo":{"@type":"ImageObject","inLanguage":"fr-FR","@id":"https:\/\/sts-psa.ch\/fr\/#\/schema\/logo\/image\/","url":"https:\/\/sts-psa.ch\/app\/uploads\/2024\/04\/logo-schweizer-tierschutz-sts-1.svg","contentUrl":"https:\/\/sts-psa.ch\/app\/uploads\/2024\/04\/logo-schweizer-tierschutz-sts-1.svg","caption":"Schweizer Tierschutz STS"},"image":{"@id":"https:\/\/sts-psa.ch\/fr\/#\/schema\/logo\/image\/"},"sameAs":["https:\/\/www.facebook.com\/schweizertierschutz\/","https:\/\/www.instagram.com\/schweizertierschutzsts\/","https:\/\/www.youtube.com\/@STS_Tierschutz","https:\/\/www.linkedin.com\/company\/schweizertierschutzsts\/"],"description":"Der Schweizer Tierschutz STS ist der Dachverband von 71 Tierschutzorganisationen in allen Sprachregionen der Schweiz und in Liechtenstein. Seine Mitarbeitenden leisten wissenschaftlich fundierte Grundlagenarbeit, setzen sich mit Projekten und Aktionen f\u00fcr den Schutz und das Wohlbefinden von Heim-, Wild-, Nutz- und Versuchstieren ein und sensibilisieren die \u00d6ffentlichkeit f\u00fcr Tierschutzthemen.","email":"sts@tierschutz.com","telephone":"061 365 99 99","legalName":"Schweizer Tierschutz STS"}]}},"_links":{"self":[{"href":"https:\/\/sts-psa.ch\/fr\/wp-json\/wp\/v2\/pages\/4472","targetHints":{"allow":["GET"]}}],"collection":[{"href":"https:\/\/sts-psa.ch\/fr\/wp-json\/wp\/v2\/pages"}],"about":[{"href":"https:\/\/sts-psa.ch\/fr\/wp-json\/wp\/v2\/types\/page"}],"author":[{"embeddable":true,"href":"https:\/\/sts-psa.ch\/fr\/wp-json\/wp\/v2\/users\/5"}],"replies":[{"embeddable":true,"href":"https:\/\/sts-psa.ch\/fr\/wp-json\/wp\/v2\/comments?post=4472"}],"version-history":[{"count":8,"href":"https:\/\/sts-psa.ch\/fr\/wp-json\/wp\/v2\/pages\/4472\/revisions"}],"predecessor-version":[{"id":19649,"href":"https:\/\/sts-psa.ch\/fr\/wp-json\/wp\/v2\/pages\/4472\/revisions\/19649"}],"up":[{"embeddable":true,"href":"https:\/\/sts-psa.ch\/fr\/wp-json\/wp\/v2\/pages\/4296"}],"wp:attachment":[{"href":"https:\/\/sts-psa.ch\/fr\/wp-json\/wp\/v2\/media?parent=4472"}],"curies":[{"name":"wp","href":"https:\/\/api.w.org\/{rel}","templated":true}]}}