{"id":4498,"date":"2023-05-04T11:27:11","date_gmt":"2023-05-04T09:27:11","guid":{"rendered":"https:\/\/dev.tierschutz.com\/?page_id=4498"},"modified":"2024-06-13T08:46:01","modified_gmt":"2024-06-13T06:46:01","slug":"urgence-animale","status":"publish","type":"page","link":"https:\/\/sts-psa.ch\/fr\/protection-des-animaux\/urgence-animale\/","title":{"rendered":"Urgence animale"},"content":{"rendered":"\n<div class=\"wp-block-cover alignfull is-light\" style=\"min-height:100vh;aspect-ratio:unset;\"><span aria-hidden=\"true\" class=\"wp-block-cover__background has-background-dim-20 has-background-dim\"><\/span><img loading=\"lazy\" decoding=\"async\" width=\"1697\" height=\"1131\" class=\"wp-block-cover__image-background wp-image-5330\" alt=\"\" src=\"https:\/\/tierschutz.com\/app\/uploads\/2023\/06\/sts-tiernotfall.jpg\" style=\"object-position:51% 55%\" data-object-fit=\"cover\" data-object-position=\"51% 55%\" srcset=\"https:\/\/sts-psa.ch\/app\/uploads\/2023\/06\/sts-tiernotfall.jpg 1697w, https:\/\/sts-psa.ch\/app\/uploads\/2023\/06\/sts-tiernotfall-300x200.jpg 300w, https:\/\/sts-psa.ch\/app\/uploads\/2023\/06\/sts-tiernotfall-1024x682.jpg 1024w, https:\/\/sts-psa.ch\/app\/uploads\/2023\/06\/sts-tiernotfall-768x512.jpg 768w, https:\/\/sts-psa.ch\/app\/uploads\/2023\/06\/sts-tiernotfall-1536x1024.jpg 1536w\" sizes=\"auto, (max-width: 1697px) 100vw, 1697px\" \/><div class=\"wp-block-cover__inner-container is-layout-flow wp-block-cover-is-layout-flow\">\n<h1 class=\"wp-block-heading has-text-align-center has-background-color has-text-color\" id=\"h-urgence-animale\" style=\"font-size:4.5em\"><strong><strong>Urgence animale<\/strong><\/strong><\/h1>\n<\/div><\/div>\n\n\n\n<div class=\"wp-block-group has-background-background-color has-background is-layout-constrained wp-block-group-is-layout-constrained\"><div class=\"yoast-breadcrumbs\"><span><span><a href=\"https:\/\/tierschutz.com\/fr\/\">Page d\u2019accueil<\/a><\/span> \u00bb <span><a href=\"https:\/\/tierschutz.com\/fr\/protection-des-animaux\/\">Protection des animaux\u00a0<\/a><\/span> \u00bb <span class=\"breadcrumb_last\" aria-current=\"page\">Urgence animale<\/span><\/span><\/div>\n\n\n<div class=\"wp-block-columns is-layout-flex wp-container-core-columns-is-layout-28f84493 wp-block-columns-is-layout-flex\">\n<div class=\"wp-block-column is-layout-flow wp-block-column-is-layout-flow\">\n<div class=\"wp-block-media-text alignwide is-stacked-on-mobile is-style-stacked-shadow no-inset\"><figure class=\"wp-block-media-text__media\"><img loading=\"lazy\" decoding=\"async\" width=\"1024\" height=\"658\" src=\"https:\/\/tierschutz.com\/app\/uploads\/2023\/05\/STS-Tiernotfall-Katze-1024x658.jpg\" alt=\"Ein Portrait Bild einer br\u00e4unlichen Katze vor einem verschwommenen Hintergrund\" class=\"wp-image-1675 size-full\" srcset=\"https:\/\/sts-psa.ch\/app\/uploads\/2023\/05\/STS-Tiernotfall-Katze-1024x658.jpg 1024w, https:\/\/sts-psa.ch\/app\/uploads\/2023\/05\/STS-Tiernotfall-Katze-300x193.jpg 300w, https:\/\/sts-psa.ch\/app\/uploads\/2023\/05\/STS-Tiernotfall-Katze-768x494.jpg 768w, https:\/\/sts-psa.ch\/app\/uploads\/2023\/05\/STS-Tiernotfall-Katze.jpg 1416w\" sizes=\"auto, (max-width: 1024px) 100vw, 1024px\" \/><\/figure><div class=\"wp-block-media-text__content\">\n<h3 class=\"wp-block-heading\" id=\"h-veterinaires-et-cliniques-veterinaires\"><strong>V\u00e9t\u00e9rinaires et cliniques v\u00e9t\u00e9rinaires<\/strong><\/h3>\n\n\n\n<p>Votre animal de compagnie bien-aim\u00e9 a-t-il besoin de soins m\u00e9dicaux ? En cas de maladie, de blessure, d&#8217;accident ou de situation d&#8217;urgence, il vaut la peine de savoir comment proc\u00e9der et o\u00f9 se trouve le v\u00e9t\u00e9rinaire ou la clinique v\u00e9t\u00e9rinaire la plus proche.<\/p>\n\n\n\n<div class=\"wp-block-buttons is-layout-flex wp-block-buttons-is-layout-flex\">\n<div class=\"wp-block-button\"><a class=\"wp-block-button__link wp-element-button\" href=\"https:\/\/tierschutz.com\/fr\/protection-des-animaux\/urgence-animale\/veterinaires-et-cliniques-veterinaires\/\">En savoir plus<\/a><\/div>\n<\/div>\n<\/div><\/div>\n<\/div>\n\n\n\n<div class=\"wp-block-column is-layout-flow wp-block-column-is-layout-flow\">\n<div class=\"wp-block-media-text alignwide is-stacked-on-mobile is-style-stacked-shadow no-inset\"><figure class=\"wp-block-media-text__media\"><img loading=\"lazy\" decoding=\"async\" width=\"1024\" height=\"658\" src=\"https:\/\/tierschutz.com\/app\/uploads\/2023\/05\/STS-Tiernotfall-Hund-1024x658.jpg\" alt=\"Einen Hund der seine Gesicht zwischen zwei Holzbl\u00f6cken durchstreckt\" class=\"wp-image-1669 size-full\" srcset=\"https:\/\/sts-psa.ch\/app\/uploads\/2023\/05\/STS-Tiernotfall-Hund-1024x658.jpg 1024w, https:\/\/sts-psa.ch\/app\/uploads\/2023\/05\/STS-Tiernotfall-Hund-300x193.jpg 300w, https:\/\/sts-psa.ch\/app\/uploads\/2023\/05\/STS-Tiernotfall-Hund-768x494.jpg 768w, https:\/\/sts-psa.ch\/app\/uploads\/2023\/05\/STS-Tiernotfall-Hund.jpg 1416w\" sizes=\"auto, (max-width: 1024px) 100vw, 1024px\" \/><\/figure><div class=\"wp-block-media-text__content\">\n<h3 class=\"wp-block-heading\" id=\"h-signalement-de-maltraitance-envers-les-animaux\"><strong>Signalement de maltraitance envers les animaux<\/strong><\/h3>\n\n\n\n<p>Vous avez une infraction \u00e0 la loi sur la protection des animaux \u00e0 signaler ? D\u00e9couvrez ici la meilleure fa\u00e7on de proc\u00e9der dans une telle situation.<\/p>\n\n\n\n<div class=\"wp-block-buttons is-layout-flex wp-block-buttons-is-layout-flex\">\n<div class=\"wp-block-button\"><a class=\"wp-block-button__link wp-element-button\" href=\"https:\/\/tierschutz.com\/fr\/protection-des-animaux\/urgence-animale\/signalement-maltraitance-animaux\/\">En savoir plus<\/a><\/div>\n<\/div>\n<\/div><\/div>\n<\/div>\n<\/div>\n\n\n\n<div class=\"wp-block-columns is-layout-flex wp-container-core-columns-is-layout-28f84493 wp-block-columns-is-layout-flex\">\n<div class=\"wp-block-column is-layout-flow wp-block-column-is-layout-flow\">\n<div class=\"wp-block-media-text alignwide is-stacked-on-mobile is-style-stacked-shadow no-inset\"><figure class=\"wp-block-media-text__media\"><img loading=\"lazy\" decoding=\"async\" width=\"1024\" height=\"658\" src=\"https:\/\/tierschutz.com\/app\/uploads\/2023\/05\/STS-Tiernotfall-Fux-1024x658.jpg\" alt=\"Ein Bild eines Fuchses vor einem verschwommenen Hintergrund und man sieht nur die Augen und Ohren, da der Rest von einem Stein bedeckt wird\" class=\"wp-image-1666 size-full\" srcset=\"https:\/\/sts-psa.ch\/app\/uploads\/2023\/05\/STS-Tiernotfall-Fux-1024x658.jpg 1024w, https:\/\/sts-psa.ch\/app\/uploads\/2023\/05\/STS-Tiernotfall-Fux-300x193.jpg 300w, https:\/\/sts-psa.ch\/app\/uploads\/2023\/05\/STS-Tiernotfall-Fux-768x494.jpg 768w, https:\/\/sts-psa.ch\/app\/uploads\/2023\/05\/STS-Tiernotfall-Fux.jpg 1416w\" sizes=\"auto, (max-width: 1024px) 100vw, 1024px\" \/><\/figure><div class=\"wp-block-media-text__content\">\n<h3 class=\"wp-block-heading\" id=\"h-declaration-d-un-accident-du-au-gibier\"><strong>D\u00e9claration d\u2019un accident d\u00fb au gibier<\/strong><\/h3>\n\n\n\n<p>Un accident de gibier est g\u00e9n\u00e9ralement impr\u00e9visible et peut se produire tr\u00e8s rapidement. Chaque collision peut entra\u00eener des blessures chez l&#8217;homme et l&#8217;animal.<\/p>\n\n\n\n<div class=\"wp-block-buttons is-layout-flex wp-block-buttons-is-layout-flex\">\n<div class=\"wp-block-button\"><a class=\"wp-block-button__link wp-element-button\" href=\"https:\/\/tierschutz.com\/fr\/protection-des-animaux\/urgence-animale\/declaration-dun-accident-du-au-gibier\/\">En savoir plus<\/a><\/div>\n<\/div>\n<\/div><\/div>\n<\/div>\n\n\n\n<div class=\"wp-block-column is-layout-flow wp-block-column-is-layout-flow\">\n<div class=\"wp-block-media-text alignwide is-stacked-on-mobile is-style-stacked-shadow no-inset\"><figure class=\"wp-block-media-text__media\"><img loading=\"lazy\" decoding=\"async\" width=\"1024\" height=\"658\" src=\"https:\/\/tierschutz.com\/app\/uploads\/2023\/05\/STS-Tiernotfall-Kaetzchen-1024x658.jpg\" alt=\"Eine br\u00e4unliche Katze die sich hinter einer Holzt\u00fcre versteckt\" class=\"wp-image-1672 size-full\" srcset=\"https:\/\/sts-psa.ch\/app\/uploads\/2023\/05\/STS-Tiernotfall-Kaetzchen-1024x658.jpg 1024w, https:\/\/sts-psa.ch\/app\/uploads\/2023\/05\/STS-Tiernotfall-Kaetzchen-300x193.jpg 300w, https:\/\/sts-psa.ch\/app\/uploads\/2023\/05\/STS-Tiernotfall-Kaetzchen-768x494.jpg 768w, https:\/\/sts-psa.ch\/app\/uploads\/2023\/05\/STS-Tiernotfall-Kaetzchen.jpg 1416w\" sizes=\"auto, (max-width: 1024px) 100vw, 1024px\" \/><\/figure><div class=\"wp-block-media-text__content\">\n<h3 class=\"wp-block-heading\" id=\"h-animal-mort-que-faire-nbsp\"><strong>Animal mort \u2013 que faire?&nbsp;<\/strong><\/h3>\n\n\n\n<p>La mort de l&#8217;animal aim\u00e9 est un moment triste et souvent difficile dans la vie de tout amateur d&#8217;animaux. Lisez ici ce qu&#8217;il faut faire et comment enterrer dignement votre animal.<\/p>\n\n\n\n<div class=\"wp-block-buttons is-layout-flex wp-block-buttons-is-layout-flex\">\n<div class=\"wp-block-button\"><a class=\"wp-block-button__link wp-element-button\" href=\"https:\/\/tierschutz.com\/fr\/protection-des-animaux\/urgence-animale\/animal-mort-que-faire\/\">En savoir plus<\/a><\/div>\n<\/div>\n<\/div><\/div>\n<\/div>\n<\/div>\n\n\n\n<div class=\"wp-block-columns is-layout-flex wp-container-core-columns-is-layout-28f84493 wp-block-columns-is-layout-flex\">\n<div class=\"wp-block-column is-layout-flow wp-block-column-is-layout-flow\">\n<div class=\"wp-block-media-text alignwide is-stacked-on-mobile is-style-stacked-shadow no-inset\"><figure class=\"wp-block-media-text__media\"><a href=\"https:\/\/tierschutz.com\/fr\/mort-de-chaleur-comment-liberer-les-chiens-des-voitures-garees-sans-consequences-juridiques\/\"><img loading=\"lazy\" decoding=\"async\" width=\"1024\" height=\"683\" src=\"https:\/\/tierschutz.com\/app\/uploads\/2024\/06\/haberdoedas-gjdFj8864kA-unsplash-1-1024x683.jpg\" alt=\"\" class=\"wp-image-21234 size-full\" srcset=\"https:\/\/sts-psa.ch\/app\/uploads\/2024\/06\/haberdoedas-gjdFj8864kA-unsplash-1-1024x683.jpg 1024w, https:\/\/sts-psa.ch\/app\/uploads\/2024\/06\/haberdoedas-gjdFj8864kA-unsplash-1-300x200.jpg 300w, https:\/\/sts-psa.ch\/app\/uploads\/2024\/06\/haberdoedas-gjdFj8864kA-unsplash-1-768x512.jpg 768w, https:\/\/sts-psa.ch\/app\/uploads\/2024\/06\/haberdoedas-gjdFj8864kA-unsplash-1-1536x1024.jpg 1536w, https:\/\/sts-psa.ch\/app\/uploads\/2024\/06\/haberdoedas-gjdFj8864kA-unsplash-1.jpg 1932w\" sizes=\"auto, (max-width: 1024px) 100vw, 1024px\" \/><\/a><\/figure><div class=\"wp-block-media-text__content\">\n<h3 class=\"wp-block-heading\" id=\"h-chien-en-detresse-dans-la-voiture-en-cas-de-chaleur-que-faire\"><strong>Chien en d\u00e9tresse dans la voiture en cas de chaleur \u2013 que faire?<\/strong><\/h3>\n\n\n\n<p>Mort de chaleur: comment lib\u00e9rer les chiens des voitures gar\u00e9es sans cons\u00e9quences juridiques: Les passants attentifs doivent tenir compte de ces points d&#8217;un point de vue m\u00e9dical et juridique.<\/p>\n\n\n\n<div class=\"wp-block-buttons is-layout-flex wp-block-buttons-is-layout-flex\">\n<div class=\"wp-block-button\"><a class=\"wp-block-button__link wp-element-button\" href=\"https:\/\/tierschutz.com\/fr\/mort-de-chaleur-comment-liberer-les-chiens-des-voitures-garees-sans-consequences-juridiques\/\">En savoir plus<\/a><\/div>\n<\/div>\n<\/div><\/div>\n<\/div>\n\n\n\n<div class=\"wp-block-column is-layout-flow wp-block-column-is-layout-flow\"><\/div>\n<\/div>\n<\/div>\n","protected":false},"excerpt":{"rendered":"<p>V\u00e9t\u00e9rinaires et cliniques v\u00e9t\u00e9rinaires Votre animal de compagnie bien-aim\u00e9 a-t-il besoin de soins m\u00e9dicaux ? En cas de maladie, de [&hellip;]<\/p>\n","protected":false},"author":5,"featured_media":0,"parent":4292,"menu_order":327,"comment_status":"closed","ping_status":"closed","template":"","meta":{"_acf_changed":false,"inline_featured_image":false,"_vp_format_video_url":"","_vp_image_focal_point":[],"footnotes":""},"class_list":["post-4498","page","type-page","status-publish","hentry"],"acf":[],"yoast_head":"<!-- This site is optimized with the Yoast SEO Premium plugin v27.4 (Yoast SEO v27.4) - https:\/\/yoast.com\/product\/yoast-seo-premium-wordpress\/ -->\n<title>Urgence animale - Protection Suisse des Animaux PSA<\/title>\n<meta name=\"robots\" content=\"index, follow, max-snippet:-1, max-image-preview:large, max-video-preview:-1\" \/>\n<link rel=\"canonical\" href=\"https:\/\/sts-psa.ch\/fr\/protection-des-animaux\/urgence-animale\/\" \/>\n<meta property=\"og:locale\" content=\"fr_FR\" \/>\n<meta property=\"og:type\" content=\"article\" \/>\n<meta property=\"og:title\" content=\"Urgence animale\" \/>\n<meta property=\"og:description\" content=\"V\u00e9t\u00e9rinaires et cliniques v\u00e9t\u00e9rinaires Votre animal de compagnie bien-aim\u00e9 a-t-il besoin de soins m\u00e9dicaux ? En cas de maladie, de [&hellip;]\" \/>\n<meta property=\"og:url\" content=\"https:\/\/sts-psa.ch\/fr\/protection-des-animaux\/urgence-animale\/\" \/>\n<meta property=\"og:site_name\" content=\"Protection Suisse des Animaux PSA\" \/>\n<meta property=\"article:publisher\" content=\"https:\/\/www.facebook.com\/schweizertierschutz\/\" \/>\n<meta property=\"article:modified_time\" content=\"2024-06-13T06:46:01+00:00\" \/>\n<meta property=\"og:image\" content=\"https:\/\/tierschutz.com\/app\/uploads\/2023\/06\/sts-tiernotfall.jpg\" \/>\n<meta name=\"twitter:card\" content=\"summary_large_image\" \/>\n<meta name=\"twitter:label1\" content=\"Dur\u00e9e de lecture estim\u00e9e\" \/>\n\t<meta name=\"twitter:data1\" content=\"3 minutes\" \/>\n<script type=\"application\/ld+json\" class=\"yoast-schema-graph\">{\"@context\":\"https:\\\/\\\/schema.org\",\"@graph\":[{\"@type\":\"WebPage\",\"@id\":\"https:\\\/\\\/sts-psa.ch\\\/fr\\\/protection-des-animaux\\\/urgence-animale\\\/\",\"url\":\"https:\\\/\\\/sts-psa.ch\\\/fr\\\/protection-des-animaux\\\/urgence-animale\\\/\",\"name\":\"Urgence animale - Protection Suisse des Animaux PSA\",\"isPartOf\":{\"@id\":\"https:\\\/\\\/tierschutz.com\\\/fr\\\/#website\"},\"primaryImageOfPage\":{\"@id\":\"https:\\\/\\\/sts-psa.ch\\\/fr\\\/protection-des-animaux\\\/urgence-animale\\\/#primaryimage\"},\"image\":{\"@id\":\"https:\\\/\\\/sts-psa.ch\\\/fr\\\/protection-des-animaux\\\/urgence-animale\\\/#primaryimage\"},\"thumbnailUrl\":\"https:\\\/\\\/tierschutz.com\\\/app\\\/uploads\\\/2023\\\/06\\\/sts-tiernotfall.jpg\",\"datePublished\":\"2023-05-04T09:27:11+00:00\",\"dateModified\":\"2024-06-13T06:46:01+00:00\",\"breadcrumb\":{\"@id\":\"https:\\\/\\\/sts-psa.ch\\\/fr\\\/protection-des-animaux\\\/urgence-animale\\\/#breadcrumb\"},\"inLanguage\":\"fr-FR\",\"potentialAction\":[{\"@type\":\"ReadAction\",\"target\":[\"https:\\\/\\\/sts-psa.ch\\\/fr\\\/protection-des-animaux\\\/urgence-animale\\\/\"]}]},{\"@type\":\"ImageObject\",\"inLanguage\":\"fr-FR\",\"@id\":\"https:\\\/\\\/sts-psa.ch\\\/fr\\\/protection-des-animaux\\\/urgence-animale\\\/#primaryimage\",\"url\":\"https:\\\/\\\/tierschutz.com\\\/app\\\/uploads\\\/2023\\\/06\\\/sts-tiernotfall.jpg\",\"contentUrl\":\"https:\\\/\\\/tierschutz.com\\\/app\\\/uploads\\\/2023\\\/06\\\/sts-tiernotfall.jpg\"},{\"@type\":\"BreadcrumbList\",\"@id\":\"https:\\\/\\\/sts-psa.ch\\\/fr\\\/protection-des-animaux\\\/urgence-animale\\\/#breadcrumb\",\"itemListElement\":[{\"@type\":\"ListItem\",\"position\":1,\"name\":\"Page d\u2019accueil\",\"item\":\"https:\\\/\\\/tierschutz.com\\\/fr\\\/\"},{\"@type\":\"ListItem\",\"position\":2,\"name\":\"Protection des animaux\u00a0\",\"item\":\"https:\\\/\\\/tierschutz.com\\\/fr\\\/protection-des-animaux\\\/\"},{\"@type\":\"ListItem\",\"position\":3,\"name\":\"Urgence animale\"}]},{\"@type\":\"WebSite\",\"@id\":\"https:\\\/\\\/tierschutz.com\\\/fr\\\/#website\",\"url\":\"https:\\\/\\\/tierschutz.com\\\/fr\\\/\",\"name\":\"tierschutz.com\",\"description\":\"Wir setzen uns f\u00fcr das Wohl der Tiere ein.\",\"publisher\":{\"@id\":\"https:\\\/\\\/tierschutz.com\\\/fr\\\/#organization\"},\"alternateName\":\"Schweizer Tierschutz STS\",\"potentialAction\":[{\"@type\":\"SearchAction\",\"target\":{\"@type\":\"EntryPoint\",\"urlTemplate\":\"https:\\\/\\\/tierschutz.com\\\/fr\\\/?s={search_term_string}\"},\"query-input\":{\"@type\":\"PropertyValueSpecification\",\"valueRequired\":true,\"valueName\":\"search_term_string\"}}],\"inLanguage\":\"fr-FR\"},{\"@type\":\"Organization\",\"@id\":\"https:\\\/\\\/tierschutz.com\\\/fr\\\/#organization\",\"name\":\"Schweizer Tierschutz STS\",\"alternateName\":\"STS\",\"url\":\"https:\\\/\\\/tierschutz.com\\\/fr\\\/\",\"logo\":{\"@type\":\"ImageObject\",\"inLanguage\":\"fr-FR\",\"@id\":\"https:\\\/\\\/tierschutz.com\\\/fr\\\/#\\\/schema\\\/logo\\\/image\\\/\",\"url\":\"https:\\\/\\\/sts-psa.ch\\\/app\\\/uploads\\\/2024\\\/04\\\/logo-schweizer-tierschutz-sts-1.svg\",\"contentUrl\":\"https:\\\/\\\/sts-psa.ch\\\/app\\\/uploads\\\/2024\\\/04\\\/logo-schweizer-tierschutz-sts-1.svg\",\"caption\":\"Schweizer Tierschutz STS\"},\"image\":{\"@id\":\"https:\\\/\\\/tierschutz.com\\\/fr\\\/#\\\/schema\\\/logo\\\/image\\\/\"},\"sameAs\":[\"https:\\\/\\\/www.facebook.com\\\/schweizertierschutz\\\/\",\"https:\\\/\\\/www.instagram.com\\\/schweizertierschutzsts\\\/\",\"https:\\\/\\\/www.youtube.com\\\/@STS_Tierschutz\",\"https:\\\/\\\/www.linkedin.com\\\/company\\\/schweizertierschutzsts\\\/\"],\"description\":\"Der Schweizer Tierschutz STS ist der Dachverband von 71 Tierschutzorganisationen in allen Sprachregionen der Schweiz und in Liechtenstein. Seine Mitarbeitenden leisten wissenschaftlich fundierte Grundlagenarbeit, setzen sich mit Projekten und Aktionen f\u00fcr den Schutz und das Wohlbefinden von Heim-, Wild-, Nutz- und Versuchstieren ein und sensibilisieren die \u00d6ffentlichkeit f\u00fcr Tierschutzthemen.\",\"email\":\"sts@tierschutz.com\",\"telephone\":\"061 365 99 99\",\"legalName\":\"Schweizer Tierschutz STS\"}]}<\/script>\n<!-- \/ Yoast SEO Premium plugin. -->","yoast_head_json":{"title":"Urgence animale - Protection Suisse des Animaux PSA","robots":{"index":"index","follow":"follow","max-snippet":"max-snippet:-1","max-image-preview":"max-image-preview:large","max-video-preview":"max-video-preview:-1"},"canonical":"https:\/\/sts-psa.ch\/fr\/protection-des-animaux\/urgence-animale\/","og_locale":"fr_FR","og_type":"article","og_title":"Urgence animale","og_description":"V\u00e9t\u00e9rinaires et cliniques v\u00e9t\u00e9rinaires Votre animal de compagnie bien-aim\u00e9 a-t-il besoin de soins m\u00e9dicaux ? En cas de maladie, de [&hellip;]","og_url":"https:\/\/sts-psa.ch\/fr\/protection-des-animaux\/urgence-animale\/","og_site_name":"Protection Suisse des Animaux PSA","article_publisher":"https:\/\/www.facebook.com\/schweizertierschutz\/","article_modified_time":"2024-06-13T06:46:01+00:00","og_image":[{"url":"https:\/\/tierschutz.com\/app\/uploads\/2023\/06\/sts-tiernotfall.jpg","type":"","width":"","height":""}],"twitter_card":"summary_large_image","twitter_misc":{"Dur\u00e9e de lecture estim\u00e9e":"3 minutes"},"schema":{"@context":"https:\/\/schema.org","@graph":[{"@type":"WebPage","@id":"https:\/\/sts-psa.ch\/fr\/protection-des-animaux\/urgence-animale\/","url":"https:\/\/sts-psa.ch\/fr\/protection-des-animaux\/urgence-animale\/","name":"Urgence animale - Protection Suisse des Animaux PSA","isPartOf":{"@id":"https:\/\/tierschutz.com\/fr\/#website"},"primaryImageOfPage":{"@id":"https:\/\/sts-psa.ch\/fr\/protection-des-animaux\/urgence-animale\/#primaryimage"},"image":{"@id":"https:\/\/sts-psa.ch\/fr\/protection-des-animaux\/urgence-animale\/#primaryimage"},"thumbnailUrl":"https:\/\/tierschutz.com\/app\/uploads\/2023\/06\/sts-tiernotfall.jpg","datePublished":"2023-05-04T09:27:11+00:00","dateModified":"2024-06-13T06:46:01+00:00","breadcrumb":{"@id":"https:\/\/sts-psa.ch\/fr\/protection-des-animaux\/urgence-animale\/#breadcrumb"},"inLanguage":"fr-FR","potentialAction":[{"@type":"ReadAction","target":["https:\/\/sts-psa.ch\/fr\/protection-des-animaux\/urgence-animale\/"]}]},{"@type":"ImageObject","inLanguage":"fr-FR","@id":"https:\/\/sts-psa.ch\/fr\/protection-des-animaux\/urgence-animale\/#primaryimage","url":"https:\/\/tierschutz.com\/app\/uploads\/2023\/06\/sts-tiernotfall.jpg","contentUrl":"https:\/\/tierschutz.com\/app\/uploads\/2023\/06\/sts-tiernotfall.jpg"},{"@type":"BreadcrumbList","@id":"https:\/\/sts-psa.ch\/fr\/protection-des-animaux\/urgence-animale\/#breadcrumb","itemListElement":[{"@type":"ListItem","position":1,"name":"Page d\u2019accueil","item":"https:\/\/tierschutz.com\/fr\/"},{"@type":"ListItem","position":2,"name":"Protection des animaux\u00a0","item":"https:\/\/tierschutz.com\/fr\/protection-des-animaux\/"},{"@type":"ListItem","position":3,"name":"Urgence animale"}]},{"@type":"WebSite","@id":"https:\/\/tierschutz.com\/fr\/#website","url":"https:\/\/tierschutz.com\/fr\/","name":"tierschutz.com","description":"Wir setzen uns f\u00fcr das Wohl der Tiere ein.","publisher":{"@id":"https:\/\/tierschutz.com\/fr\/#organization"},"alternateName":"Schweizer Tierschutz STS","potentialAction":[{"@type":"SearchAction","target":{"@type":"EntryPoint","urlTemplate":"https:\/\/tierschutz.com\/fr\/?s={search_term_string}"},"query-input":{"@type":"PropertyValueSpecification","valueRequired":true,"valueName":"search_term_string"}}],"inLanguage":"fr-FR"},{"@type":"Organization","@id":"https:\/\/tierschutz.com\/fr\/#organization","name":"Schweizer Tierschutz STS","alternateName":"STS","url":"https:\/\/tierschutz.com\/fr\/","logo":{"@type":"ImageObject","inLanguage":"fr-FR","@id":"https:\/\/tierschutz.com\/fr\/#\/schema\/logo\/image\/","url":"https:\/\/sts-psa.ch\/app\/uploads\/2024\/04\/logo-schweizer-tierschutz-sts-1.svg","contentUrl":"https:\/\/sts-psa.ch\/app\/uploads\/2024\/04\/logo-schweizer-tierschutz-sts-1.svg","caption":"Schweizer Tierschutz STS"},"image":{"@id":"https:\/\/tierschutz.com\/fr\/#\/schema\/logo\/image\/"},"sameAs":["https:\/\/www.facebook.com\/schweizertierschutz\/","https:\/\/www.instagram.com\/schweizertierschutzsts\/","https:\/\/www.youtube.com\/@STS_Tierschutz","https:\/\/www.linkedin.com\/company\/schweizertierschutzsts\/"],"description":"Der Schweizer Tierschutz STS ist der Dachverband von 71 Tierschutzorganisationen in allen Sprachregionen der Schweiz und in Liechtenstein. Seine Mitarbeitenden leisten wissenschaftlich fundierte Grundlagenarbeit, setzen sich mit Projekten und Aktionen f\u00fcr den Schutz und das Wohlbefinden von Heim-, Wild-, Nutz- und Versuchstieren ein und sensibilisieren die \u00d6ffentlichkeit f\u00fcr Tierschutzthemen.","email":"sts@tierschutz.com","telephone":"061 365 99 99","legalName":"Schweizer Tierschutz STS"}]}},"_links":{"self":[{"href":"https:\/\/sts-psa.ch\/fr\/wp-json\/wp\/v2\/pages\/4498","targetHints":{"allow":["GET"]}}],"collection":[{"href":"https:\/\/sts-psa.ch\/fr\/wp-json\/wp\/v2\/pages"}],"about":[{"href":"https:\/\/sts-psa.ch\/fr\/wp-json\/wp\/v2\/types\/page"}],"author":[{"embeddable":true,"href":"https:\/\/sts-psa.ch\/fr\/wp-json\/wp\/v2\/users\/5"}],"replies":[{"embeddable":true,"href":"https:\/\/sts-psa.ch\/fr\/wp-json\/wp\/v2\/comments?post=4498"}],"version-history":[{"count":11,"href":"https:\/\/sts-psa.ch\/fr\/wp-json\/wp\/v2\/pages\/4498\/revisions"}],"predecessor-version":[{"id":21264,"href":"https:\/\/sts-psa.ch\/fr\/wp-json\/wp\/v2\/pages\/4498\/revisions\/21264"}],"up":[{"embeddable":true,"href":"https:\/\/sts-psa.ch\/fr\/wp-json\/wp\/v2\/pages\/4292"}],"wp:attachment":[{"href":"https:\/\/sts-psa.ch\/fr\/wp-json\/wp\/v2\/media?parent=4498"}],"curies":[{"name":"wp","href":"https:\/\/api.w.org\/{rel}","templated":true}]}}