{"id":4521,"date":"2023-05-04T15:30:31","date_gmt":"2023-05-04T13:30:31","guid":{"rendered":"https:\/\/dev.tierschutz.com\/?page_id=4521"},"modified":"2026-04-01T08:07:58","modified_gmt":"2026-04-01T06:07:58","slug":"direction","status":"publish","type":"page","link":"https:\/\/sts-psa.ch\/fr\/la-psa\/association\/direction\/","title":{"rendered":"Direction"},"content":{"rendered":"\n<div class=\"wp-block-cover alignfull is-light\"><img decoding=\"async\" class=\"wp-block-cover__image-background wp-image-12085\" alt=\"Eine Hand die viele H\u00fchner f\u00fcttert.\" src=\"https:\/\/tierschutz.com\/app\/uploads\/2023\/11\/schweizer-tierschutz-sts-geschaeftsleitung.jpg\" style=\"object-position:50% 65%\" data-object-fit=\"cover\" data-object-position=\"50% 65%\"\/><span aria-hidden=\"true\" class=\"wp-block-cover__background has-background-dim-20 has-background-dim\"><\/span><div class=\"wp-block-cover__inner-container is-layout-flow wp-block-cover-is-layout-flow\">\n<h2 class=\"wp-block-heading has-text-align-center has-background-color has-text-color\" id=\"h-direction\">Direction<\/h2>\n<\/div><\/div>\n\n\n\n<div class=\"wp-block-group alignfull anchor-bar has-lightgray-background-color has-background is-layout-constrained wp-block-group-is-layout-constrained\">\n<div class=\"wp-block-group is-content-justification-center is-layout-flex wp-container-core-group-is-layout-b02886af wp-block-group-is-layout-flex\">\n<p class=\"has-large-font-size\"><strong><strong><a href=\"#Direction\">Direction<\/a><\/strong><\/strong><\/p>\n<\/div>\n<\/div>\n\n\n\n<div class=\"wp-block-group alignfull has-background-background-color has-background is-layout-constrained wp-block-group-is-layout-constrained\" id=\"Gesch\u00e4ftsleitung\"><div class=\"yoast-breadcrumbs\"><span><span><a href=\"https:\/\/tierschutz.com\/fr\/\">Page d\u2019accueil<\/a><\/span> \u00bb <span><a href=\"https:\/\/tierschutz.com\/fr\/la-psa\/\">La PSA<\/a><\/span> \u00bb <span><a href=\"https:\/\/tierschutz.com\/fr\/la-psa\/association\/\">Association<\/a><\/span> \u00bb <span class=\"breadcrumb_last\" aria-current=\"page\">Direction<\/span><\/span><\/div>\n\n\n<h1 class=\"wp-block-heading has-text-align-center\" id=\"h-direction-0\"><strong>Direction<\/strong><\/h1>\n\n\n\n<hr class=\"wp-block-separator has-text-color has-primary-color has-alpha-channel-opacity has-primary-background-color has-background\"\/>\n\n\n\n<p class=\"has-text-align-center\">La direction dirige le travail op\u00e9rationnel de la Protection Suisse des Animaux PSA.<\/p>\n\n\n\n<div class=\"wp-block-group alignfull has-background-background-color has-background is-layout-constrained wp-block-group-is-layout-constrained\">\n<div class=\"wp-block-group is-layout-flex wp-container-core-group-is-layout-d0921e6e wp-block-group-is-layout-flex\">\n<div class=\"wp-block-group is-style-shadow-box has-background-background-color has-background is-layout-constrained wp-block-group-is-layout-constrained\">\n<h3 class=\"wp-block-heading\" id=\"h-marco-mettler\"><strong>Marco Mettler <\/strong><\/h3>\n\n\n\n<p><mark style=\"background-color:rgba(0, 0, 0, 0)\" class=\"has-inline-color has-secondary-color\">Directeur g\u00e9n\u00e9ral<\/mark><\/p>\n\n\n\n<p>&nbsp;<\/p>\n<\/div>\n\n\n\n<div class=\"wp-block-group is-style-shadow-box has-background-background-color has-background is-layout-constrained wp-block-group-is-layout-constrained\">\n<h3 class=\"wp-block-heading\" id=\"h-nicole-disler\"><strong>Nicole Disler<\/strong><\/h3>\n\n\n\n<p>lic. phil., MAS CML<\/p>\n\n\n\n<p><mark style=\"background-color:rgba(0, 0, 0, 0)\" class=\"has-inline-color has-secondary-color\">Responsable Centre de comp\u00e9tences Protection des animaux<\/mark><\/p>\n<\/div>\n\n\n\n<div class=\"wp-block-group is-style-shadow-box has-background-background-color has-background is-layout-constrained wp-block-group-is-layout-constrained\">\n<h3 class=\"wp-block-heading\" id=\"h-lorena-pedalino\"><strong>Lorena Pedalino<\/strong><\/h3>\n\n\n\n<p><mark style=\"background-color:rgba(0, 0, 0, 0)\" class=\"has-inline-color has-secondary-color\">Responsable Finances &amp; Services centraux<\/mark><\/p>\n\n\n\n<p>&nbsp;<\/p>\n<\/div>\n\n\n\n<div class=\"wp-block-group is-style-shadow-box has-background-background-color has-background is-layout-constrained wp-block-group-is-layout-constrained\">\n<h3 class=\"wp-block-heading\" id=\"h-simon-hubacher\"><strong><strong>Simon Hubacher<\/strong><\/strong><\/h3>\n\n\n\n<p><mark style=\"background-color:rgba(0, 0, 0, 0)\" class=\"has-inline-color has-secondary-color\">Responsable Public Affairs<\/mark><\/p>\n\n\n\n<p>&nbsp;<\/p>\n<\/div>\n<\/div>\n<\/div>\n<\/div>\n","protected":false},"excerpt":{"rendered":"<p>Direction Direction La direction dirige le travail op\u00e9rationnel de la Protection Suisse des Animaux PSA. Marco Mettler Directeur g\u00e9n\u00e9ral &nbsp; [&hellip;]<\/p>\n","protected":false},"author":5,"featured_media":0,"parent":4507,"menu_order":221,"comment_status":"closed","ping_status":"closed","template":"","meta":{"_acf_changed":false,"inline_featured_image":false,"_vp_format_video_url":"","_vp_image_focal_point":[],"footnotes":""},"class_list":["post-4521","page","type-page","status-publish","hentry"],"acf":[],"yoast_head":"<!-- This site is optimized with the Yoast SEO Premium plugin v27.4 (Yoast SEO v27.4) - https:\/\/yoast.com\/product\/yoast-seo-premium-wordpress\/ -->\n<title>Direction - Protection Suisse des Animaux PSA<\/title>\n<meta name=\"robots\" content=\"index, follow, max-snippet:-1, max-image-preview:large, max-video-preview:-1\" \/>\n<link rel=\"canonical\" href=\"https:\/\/sts-psa.ch\/fr\/la-psa\/association\/direction\/\" \/>\n<meta property=\"og:locale\" content=\"fr_FR\" \/>\n<meta property=\"og:type\" content=\"article\" \/>\n<meta property=\"og:title\" content=\"Direction\" \/>\n<meta property=\"og:description\" content=\"Direction Direction La direction dirige le travail op\u00e9rationnel de la Protection Suisse des Animaux PSA. Marco Mettler Directeur g\u00e9n\u00e9ral &nbsp; [&hellip;]\" \/>\n<meta property=\"og:url\" content=\"https:\/\/sts-psa.ch\/fr\/la-psa\/association\/direction\/\" \/>\n<meta property=\"og:site_name\" content=\"Protection Suisse des Animaux PSA\" \/>\n<meta property=\"article:publisher\" content=\"https:\/\/www.facebook.com\/schweizertierschutz\/\" \/>\n<meta property=\"article:modified_time\" content=\"2026-04-01T06:07:58+00:00\" \/>\n<meta property=\"og:image\" content=\"https:\/\/tierschutz.com\/app\/uploads\/2023\/11\/schweizer-tierschutz-sts-geschaeftsleitung.jpg\" \/>\n<meta name=\"twitter:card\" content=\"summary_large_image\" \/>\n<meta name=\"twitter:label1\" content=\"Dur\u00e9e de lecture estim\u00e9e\" \/>\n\t<meta name=\"twitter:data1\" content=\"1 minute\" \/>\n<script type=\"application\/ld+json\" class=\"yoast-schema-graph\">{\"@context\":\"https:\\\/\\\/schema.org\",\"@graph\":[{\"@type\":\"WebPage\",\"@id\":\"https:\\\/\\\/sts-psa.ch\\\/fr\\\/la-psa\\\/association\\\/direction\\\/\",\"url\":\"https:\\\/\\\/sts-psa.ch\\\/fr\\\/la-psa\\\/association\\\/direction\\\/\",\"name\":\"Direction - Protection Suisse des Animaux PSA\",\"isPartOf\":{\"@id\":\"https:\\\/\\\/tierschutz.com\\\/fr\\\/#website\"},\"primaryImageOfPage\":{\"@id\":\"https:\\\/\\\/sts-psa.ch\\\/fr\\\/la-psa\\\/association\\\/direction\\\/#primaryimage\"},\"image\":{\"@id\":\"https:\\\/\\\/sts-psa.ch\\\/fr\\\/la-psa\\\/association\\\/direction\\\/#primaryimage\"},\"thumbnailUrl\":\"https:\\\/\\\/tierschutz.com\\\/app\\\/uploads\\\/2023\\\/11\\\/schweizer-tierschutz-sts-geschaeftsleitung.jpg\",\"datePublished\":\"2023-05-04T13:30:31+00:00\",\"dateModified\":\"2026-04-01T06:07:58+00:00\",\"breadcrumb\":{\"@id\":\"https:\\\/\\\/sts-psa.ch\\\/fr\\\/la-psa\\\/association\\\/direction\\\/#breadcrumb\"},\"inLanguage\":\"fr-FR\",\"potentialAction\":[{\"@type\":\"ReadAction\",\"target\":[\"https:\\\/\\\/sts-psa.ch\\\/fr\\\/la-psa\\\/association\\\/direction\\\/\"]}]},{\"@type\":\"ImageObject\",\"inLanguage\":\"fr-FR\",\"@id\":\"https:\\\/\\\/sts-psa.ch\\\/fr\\\/la-psa\\\/association\\\/direction\\\/#primaryimage\",\"url\":\"https:\\\/\\\/tierschutz.com\\\/app\\\/uploads\\\/2023\\\/11\\\/schweizer-tierschutz-sts-geschaeftsleitung.jpg\",\"contentUrl\":\"https:\\\/\\\/tierschutz.com\\\/app\\\/uploads\\\/2023\\\/11\\\/schweizer-tierschutz-sts-geschaeftsleitung.jpg\"},{\"@type\":\"BreadcrumbList\",\"@id\":\"https:\\\/\\\/sts-psa.ch\\\/fr\\\/la-psa\\\/association\\\/direction\\\/#breadcrumb\",\"itemListElement\":[{\"@type\":\"ListItem\",\"position\":1,\"name\":\"Page d\u2019accueil\",\"item\":\"https:\\\/\\\/tierschutz.com\\\/fr\\\/\"},{\"@type\":\"ListItem\",\"position\":2,\"name\":\"La PSA\",\"item\":\"https:\\\/\\\/tierschutz.com\\\/fr\\\/la-psa\\\/\"},{\"@type\":\"ListItem\",\"position\":3,\"name\":\"Association\",\"item\":\"https:\\\/\\\/tierschutz.com\\\/fr\\\/la-psa\\\/association\\\/\"},{\"@type\":\"ListItem\",\"position\":4,\"name\":\"Direction\"}]},{\"@type\":\"WebSite\",\"@id\":\"https:\\\/\\\/tierschutz.com\\\/fr\\\/#website\",\"url\":\"https:\\\/\\\/tierschutz.com\\\/fr\\\/\",\"name\":\"tierschutz.com\",\"description\":\"Wir setzen uns f\u00fcr das Wohl der Tiere ein.\",\"publisher\":{\"@id\":\"https:\\\/\\\/tierschutz.com\\\/fr\\\/#organization\"},\"alternateName\":\"Schweizer Tierschutz STS\",\"potentialAction\":[{\"@type\":\"SearchAction\",\"target\":{\"@type\":\"EntryPoint\",\"urlTemplate\":\"https:\\\/\\\/tierschutz.com\\\/fr\\\/?s={search_term_string}\"},\"query-input\":{\"@type\":\"PropertyValueSpecification\",\"valueRequired\":true,\"valueName\":\"search_term_string\"}}],\"inLanguage\":\"fr-FR\"},{\"@type\":\"Organization\",\"@id\":\"https:\\\/\\\/tierschutz.com\\\/fr\\\/#organization\",\"name\":\"Schweizer Tierschutz STS\",\"alternateName\":\"STS\",\"url\":\"https:\\\/\\\/tierschutz.com\\\/fr\\\/\",\"logo\":{\"@type\":\"ImageObject\",\"inLanguage\":\"fr-FR\",\"@id\":\"https:\\\/\\\/tierschutz.com\\\/fr\\\/#\\\/schema\\\/logo\\\/image\\\/\",\"url\":\"https:\\\/\\\/sts-psa.ch\\\/app\\\/uploads\\\/2024\\\/04\\\/logo-schweizer-tierschutz-sts-1.svg\",\"contentUrl\":\"https:\\\/\\\/sts-psa.ch\\\/app\\\/uploads\\\/2024\\\/04\\\/logo-schweizer-tierschutz-sts-1.svg\",\"caption\":\"Schweizer Tierschutz STS\"},\"image\":{\"@id\":\"https:\\\/\\\/tierschutz.com\\\/fr\\\/#\\\/schema\\\/logo\\\/image\\\/\"},\"sameAs\":[\"https:\\\/\\\/www.facebook.com\\\/schweizertierschutz\\\/\",\"https:\\\/\\\/www.instagram.com\\\/schweizertierschutzsts\\\/\",\"https:\\\/\\\/www.youtube.com\\\/@STS_Tierschutz\",\"https:\\\/\\\/www.linkedin.com\\\/company\\\/schweizertierschutzsts\\\/\"],\"description\":\"Der Schweizer Tierschutz STS ist der Dachverband von 71 Tierschutzorganisationen in allen Sprachregionen der Schweiz und in Liechtenstein. Seine Mitarbeitenden leisten wissenschaftlich fundierte Grundlagenarbeit, setzen sich mit Projekten und Aktionen f\u00fcr den Schutz und das Wohlbefinden von Heim-, Wild-, Nutz- und Versuchstieren ein und sensibilisieren die \u00d6ffentlichkeit f\u00fcr Tierschutzthemen.\",\"email\":\"sts@tierschutz.com\",\"telephone\":\"061 365 99 99\",\"legalName\":\"Schweizer Tierschutz STS\"}]}<\/script>\n<!-- \/ Yoast SEO Premium plugin. -->","yoast_head_json":{"title":"Direction - Protection Suisse des Animaux PSA","robots":{"index":"index","follow":"follow","max-snippet":"max-snippet:-1","max-image-preview":"max-image-preview:large","max-video-preview":"max-video-preview:-1"},"canonical":"https:\/\/sts-psa.ch\/fr\/la-psa\/association\/direction\/","og_locale":"fr_FR","og_type":"article","og_title":"Direction","og_description":"Direction Direction La direction dirige le travail op\u00e9rationnel de la Protection Suisse des Animaux PSA. Marco Mettler Directeur g\u00e9n\u00e9ral &nbsp; [&hellip;]","og_url":"https:\/\/sts-psa.ch\/fr\/la-psa\/association\/direction\/","og_site_name":"Protection Suisse des Animaux PSA","article_publisher":"https:\/\/www.facebook.com\/schweizertierschutz\/","article_modified_time":"2026-04-01T06:07:58+00:00","og_image":[{"url":"https:\/\/tierschutz.com\/app\/uploads\/2023\/11\/schweizer-tierschutz-sts-geschaeftsleitung.jpg","type":"","width":"","height":""}],"twitter_card":"summary_large_image","twitter_misc":{"Dur\u00e9e de lecture estim\u00e9e":"1 minute"},"schema":{"@context":"https:\/\/schema.org","@graph":[{"@type":"WebPage","@id":"https:\/\/sts-psa.ch\/fr\/la-psa\/association\/direction\/","url":"https:\/\/sts-psa.ch\/fr\/la-psa\/association\/direction\/","name":"Direction - Protection Suisse des Animaux PSA","isPartOf":{"@id":"https:\/\/tierschutz.com\/fr\/#website"},"primaryImageOfPage":{"@id":"https:\/\/sts-psa.ch\/fr\/la-psa\/association\/direction\/#primaryimage"},"image":{"@id":"https:\/\/sts-psa.ch\/fr\/la-psa\/association\/direction\/#primaryimage"},"thumbnailUrl":"https:\/\/tierschutz.com\/app\/uploads\/2023\/11\/schweizer-tierschutz-sts-geschaeftsleitung.jpg","datePublished":"2023-05-04T13:30:31+00:00","dateModified":"2026-04-01T06:07:58+00:00","breadcrumb":{"@id":"https:\/\/sts-psa.ch\/fr\/la-psa\/association\/direction\/#breadcrumb"},"inLanguage":"fr-FR","potentialAction":[{"@type":"ReadAction","target":["https:\/\/sts-psa.ch\/fr\/la-psa\/association\/direction\/"]}]},{"@type":"ImageObject","inLanguage":"fr-FR","@id":"https:\/\/sts-psa.ch\/fr\/la-psa\/association\/direction\/#primaryimage","url":"https:\/\/tierschutz.com\/app\/uploads\/2023\/11\/schweizer-tierschutz-sts-geschaeftsleitung.jpg","contentUrl":"https:\/\/tierschutz.com\/app\/uploads\/2023\/11\/schweizer-tierschutz-sts-geschaeftsleitung.jpg"},{"@type":"BreadcrumbList","@id":"https:\/\/sts-psa.ch\/fr\/la-psa\/association\/direction\/#breadcrumb","itemListElement":[{"@type":"ListItem","position":1,"name":"Page d\u2019accueil","item":"https:\/\/tierschutz.com\/fr\/"},{"@type":"ListItem","position":2,"name":"La PSA","item":"https:\/\/tierschutz.com\/fr\/la-psa\/"},{"@type":"ListItem","position":3,"name":"Association","item":"https:\/\/tierschutz.com\/fr\/la-psa\/association\/"},{"@type":"ListItem","position":4,"name":"Direction"}]},{"@type":"WebSite","@id":"https:\/\/tierschutz.com\/fr\/#website","url":"https:\/\/tierschutz.com\/fr\/","name":"tierschutz.com","description":"Wir setzen uns f\u00fcr das Wohl der Tiere ein.","publisher":{"@id":"https:\/\/tierschutz.com\/fr\/#organization"},"alternateName":"Schweizer Tierschutz STS","potentialAction":[{"@type":"SearchAction","target":{"@type":"EntryPoint","urlTemplate":"https:\/\/tierschutz.com\/fr\/?s={search_term_string}"},"query-input":{"@type":"PropertyValueSpecification","valueRequired":true,"valueName":"search_term_string"}}],"inLanguage":"fr-FR"},{"@type":"Organization","@id":"https:\/\/tierschutz.com\/fr\/#organization","name":"Schweizer Tierschutz STS","alternateName":"STS","url":"https:\/\/tierschutz.com\/fr\/","logo":{"@type":"ImageObject","inLanguage":"fr-FR","@id":"https:\/\/tierschutz.com\/fr\/#\/schema\/logo\/image\/","url":"https:\/\/sts-psa.ch\/app\/uploads\/2024\/04\/logo-schweizer-tierschutz-sts-1.svg","contentUrl":"https:\/\/sts-psa.ch\/app\/uploads\/2024\/04\/logo-schweizer-tierschutz-sts-1.svg","caption":"Schweizer Tierschutz STS"},"image":{"@id":"https:\/\/tierschutz.com\/fr\/#\/schema\/logo\/image\/"},"sameAs":["https:\/\/www.facebook.com\/schweizertierschutz\/","https:\/\/www.instagram.com\/schweizertierschutzsts\/","https:\/\/www.youtube.com\/@STS_Tierschutz","https:\/\/www.linkedin.com\/company\/schweizertierschutzsts\/"],"description":"Der Schweizer Tierschutz STS ist der Dachverband von 71 Tierschutzorganisationen in allen Sprachregionen der Schweiz und in Liechtenstein. Seine Mitarbeitenden leisten wissenschaftlich fundierte Grundlagenarbeit, setzen sich mit Projekten und Aktionen f\u00fcr den Schutz und das Wohlbefinden von Heim-, Wild-, Nutz- und Versuchstieren ein und sensibilisieren die \u00d6ffentlichkeit f\u00fcr Tierschutzthemen.","email":"sts@tierschutz.com","telephone":"061 365 99 99","legalName":"Schweizer Tierschutz STS"}]}},"_links":{"self":[{"href":"https:\/\/sts-psa.ch\/fr\/wp-json\/wp\/v2\/pages\/4521","targetHints":{"allow":["GET"]}}],"collection":[{"href":"https:\/\/sts-psa.ch\/fr\/wp-json\/wp\/v2\/pages"}],"about":[{"href":"https:\/\/sts-psa.ch\/fr\/wp-json\/wp\/v2\/types\/page"}],"author":[{"embeddable":true,"href":"https:\/\/sts-psa.ch\/fr\/wp-json\/wp\/v2\/users\/5"}],"replies":[{"embeddable":true,"href":"https:\/\/sts-psa.ch\/fr\/wp-json\/wp\/v2\/comments?post=4521"}],"version-history":[{"count":20,"href":"https:\/\/sts-psa.ch\/fr\/wp-json\/wp\/v2\/pages\/4521\/revisions"}],"predecessor-version":[{"id":36825,"href":"https:\/\/sts-psa.ch\/fr\/wp-json\/wp\/v2\/pages\/4521\/revisions\/36825"}],"up":[{"embeddable":true,"href":"https:\/\/sts-psa.ch\/fr\/wp-json\/wp\/v2\/pages\/4507"}],"wp:attachment":[{"href":"https:\/\/sts-psa.ch\/fr\/wp-json\/wp\/v2\/media?parent=4521"}],"curies":[{"name":"wp","href":"https:\/\/api.w.org\/{rel}","templated":true}]}}