{"id":5037,"date":"2023-05-04T11:35:58","date_gmt":"2023-05-04T09:35:58","guid":{"rendered":"https:\/\/dev.tierschutz.com\/?page_id=5037"},"modified":"2025-06-24T09:49:04","modified_gmt":"2025-06-24T07:49:04","slug":"formats","status":"publish","type":"page","link":"https:\/\/sts-psa.ch\/fr\/multimedia-psa\/formats\/","title":{"rendered":"Formats"},"content":{"rendered":"\n<div class=\"wp-block-cover alignfull is-light\" style=\"min-height:100vh;aspect-ratio:unset;\"><img loading=\"lazy\" decoding=\"async\" width=\"1416\" height=\"910\" class=\"wp-block-cover__image-background wp-image-2467\" alt=\"Ein Ziegenbock auf einem Berg\" src=\"https:\/\/tierschutz.com\/app\/uploads\/2023\/05\/STS-Formate.jpg\" data-object-fit=\"cover\" srcset=\"https:\/\/sts-psa.ch\/app\/uploads\/2023\/05\/STS-Formate.jpg 1416w, https:\/\/sts-psa.ch\/app\/uploads\/2023\/05\/STS-Formate-300x193.jpg 300w, https:\/\/sts-psa.ch\/app\/uploads\/2023\/05\/STS-Formate-1024x658.jpg 1024w, https:\/\/sts-psa.ch\/app\/uploads\/2023\/05\/STS-Formate-768x494.jpg 768w\" sizes=\"auto, (max-width: 1416px) 100vw, 1416px\" \/><span aria-hidden=\"true\" class=\"wp-block-cover__background has-background-dim-20 has-background-dim\"><\/span><div class=\"wp-block-cover__inner-container is-layout-flow wp-block-cover-is-layout-flow\">\n<h2 class=\"wp-block-heading has-text-align-center has-background-color has-text-color\" id=\"h-formats\"><strong><strong>Formats<\/strong><\/strong><\/h2>\n<\/div><\/div>\n\n\n\n<div class=\"wp-block-group has-background-background-color has-background is-layout-constrained wp-block-group-is-layout-constrained\"><div class=\"yoast-breadcrumbs\"><span><span><a href=\"https:\/\/tierschutz.com\/fr\/\">Page d\u2019accueil<\/a><\/span> \u00bb <span><a href=\"https:\/\/mail.schweizer-tierschutz-sts.ch\/fr\/multimedia-psa\/\">Multim\u00e9dia PSA<\/a><\/span> \u00bb <span class=\"breadcrumb_last\" aria-current=\"page\">Formats<\/span><\/span><\/div>\n\n\n<div class=\"wp-block-columns is-layout-flex wp-container-core-columns-is-layout-28f84493 wp-block-columns-is-layout-flex\">\n<div class=\"wp-block-column is-layout-flow wp-block-column-is-layout-flow\">\n<div class=\"wp-block-media-text alignwide is-stacked-on-mobile is-style-stacked-shadow no-inset\"><figure class=\"wp-block-media-text__media\"><img loading=\"lazy\" decoding=\"async\" width=\"1024\" height=\"663\" src=\"https:\/\/tierschutz.com\/app\/uploads\/2023\/06\/stspodcast-e1687952360160-1024x663.jpg\" alt=\"Blaue Libelle auf einem Grashalm. \" class=\"wp-image-5837 size-full\" srcset=\"https:\/\/sts-psa.ch\/app\/uploads\/2023\/06\/stspodcast-e1687952360160-1024x663.jpg 1024w, https:\/\/sts-psa.ch\/app\/uploads\/2023\/06\/stspodcast-e1687952360160-300x194.jpg 300w, https:\/\/sts-psa.ch\/app\/uploads\/2023\/06\/stspodcast-e1687952360160-768x497.jpg 768w, https:\/\/sts-psa.ch\/app\/uploads\/2023\/06\/stspodcast-e1687952360160-1536x995.jpg 1536w, https:\/\/sts-psa.ch\/app\/uploads\/2023\/06\/stspodcast-e1687952360160.jpg 1600w\" sizes=\"auto, (max-width: 1024px) 100vw, 1024px\" \/><\/figure><div class=\"wp-block-media-text__content\">\n<h3 class=\"wp-block-heading\" id=\"h-podcast-de-la-psa\"><strong><strong>Podcast de la PSA<\/strong><\/strong><\/h3>\n\n\n\n<p>Espace de discussion. \u00c9coutez \u00e9galement <br>\u00ab Tierschutz im Fokus \u00bb sur Spotify, Google Podcasts ou utilisez le flux RSS.<\/p>\n\n\n\n<div class=\"wp-block-buttons is-layout-flex wp-block-buttons-is-layout-flex\">\n<div class=\"wp-block-button\"><a class=\"wp-block-button__link wp-element-button\" href=\"https:\/\/tierschutz.com\/fr\/multimedia-psa\/formats\/podcast-de-la-psa\/\">En savoir plus<\/a><\/div>\n<\/div>\n<\/div><\/div>\n<\/div>\n\n\n\n<div class=\"wp-block-column is-layout-flow wp-block-column-is-layout-flow\">\n<div class=\"wp-block-media-text alignwide is-stacked-on-mobile is-style-stacked-shadow no-inset\"><figure class=\"wp-block-media-text__media\"><img loading=\"lazy\" decoding=\"async\" width=\"1024\" height=\"683\" src=\"https:\/\/tierschutz.com\/app\/uploads\/2023\/06\/madeline-bowen-O3L9n7_QI70-unsplash-1024x683.jpg\" alt=\"\" class=\"wp-image-7388 size-full\" srcset=\"https:\/\/sts-psa.ch\/app\/uploads\/2023\/06\/madeline-bowen-O3L9n7_QI70-unsplash-1024x683.jpg 1024w, https:\/\/sts-psa.ch\/app\/uploads\/2023\/06\/madeline-bowen-O3L9n7_QI70-unsplash-300x200.jpg 300w, https:\/\/sts-psa.ch\/app\/uploads\/2023\/06\/madeline-bowen-O3L9n7_QI70-unsplash-768x512.jpg 768w, https:\/\/sts-psa.ch\/app\/uploads\/2023\/06\/madeline-bowen-O3L9n7_QI70-unsplash-1536x1024.jpg 1536w, https:\/\/sts-psa.ch\/app\/uploads\/2023\/06\/madeline-bowen-O3L9n7_QI70-unsplash-2048x1365.jpg 2048w\" sizes=\"auto, (max-width: 1024px) 100vw, 1024px\" \/><\/figure><div class=\"wp-block-media-text__content\">\n<h3 class=\"wp-block-heading\" id=\"h-sts-video\"><strong><strong>STS-Video<\/strong><\/strong><\/h3>\n\n\n\n<p>Faites connaissance avec des animaux \u00e0 placer dans notre propre \u00e9mission de t\u00e9l\u00e9vision tierreport.ch.<\/p>\n\n\n\n<div class=\"wp-block-buttons is-layout-flex wp-block-buttons-is-layout-flex\">\n<div class=\"wp-block-button\"><a class=\"wp-block-button__link wp-element-button\" href=\"https:\/\/tierschutz.com\/fr\/multimedia-psa\/formats\/sts-video\/\">En savoir plus<\/a><\/div>\n<\/div>\n<\/div><\/div>\n<\/div>\n<\/div>\n<\/div>\n","protected":false},"excerpt":{"rendered":"<p>Podcast de la PSA Espace de discussion. \u00c9coutez \u00e9galement \u00ab Tierschutz im Fokus \u00bb sur Spotify, Google Podcasts ou utilisez [&hellip;]<\/p>\n","protected":false},"author":5,"featured_media":0,"parent":5036,"menu_order":443,"comment_status":"closed","ping_status":"closed","template":"","meta":{"_acf_changed":false,"inline_featured_image":false,"_vp_format_video_url":"","_vp_image_focal_point":[],"footnotes":""},"class_list":["post-5037","page","type-page","status-publish","hentry"],"acf":[],"yoast_head":"<!-- This site is optimized with the Yoast SEO Premium plugin v27.4 (Yoast SEO v27.4) - https:\/\/yoast.com\/product\/yoast-seo-premium-wordpress\/ -->\n<title>Formats - Protection Suisse des Animaux PSA<\/title>\n<meta name=\"robots\" content=\"index, follow, max-snippet:-1, max-image-preview:large, max-video-preview:-1\" \/>\n<link rel=\"canonical\" href=\"https:\/\/sts-psa.ch\/fr\/multimedia-psa\/formats\/\" \/>\n<meta property=\"og:locale\" content=\"fr_FR\" \/>\n<meta property=\"og:type\" content=\"article\" \/>\n<meta property=\"og:title\" content=\"Formats\" \/>\n<meta property=\"og:description\" content=\"Podcast de la PSA Espace de discussion. \u00c9coutez \u00e9galement \u00ab Tierschutz im Fokus \u00bb sur Spotify, Google Podcasts ou utilisez [&hellip;]\" \/>\n<meta property=\"og:url\" content=\"https:\/\/sts-psa.ch\/fr\/multimedia-psa\/formats\/\" \/>\n<meta property=\"og:site_name\" content=\"Protection Suisse des Animaux PSA\" \/>\n<meta property=\"article:publisher\" content=\"https:\/\/www.facebook.com\/schweizertierschutz\/\" \/>\n<meta property=\"article:modified_time\" content=\"2025-06-24T07:49:04+00:00\" \/>\n<meta property=\"og:image\" content=\"https:\/\/tierschutz.com\/app\/uploads\/2023\/05\/STS-Formate.jpg\" \/>\n<meta name=\"twitter:card\" content=\"summary_large_image\" \/>\n<meta name=\"twitter:label1\" content=\"Dur\u00e9e de lecture estim\u00e9e\" \/>\n\t<meta name=\"twitter:data1\" content=\"1 minute\" \/>\n<script type=\"application\/ld+json\" class=\"yoast-schema-graph\">{\"@context\":\"https:\\\/\\\/schema.org\",\"@graph\":[{\"@type\":\"WebPage\",\"@id\":\"https:\\\/\\\/sts-psa.ch\\\/fr\\\/multimedia-psa\\\/formats\\\/\",\"url\":\"https:\\\/\\\/sts-psa.ch\\\/fr\\\/multimedia-psa\\\/formats\\\/\",\"name\":\"Formats - Protection Suisse des Animaux PSA\",\"isPartOf\":{\"@id\":\"https:\\\/\\\/tierschutz.com\\\/fr\\\/#website\"},\"primaryImageOfPage\":{\"@id\":\"https:\\\/\\\/sts-psa.ch\\\/fr\\\/multimedia-psa\\\/formats\\\/#primaryimage\"},\"image\":{\"@id\":\"https:\\\/\\\/sts-psa.ch\\\/fr\\\/multimedia-psa\\\/formats\\\/#primaryimage\"},\"thumbnailUrl\":\"https:\\\/\\\/tierschutz.com\\\/app\\\/uploads\\\/2023\\\/05\\\/STS-Formate.jpg\",\"datePublished\":\"2023-05-04T09:35:58+00:00\",\"dateModified\":\"2025-06-24T07:49:04+00:00\",\"breadcrumb\":{\"@id\":\"https:\\\/\\\/sts-psa.ch\\\/fr\\\/multimedia-psa\\\/formats\\\/#breadcrumb\"},\"inLanguage\":\"fr-FR\",\"potentialAction\":[{\"@type\":\"ReadAction\",\"target\":[\"https:\\\/\\\/sts-psa.ch\\\/fr\\\/multimedia-psa\\\/formats\\\/\"]}]},{\"@type\":\"ImageObject\",\"inLanguage\":\"fr-FR\",\"@id\":\"https:\\\/\\\/sts-psa.ch\\\/fr\\\/multimedia-psa\\\/formats\\\/#primaryimage\",\"url\":\"https:\\\/\\\/tierschutz.com\\\/app\\\/uploads\\\/2023\\\/05\\\/STS-Formate.jpg\",\"contentUrl\":\"https:\\\/\\\/tierschutz.com\\\/app\\\/uploads\\\/2023\\\/05\\\/STS-Formate.jpg\"},{\"@type\":\"BreadcrumbList\",\"@id\":\"https:\\\/\\\/sts-psa.ch\\\/fr\\\/multimedia-psa\\\/formats\\\/#breadcrumb\",\"itemListElement\":[{\"@type\":\"ListItem\",\"position\":1,\"name\":\"Page d\u2019accueil\",\"item\":\"https:\\\/\\\/tierschutz.com\\\/fr\\\/\"},{\"@type\":\"ListItem\",\"position\":2,\"name\":\"Multim\u00e9dia PSA\",\"item\":\"https:\\\/\\\/mail.schweizer-tierschutz-sts.ch\\\/fr\\\/multimedia-psa\\\/\"},{\"@type\":\"ListItem\",\"position\":3,\"name\":\"Formats\"}]},{\"@type\":\"WebSite\",\"@id\":\"https:\\\/\\\/tierschutz.com\\\/fr\\\/#website\",\"url\":\"https:\\\/\\\/tierschutz.com\\\/fr\\\/\",\"name\":\"tierschutz.com\",\"description\":\"Wir setzen uns f\u00fcr das Wohl der Tiere ein.\",\"publisher\":{\"@id\":\"https:\\\/\\\/tierschutz.com\\\/fr\\\/#organization\"},\"alternateName\":\"Schweizer Tierschutz STS\",\"potentialAction\":[{\"@type\":\"SearchAction\",\"target\":{\"@type\":\"EntryPoint\",\"urlTemplate\":\"https:\\\/\\\/tierschutz.com\\\/fr\\\/?s={search_term_string}\"},\"query-input\":{\"@type\":\"PropertyValueSpecification\",\"valueRequired\":true,\"valueName\":\"search_term_string\"}}],\"inLanguage\":\"fr-FR\"},{\"@type\":\"Organization\",\"@id\":\"https:\\\/\\\/tierschutz.com\\\/fr\\\/#organization\",\"name\":\"Schweizer Tierschutz STS\",\"alternateName\":\"STS\",\"url\":\"https:\\\/\\\/tierschutz.com\\\/fr\\\/\",\"logo\":{\"@type\":\"ImageObject\",\"inLanguage\":\"fr-FR\",\"@id\":\"https:\\\/\\\/tierschutz.com\\\/fr\\\/#\\\/schema\\\/logo\\\/image\\\/\",\"url\":\"https:\\\/\\\/sts-psa.ch\\\/app\\\/uploads\\\/2024\\\/04\\\/logo-schweizer-tierschutz-sts-1.svg\",\"contentUrl\":\"https:\\\/\\\/sts-psa.ch\\\/app\\\/uploads\\\/2024\\\/04\\\/logo-schweizer-tierschutz-sts-1.svg\",\"caption\":\"Schweizer Tierschutz STS\"},\"image\":{\"@id\":\"https:\\\/\\\/tierschutz.com\\\/fr\\\/#\\\/schema\\\/logo\\\/image\\\/\"},\"sameAs\":[\"https:\\\/\\\/www.facebook.com\\\/schweizertierschutz\\\/\",\"https:\\\/\\\/www.instagram.com\\\/schweizertierschutzsts\\\/\",\"https:\\\/\\\/www.youtube.com\\\/@STS_Tierschutz\",\"https:\\\/\\\/www.linkedin.com\\\/company\\\/schweizertierschutzsts\\\/\"],\"description\":\"Der Schweizer Tierschutz STS ist der Dachverband von 71 Tierschutzorganisationen in allen Sprachregionen der Schweiz und in Liechtenstein. Seine Mitarbeitenden leisten wissenschaftlich fundierte Grundlagenarbeit, setzen sich mit Projekten und Aktionen f\u00fcr den Schutz und das Wohlbefinden von Heim-, Wild-, Nutz- und Versuchstieren ein und sensibilisieren die \u00d6ffentlichkeit f\u00fcr Tierschutzthemen.\",\"email\":\"sts@tierschutz.com\",\"telephone\":\"061 365 99 99\",\"legalName\":\"Schweizer Tierschutz STS\"}]}<\/script>\n<!-- \/ Yoast SEO Premium plugin. -->","yoast_head_json":{"title":"Formats - Protection Suisse des Animaux PSA","robots":{"index":"index","follow":"follow","max-snippet":"max-snippet:-1","max-image-preview":"max-image-preview:large","max-video-preview":"max-video-preview:-1"},"canonical":"https:\/\/sts-psa.ch\/fr\/multimedia-psa\/formats\/","og_locale":"fr_FR","og_type":"article","og_title":"Formats","og_description":"Podcast de la PSA Espace de discussion. \u00c9coutez \u00e9galement \u00ab Tierschutz im Fokus \u00bb sur Spotify, Google Podcasts ou utilisez [&hellip;]","og_url":"https:\/\/sts-psa.ch\/fr\/multimedia-psa\/formats\/","og_site_name":"Protection Suisse des Animaux PSA","article_publisher":"https:\/\/www.facebook.com\/schweizertierschutz\/","article_modified_time":"2025-06-24T07:49:04+00:00","og_image":[{"url":"https:\/\/tierschutz.com\/app\/uploads\/2023\/05\/STS-Formate.jpg","type":"","width":"","height":""}],"twitter_card":"summary_large_image","twitter_misc":{"Dur\u00e9e de lecture estim\u00e9e":"1 minute"},"schema":{"@context":"https:\/\/schema.org","@graph":[{"@type":"WebPage","@id":"https:\/\/sts-psa.ch\/fr\/multimedia-psa\/formats\/","url":"https:\/\/sts-psa.ch\/fr\/multimedia-psa\/formats\/","name":"Formats - Protection Suisse des Animaux PSA","isPartOf":{"@id":"https:\/\/tierschutz.com\/fr\/#website"},"primaryImageOfPage":{"@id":"https:\/\/sts-psa.ch\/fr\/multimedia-psa\/formats\/#primaryimage"},"image":{"@id":"https:\/\/sts-psa.ch\/fr\/multimedia-psa\/formats\/#primaryimage"},"thumbnailUrl":"https:\/\/tierschutz.com\/app\/uploads\/2023\/05\/STS-Formate.jpg","datePublished":"2023-05-04T09:35:58+00:00","dateModified":"2025-06-24T07:49:04+00:00","breadcrumb":{"@id":"https:\/\/sts-psa.ch\/fr\/multimedia-psa\/formats\/#breadcrumb"},"inLanguage":"fr-FR","potentialAction":[{"@type":"ReadAction","target":["https:\/\/sts-psa.ch\/fr\/multimedia-psa\/formats\/"]}]},{"@type":"ImageObject","inLanguage":"fr-FR","@id":"https:\/\/sts-psa.ch\/fr\/multimedia-psa\/formats\/#primaryimage","url":"https:\/\/tierschutz.com\/app\/uploads\/2023\/05\/STS-Formate.jpg","contentUrl":"https:\/\/tierschutz.com\/app\/uploads\/2023\/05\/STS-Formate.jpg"},{"@type":"BreadcrumbList","@id":"https:\/\/sts-psa.ch\/fr\/multimedia-psa\/formats\/#breadcrumb","itemListElement":[{"@type":"ListItem","position":1,"name":"Page d\u2019accueil","item":"https:\/\/tierschutz.com\/fr\/"},{"@type":"ListItem","position":2,"name":"Multim\u00e9dia PSA","item":"https:\/\/mail.schweizer-tierschutz-sts.ch\/fr\/multimedia-psa\/"},{"@type":"ListItem","position":3,"name":"Formats"}]},{"@type":"WebSite","@id":"https:\/\/tierschutz.com\/fr\/#website","url":"https:\/\/tierschutz.com\/fr\/","name":"tierschutz.com","description":"Wir setzen uns f\u00fcr das Wohl der Tiere ein.","publisher":{"@id":"https:\/\/tierschutz.com\/fr\/#organization"},"alternateName":"Schweizer Tierschutz STS","potentialAction":[{"@type":"SearchAction","target":{"@type":"EntryPoint","urlTemplate":"https:\/\/tierschutz.com\/fr\/?s={search_term_string}"},"query-input":{"@type":"PropertyValueSpecification","valueRequired":true,"valueName":"search_term_string"}}],"inLanguage":"fr-FR"},{"@type":"Organization","@id":"https:\/\/tierschutz.com\/fr\/#organization","name":"Schweizer Tierschutz STS","alternateName":"STS","url":"https:\/\/tierschutz.com\/fr\/","logo":{"@type":"ImageObject","inLanguage":"fr-FR","@id":"https:\/\/tierschutz.com\/fr\/#\/schema\/logo\/image\/","url":"https:\/\/sts-psa.ch\/app\/uploads\/2024\/04\/logo-schweizer-tierschutz-sts-1.svg","contentUrl":"https:\/\/sts-psa.ch\/app\/uploads\/2024\/04\/logo-schweizer-tierschutz-sts-1.svg","caption":"Schweizer Tierschutz STS"},"image":{"@id":"https:\/\/tierschutz.com\/fr\/#\/schema\/logo\/image\/"},"sameAs":["https:\/\/www.facebook.com\/schweizertierschutz\/","https:\/\/www.instagram.com\/schweizertierschutzsts\/","https:\/\/www.youtube.com\/@STS_Tierschutz","https:\/\/www.linkedin.com\/company\/schweizertierschutzsts\/"],"description":"Der Schweizer Tierschutz STS ist der Dachverband von 71 Tierschutzorganisationen in allen Sprachregionen der Schweiz und in Liechtenstein. Seine Mitarbeitenden leisten wissenschaftlich fundierte Grundlagenarbeit, setzen sich mit Projekten und Aktionen f\u00fcr den Schutz und das Wohlbefinden von Heim-, Wild-, Nutz- und Versuchstieren ein und sensibilisieren die \u00d6ffentlichkeit f\u00fcr Tierschutzthemen.","email":"sts@tierschutz.com","telephone":"061 365 99 99","legalName":"Schweizer Tierschutz STS"}]}},"_links":{"self":[{"href":"https:\/\/sts-psa.ch\/fr\/wp-json\/wp\/v2\/pages\/5037","targetHints":{"allow":["GET"]}}],"collection":[{"href":"https:\/\/sts-psa.ch\/fr\/wp-json\/wp\/v2\/pages"}],"about":[{"href":"https:\/\/sts-psa.ch\/fr\/wp-json\/wp\/v2\/types\/page"}],"author":[{"embeddable":true,"href":"https:\/\/sts-psa.ch\/fr\/wp-json\/wp\/v2\/users\/5"}],"replies":[{"embeddable":true,"href":"https:\/\/sts-psa.ch\/fr\/wp-json\/wp\/v2\/comments?post=5037"}],"version-history":[{"count":7,"href":"https:\/\/sts-psa.ch\/fr\/wp-json\/wp\/v2\/pages\/5037\/revisions"}],"predecessor-version":[{"id":32203,"href":"https:\/\/sts-psa.ch\/fr\/wp-json\/wp\/v2\/pages\/5037\/revisions\/32203"}],"up":[{"embeddable":true,"href":"https:\/\/sts-psa.ch\/fr\/wp-json\/wp\/v2\/pages\/5036"}],"wp:attachment":[{"href":"https:\/\/sts-psa.ch\/fr\/wp-json\/wp\/v2\/media?parent=5037"}],"curies":[{"name":"wp","href":"https:\/\/api.w.org\/{rel}","templated":true}]}}