{"id":5045,"date":"2023-05-04T11:30:15","date_gmt":"2023-05-04T09:30:15","guid":{"rendered":"https:\/\/dev.tierschutz.com\/?page_id=5045"},"modified":"2025-07-22T09:46:46","modified_gmt":"2025-07-22T07:46:46","slug":"animaux-de-rente","status":"publish","type":"page","link":"https:\/\/sts-psa.ch\/fr\/detention-des-animaux\/animaux-de-rente\/","title":{"rendered":"Animaux de rente"},"content":{"rendered":"\n<div class=\"wp-block-cover alignfull is-light\" style=\"min-height:100vh;aspect-ratio:unset;\"><img decoding=\"async\" class=\"wp-block-cover__image-background wp-image-5223\" alt=\"\" src=\"https:\/\/tierschutz.com\/app\/uploads\/2023\/06\/sts-nutztierhaltung-scaled-e1686821780359.jpg\" style=\"object-position:53% 43%\" data-object-fit=\"cover\" data-object-position=\"53% 43%\"\/><span aria-hidden=\"true\" class=\"wp-block-cover__background has-background-dim-20 has-background-dim\"><\/span><div class=\"wp-block-cover__inner-container is-layout-flow wp-block-cover-is-layout-flow\">\n<h1 class=\"wp-block-heading has-text-align-center has-background-color has-text-color\" id=\"h-animaux-de-rente\"><strong><strong><strong>Animaux de rente<\/strong><\/strong><\/strong><\/h1>\n<\/div><\/div>\n\n\n\n<div class=\"wp-block-group has-background-background-color has-background is-layout-constrained wp-block-group-is-layout-constrained\"><div class=\"yoast-breadcrumbs\"><span><span><a href=\"https:\/\/mail.schweizer-tierschutz.ch\/fr\/\">Page d\u2019accueil<\/a><\/span> \u00bb <span><a href=\"https:\/\/tierschutz.com\/fr\/detention-des-animaux\/\">D\u00e9tention des animaux<\/a><\/span> \u00bb <span class=\"breadcrumb_last\" aria-current=\"page\">Animaux de rente<\/span><\/span><\/div>\n\n\n<div class=\"wp-block-columns is-layout-flex wp-container-core-columns-is-layout-28f84493 wp-block-columns-is-layout-flex\">\n<div class=\"wp-block-column is-layout-flow wp-block-column-is-layout-flow\">\n<div class=\"wp-block-media-text alignwide is-stacked-on-mobile is-style-stacked-shadow no-inset\"><figure class=\"wp-block-media-text__media\"><img loading=\"lazy\" decoding=\"async\" width=\"1024\" height=\"658\" src=\"https:\/\/tierschutz.com\/app\/uploads\/2023\/05\/STS-Rinder-1-1024x658.jpg\" alt=\"Eine Braune Kuh mit ihrem K\u00e4lbchen, das gerade bei der Kuh Milch trinkt auf einer Wiese\" class=\"wp-image-1883 size-full\" srcset=\"https:\/\/sts-psa.ch\/app\/uploads\/2023\/05\/STS-Rinder-1-1024x658.jpg 1024w, https:\/\/sts-psa.ch\/app\/uploads\/2023\/05\/STS-Rinder-1-300x193.jpg 300w, https:\/\/sts-psa.ch\/app\/uploads\/2023\/05\/STS-Rinder-1-768x494.jpg 768w, https:\/\/sts-psa.ch\/app\/uploads\/2023\/05\/STS-Rinder-1.jpg 1416w\" sizes=\"auto, (max-width: 1024px) 100vw, 1024px\" \/><\/figure><div class=\"wp-block-media-text__content\">\n<h3 class=\"wp-block-heading\" id=\"h-bovins\"><strong>Bovins<\/strong><\/h3>\n\n\n\n<p>Une vache, \u00e7a fait meuh. Et dans le meilleur des cas, c&#8217;est un meuglement heureux. Lisez ici ce qui est important dans l&#8217;\u00e9levage bovin.<\/p>\n\n\n\n<div class=\"wp-block-buttons is-layout-flex wp-block-buttons-is-layout-flex\">\n<div class=\"wp-block-button\"><a class=\"wp-block-button__link wp-element-button\" href=\"https:\/\/tierschutz.com\/fr\/detention-des-animaux\/animaux-de-rente\/bovins\/\">En savoir plus<\/a><\/div>\n<\/div>\n<\/div><\/div>\n<\/div>\n\n\n\n<div class=\"wp-block-column is-layout-flow wp-block-column-is-layout-flow\">\n<div class=\"wp-block-media-text alignwide is-stacked-on-mobile is-style-stacked-shadow no-inset\"><figure class=\"wp-block-media-text__media\"><img loading=\"lazy\" decoding=\"async\" width=\"1024\" height=\"658\" src=\"https:\/\/tierschutz.com\/app\/uploads\/2023\/05\/STS-Schwein-2-1024x658.jpg\" alt=\"Mehrere Ferkel mit schwarzen Flecken auf einer Wiese\" class=\"wp-image-1893 size-full\" srcset=\"https:\/\/sts-psa.ch\/app\/uploads\/2023\/05\/STS-Schwein-2-1024x658.jpg 1024w, https:\/\/sts-psa.ch\/app\/uploads\/2023\/05\/STS-Schwein-2-300x193.jpg 300w, https:\/\/sts-psa.ch\/app\/uploads\/2023\/05\/STS-Schwein-2-768x494.jpg 768w, https:\/\/sts-psa.ch\/app\/uploads\/2023\/05\/STS-Schwein-2.jpg 1416w\" sizes=\"auto, (max-width: 1024px) 100vw, 1024px\" \/><\/figure><div class=\"wp-block-media-text__content\">\n<h3 class=\"wp-block-heading\" id=\"h-porcs\"><strong>Porcs<\/strong><\/h3>\n\n\n\n<p>Pendant des d\u00e9cennies, on a cru \u00e0 tort que les porcs \u00e9taient frugaux et peu exigeants en mati\u00e8re d&#8217;\u00e9levage et d&#8217;enclos. Mais ce n&#8217;est pas le cas.<\/p>\n\n\n\n<div class=\"wp-block-buttons is-layout-flex wp-block-buttons-is-layout-flex\">\n<div class=\"wp-block-button\"><a class=\"wp-block-button__link wp-element-button\" href=\"https:\/\/tierschutz.com\/fr\/detention-des-animaux\/animaux-de-rente\/porcs\/\">En savoir plus<\/a><\/div>\n<\/div>\n<\/div><\/div>\n<\/div>\n<\/div>\n\n\n\n<div class=\"wp-block-columns is-layout-flex wp-container-core-columns-is-layout-28f84493 wp-block-columns-is-layout-flex\">\n<div class=\"wp-block-column is-layout-flow wp-block-column-is-layout-flow\">\n<div class=\"wp-block-media-text alignwide is-stacked-on-mobile is-style-stacked-shadow no-inset\"><figure class=\"wp-block-media-text__media\"><img loading=\"lazy\" decoding=\"async\" width=\"1024\" height=\"683\" src=\"https:\/\/tierschutz.com\/app\/uploads\/2023\/06\/sts-ziege-schaf-1024x683.jpg\" alt=\"\" class=\"wp-image-5921 size-full\" srcset=\"https:\/\/sts-psa.ch\/app\/uploads\/2023\/06\/sts-ziege-schaf-1024x683.jpg 1024w, https:\/\/sts-psa.ch\/app\/uploads\/2023\/06\/sts-ziege-schaf-300x200.jpg 300w, https:\/\/sts-psa.ch\/app\/uploads\/2023\/06\/sts-ziege-schaf-768x512.jpg 768w, https:\/\/sts-psa.ch\/app\/uploads\/2023\/06\/sts-ziege-schaf-1536x1024.jpg 1536w, https:\/\/sts-psa.ch\/app\/uploads\/2023\/06\/sts-ziege-schaf-2048x1365.jpg 2048w\" sizes=\"auto, (max-width: 1024px) 100vw, 1024px\" \/><\/figure><div class=\"wp-block-media-text__content\">\n<h3 class=\"wp-block-heading\" id=\"h-chevres-et-moutons\"><strong>Ch\u00e8vres et moutons<\/strong><\/h3>\n\n\n\n<p>Les mignonnes petites boules de laine attachent une importance particuli\u00e8re \u00e0 un exercice suffisant et \u00e0 des \u00e9tables propres et s\u00e8ches. D\u00e9couvrez ici ce dont les animaux ont encore besoin pour se sentir bien.<\/p>\n\n\n\n<div class=\"wp-block-buttons is-layout-flex wp-block-buttons-is-layout-flex\">\n<div class=\"wp-block-button\"><a class=\"wp-block-button__link wp-element-button\" href=\"https:\/\/tierschutz.com\/fr\/detention-des-animaux\/animaux-de-rente\/chevres-et-moutons\/\">En savoir plus<\/a><\/div>\n<\/div>\n<\/div><\/div>\n<\/div>\n\n\n\n<div class=\"wp-block-column is-layout-flow wp-block-column-is-layout-flow\">\n<div class=\"wp-block-media-text alignwide is-stacked-on-mobile is-style-stacked-shadow no-inset\"><figure class=\"wp-block-media-text__media\"><img loading=\"lazy\" decoding=\"async\" width=\"1024\" height=\"658\" src=\"https:\/\/tierschutz.com\/app\/uploads\/2023\/05\/STS-Private-Huehnerhaltung-1024x658.jpg\" alt=\"Ein braunes Huhn vor verschwommenen Hintergrund\" class=\"wp-image-2180 size-full\" srcset=\"https:\/\/sts-psa.ch\/app\/uploads\/2023\/05\/STS-Private-Huehnerhaltung-1024x658.jpg 1024w, https:\/\/sts-psa.ch\/app\/uploads\/2023\/05\/STS-Private-Huehnerhaltung-300x193.jpg 300w, https:\/\/sts-psa.ch\/app\/uploads\/2023\/05\/STS-Private-Huehnerhaltung-768x494.jpg 768w, https:\/\/sts-psa.ch\/app\/uploads\/2023\/05\/STS-Private-Huehnerhaltung.jpg 1416w\" sizes=\"auto, (max-width: 1024px) 100vw, 1024px\" \/><\/figure><div class=\"wp-block-media-text__content\">\n<h3 class=\"wp-block-heading\" id=\"h-oiseaux-de-basse-cour\"><strong>Oiseaux de basse-cour<\/strong><\/h3>\n\n\n\n<p>Pendant longtemps, les volailles ont \u00e9t\u00e9 \u00e9lev\u00e9es dans des conditions cruelles pour les animaux. Mais aujourd&#8217;hui, il est clair qu&#8217;un grand espace de libert\u00e9 et une alimentation vari\u00e9e sont essentiels pour les animaux.<\/p>\n\n\n\n<div class=\"wp-block-buttons is-layout-flex wp-block-buttons-is-layout-flex\">\n<div class=\"wp-block-button\"><a class=\"wp-block-button__link wp-element-button\" href=\"https:\/\/tierschutz.com\/fr\/detention-des-animaux\/animaux-de-rente\/oiseaux-de-basse-cour\/\">En savoir plus<\/a><\/div>\n<\/div>\n<\/div><\/div>\n<\/div>\n<\/div>\n\n\n\n<div class=\"wp-block-columns is-layout-flex wp-container-core-columns-is-layout-28f84493 wp-block-columns-is-layout-flex\">\n<div class=\"wp-block-column is-layout-flow wp-block-column-is-layout-flow\">\n<div class=\"wp-block-media-text alignwide is-stacked-on-mobile no-inset is-style-stacked-shadow\"><figure class=\"wp-block-media-text__media\"><a href=\"https:\/\/tierschutz.com\/tierhaltung\/nutztierhaltung\/kompetenzzentrum\/\"><img loading=\"lazy\" decoding=\"async\" width=\"1024\" height=\"658\" src=\"https:\/\/tierschutz.com\/app\/uploads\/2023\/07\/tierschutz-nutztierhaltung-1024x658.jpg\" alt=\"Eine hellbraune Kuh auf einer Wiese mit Bergen im Hintergrund\" class=\"wp-image-8504 size-full\" srcset=\"https:\/\/sts-psa.ch\/app\/uploads\/2023\/07\/tierschutz-nutztierhaltung-1024x658.jpg 1024w, https:\/\/sts-psa.ch\/app\/uploads\/2023\/07\/tierschutz-nutztierhaltung-300x193.jpg 300w, https:\/\/sts-psa.ch\/app\/uploads\/2023\/07\/tierschutz-nutztierhaltung-768x494.jpg 768w, https:\/\/sts-psa.ch\/app\/uploads\/2023\/07\/tierschutz-nutztierhaltung.jpg 1416w\" sizes=\"auto, (max-width: 1024px) 100vw, 1024px\" \/><\/a><\/figure><div class=\"wp-block-media-text__content\">\n<h3 class=\"wp-block-heading\" id=\"h-centre-de-competence-animaux-de-rente-service-de-controle-psa\"><strong>Centre de comp\u00e9tence Animaux de rente \/ Service de contr\u00f4le PSA<\/strong><\/h3>\n\n\n\n<p>Le d\u00e9partement Animaux de rente de la Protection Suisse des Animaux PSA, avec son service de contr\u00f4le PSA, garantit des contr\u00f4les ind\u00e9pendants, comp\u00e9tents et cr\u00e9dibles, ax\u00e9s sur le bien-\u00eatre animal, dans les \u00e9levages, lors du transport des animaux et dans les abattoirs.<\/p>\n\n\n\n<div class=\"wp-block-buttons is-layout-flex wp-block-buttons-is-layout-flex\">\n<div class=\"wp-block-button\"><a class=\"wp-block-button__link wp-element-button\" href=\"https:\/\/tierschutz.com\/fr\/detention-des-animaux\/animaux-de-rente\/centre-de-competence-animaux-de-rente-protection-suisse-des-animaux-psa-service-de-controle-psa\/\">En savoir plus<\/a><\/div>\n<\/div>\n<\/div><\/div>\n<\/div>\n\n\n\n<div class=\"wp-block-column is-layout-flow wp-block-column-is-layout-flow\"><\/div>\n<\/div>\n<\/div>\n","protected":false},"excerpt":{"rendered":"<p>Bovins Une vache, \u00e7a fait meuh. Et dans le meilleur des cas, c&#8217;est un meuglement heureux. Lisez ici ce qui [&hellip;]<\/p>\n","protected":false},"author":5,"featured_media":0,"parent":5043,"menu_order":121,"comment_status":"closed","ping_status":"closed","template":"","meta":{"_acf_changed":false,"inline_featured_image":false,"_vp_format_video_url":"","_vp_image_focal_point":[],"footnotes":""},"class_list":["post-5045","page","type-page","status-publish","hentry"],"acf":[],"yoast_head":"<!-- This site is optimized with the Yoast SEO Premium plugin v27.4 (Yoast SEO v27.4) - https:\/\/yoast.com\/product\/yoast-seo-premium-wordpress\/ -->\n<title>Animaux de rente - Protection Suisse des Animaux PSA<\/title>\n<meta name=\"robots\" content=\"index, follow, max-snippet:-1, max-image-preview:large, max-video-preview:-1\" \/>\n<link rel=\"canonical\" href=\"https:\/\/sts-psa.ch\/fr\/detention-des-animaux\/animaux-de-rente\/\" \/>\n<meta property=\"og:locale\" content=\"fr_FR\" \/>\n<meta property=\"og:type\" content=\"article\" \/>\n<meta property=\"og:title\" content=\"Animaux de rente\" \/>\n<meta property=\"og:description\" content=\"Bovins Une vache, \u00e7a fait meuh. Et dans le meilleur des cas, c&#8217;est un meuglement heureux. Lisez ici ce qui [&hellip;]\" \/>\n<meta property=\"og:url\" content=\"https:\/\/sts-psa.ch\/fr\/detention-des-animaux\/animaux-de-rente\/\" \/>\n<meta property=\"og:site_name\" content=\"Protection Suisse des Animaux PSA\" \/>\n<meta property=\"article:publisher\" content=\"https:\/\/www.facebook.com\/schweizertierschutz\/\" \/>\n<meta property=\"article:modified_time\" content=\"2025-07-22T07:46:46+00:00\" \/>\n<meta property=\"og:image\" content=\"https:\/\/tierschutz.com\/app\/uploads\/2023\/06\/sts-nutztierhaltung-scaled-e1686821780359.jpg\" \/>\n<meta name=\"twitter:card\" content=\"summary_large_image\" \/>\n<meta name=\"twitter:label1\" content=\"Dur\u00e9e de lecture estim\u00e9e\" \/>\n\t<meta name=\"twitter:data1\" content=\"3 minutes\" \/>\n<script type=\"application\/ld+json\" class=\"yoast-schema-graph\">{\"@context\":\"https:\\\/\\\/schema.org\",\"@graph\":[{\"@type\":\"WebPage\",\"@id\":\"https:\\\/\\\/sts-psa.ch\\\/fr\\\/detention-des-animaux\\\/animaux-de-rente\\\/\",\"url\":\"https:\\\/\\\/sts-psa.ch\\\/fr\\\/detention-des-animaux\\\/animaux-de-rente\\\/\",\"name\":\"Animaux de rente - Protection Suisse des Animaux PSA\",\"isPartOf\":{\"@id\":\"https:\\\/\\\/sts-psa.ch\\\/fr\\\/#website\"},\"primaryImageOfPage\":{\"@id\":\"https:\\\/\\\/sts-psa.ch\\\/fr\\\/detention-des-animaux\\\/animaux-de-rente\\\/#primaryimage\"},\"image\":{\"@id\":\"https:\\\/\\\/sts-psa.ch\\\/fr\\\/detention-des-animaux\\\/animaux-de-rente\\\/#primaryimage\"},\"thumbnailUrl\":\"https:\\\/\\\/tierschutz.com\\\/app\\\/uploads\\\/2023\\\/06\\\/sts-nutztierhaltung-scaled-e1686821780359.jpg\",\"datePublished\":\"2023-05-04T09:30:15+00:00\",\"dateModified\":\"2025-07-22T07:46:46+00:00\",\"breadcrumb\":{\"@id\":\"https:\\\/\\\/sts-psa.ch\\\/fr\\\/detention-des-animaux\\\/animaux-de-rente\\\/#breadcrumb\"},\"inLanguage\":\"fr-FR\",\"potentialAction\":[{\"@type\":\"ReadAction\",\"target\":[\"https:\\\/\\\/sts-psa.ch\\\/fr\\\/detention-des-animaux\\\/animaux-de-rente\\\/\"]}]},{\"@type\":\"ImageObject\",\"inLanguage\":\"fr-FR\",\"@id\":\"https:\\\/\\\/sts-psa.ch\\\/fr\\\/detention-des-animaux\\\/animaux-de-rente\\\/#primaryimage\",\"url\":\"https:\\\/\\\/tierschutz.com\\\/app\\\/uploads\\\/2023\\\/06\\\/sts-nutztierhaltung-scaled-e1686821780359.jpg\",\"contentUrl\":\"https:\\\/\\\/tierschutz.com\\\/app\\\/uploads\\\/2023\\\/06\\\/sts-nutztierhaltung-scaled-e1686821780359.jpg\"},{\"@type\":\"BreadcrumbList\",\"@id\":\"https:\\\/\\\/sts-psa.ch\\\/fr\\\/detention-des-animaux\\\/animaux-de-rente\\\/#breadcrumb\",\"itemListElement\":[{\"@type\":\"ListItem\",\"position\":1,\"name\":\"Page d\u2019accueil\",\"item\":\"https:\\\/\\\/mail.schweizer-tierschutz.ch\\\/fr\\\/\"},{\"@type\":\"ListItem\",\"position\":2,\"name\":\"D\u00e9tention des animaux\",\"item\":\"https:\\\/\\\/tierschutz.com\\\/fr\\\/detention-des-animaux\\\/\"},{\"@type\":\"ListItem\",\"position\":3,\"name\":\"Animaux de rente\"}]},{\"@type\":\"WebSite\",\"@id\":\"https:\\\/\\\/sts-psa.ch\\\/fr\\\/#website\",\"url\":\"https:\\\/\\\/sts-psa.ch\\\/fr\\\/\",\"name\":\"tierschutz.com\",\"description\":\"Wir setzen uns f\u00fcr das Wohl der Tiere ein.\",\"publisher\":{\"@id\":\"https:\\\/\\\/sts-psa.ch\\\/fr\\\/#organization\"},\"alternateName\":\"Schweizer Tierschutz STS\",\"potentialAction\":[{\"@type\":\"SearchAction\",\"target\":{\"@type\":\"EntryPoint\",\"urlTemplate\":\"https:\\\/\\\/sts-psa.ch\\\/fr\\\/?s={search_term_string}\"},\"query-input\":{\"@type\":\"PropertyValueSpecification\",\"valueRequired\":true,\"valueName\":\"search_term_string\"}}],\"inLanguage\":\"fr-FR\"},{\"@type\":\"Organization\",\"@id\":\"https:\\\/\\\/sts-psa.ch\\\/fr\\\/#organization\",\"name\":\"Schweizer Tierschutz STS\",\"alternateName\":\"STS\",\"url\":\"https:\\\/\\\/sts-psa.ch\\\/fr\\\/\",\"logo\":{\"@type\":\"ImageObject\",\"inLanguage\":\"fr-FR\",\"@id\":\"https:\\\/\\\/sts-psa.ch\\\/fr\\\/#\\\/schema\\\/logo\\\/image\\\/\",\"url\":\"https:\\\/\\\/sts-psa.ch\\\/app\\\/uploads\\\/2024\\\/04\\\/logo-schweizer-tierschutz-sts-1.svg\",\"contentUrl\":\"https:\\\/\\\/sts-psa.ch\\\/app\\\/uploads\\\/2024\\\/04\\\/logo-schweizer-tierschutz-sts-1.svg\",\"caption\":\"Schweizer Tierschutz STS\"},\"image\":{\"@id\":\"https:\\\/\\\/sts-psa.ch\\\/fr\\\/#\\\/schema\\\/logo\\\/image\\\/\"},\"sameAs\":[\"https:\\\/\\\/www.facebook.com\\\/schweizertierschutz\\\/\",\"https:\\\/\\\/www.instagram.com\\\/schweizertierschutzsts\\\/\",\"https:\\\/\\\/www.youtube.com\\\/@STS_Tierschutz\",\"https:\\\/\\\/www.linkedin.com\\\/company\\\/schweizertierschutzsts\\\/\"],\"description\":\"Der Schweizer Tierschutz STS ist der Dachverband von 71 Tierschutzorganisationen in allen Sprachregionen der Schweiz und in Liechtenstein. Seine Mitarbeitenden leisten wissenschaftlich fundierte Grundlagenarbeit, setzen sich mit Projekten und Aktionen f\u00fcr den Schutz und das Wohlbefinden von Heim-, Wild-, Nutz- und Versuchstieren ein und sensibilisieren die \u00d6ffentlichkeit f\u00fcr Tierschutzthemen.\",\"email\":\"sts@tierschutz.com\",\"telephone\":\"061 365 99 99\",\"legalName\":\"Schweizer Tierschutz STS\"}]}<\/script>\n<!-- \/ Yoast SEO Premium plugin. -->","yoast_head_json":{"title":"Animaux de rente - Protection Suisse des Animaux PSA","robots":{"index":"index","follow":"follow","max-snippet":"max-snippet:-1","max-image-preview":"max-image-preview:large","max-video-preview":"max-video-preview:-1"},"canonical":"https:\/\/sts-psa.ch\/fr\/detention-des-animaux\/animaux-de-rente\/","og_locale":"fr_FR","og_type":"article","og_title":"Animaux de rente","og_description":"Bovins Une vache, \u00e7a fait meuh. Et dans le meilleur des cas, c&#8217;est un meuglement heureux. Lisez ici ce qui [&hellip;]","og_url":"https:\/\/sts-psa.ch\/fr\/detention-des-animaux\/animaux-de-rente\/","og_site_name":"Protection Suisse des Animaux PSA","article_publisher":"https:\/\/www.facebook.com\/schweizertierschutz\/","article_modified_time":"2025-07-22T07:46:46+00:00","og_image":[{"url":"https:\/\/tierschutz.com\/app\/uploads\/2023\/06\/sts-nutztierhaltung-scaled-e1686821780359.jpg","type":"","width":"","height":""}],"twitter_card":"summary_large_image","twitter_misc":{"Dur\u00e9e de lecture estim\u00e9e":"3 minutes"},"schema":{"@context":"https:\/\/schema.org","@graph":[{"@type":"WebPage","@id":"https:\/\/sts-psa.ch\/fr\/detention-des-animaux\/animaux-de-rente\/","url":"https:\/\/sts-psa.ch\/fr\/detention-des-animaux\/animaux-de-rente\/","name":"Animaux de rente - Protection Suisse des Animaux PSA","isPartOf":{"@id":"https:\/\/sts-psa.ch\/fr\/#website"},"primaryImageOfPage":{"@id":"https:\/\/sts-psa.ch\/fr\/detention-des-animaux\/animaux-de-rente\/#primaryimage"},"image":{"@id":"https:\/\/sts-psa.ch\/fr\/detention-des-animaux\/animaux-de-rente\/#primaryimage"},"thumbnailUrl":"https:\/\/tierschutz.com\/app\/uploads\/2023\/06\/sts-nutztierhaltung-scaled-e1686821780359.jpg","datePublished":"2023-05-04T09:30:15+00:00","dateModified":"2025-07-22T07:46:46+00:00","breadcrumb":{"@id":"https:\/\/sts-psa.ch\/fr\/detention-des-animaux\/animaux-de-rente\/#breadcrumb"},"inLanguage":"fr-FR","potentialAction":[{"@type":"ReadAction","target":["https:\/\/sts-psa.ch\/fr\/detention-des-animaux\/animaux-de-rente\/"]}]},{"@type":"ImageObject","inLanguage":"fr-FR","@id":"https:\/\/sts-psa.ch\/fr\/detention-des-animaux\/animaux-de-rente\/#primaryimage","url":"https:\/\/tierschutz.com\/app\/uploads\/2023\/06\/sts-nutztierhaltung-scaled-e1686821780359.jpg","contentUrl":"https:\/\/tierschutz.com\/app\/uploads\/2023\/06\/sts-nutztierhaltung-scaled-e1686821780359.jpg"},{"@type":"BreadcrumbList","@id":"https:\/\/sts-psa.ch\/fr\/detention-des-animaux\/animaux-de-rente\/#breadcrumb","itemListElement":[{"@type":"ListItem","position":1,"name":"Page d\u2019accueil","item":"https:\/\/mail.schweizer-tierschutz.ch\/fr\/"},{"@type":"ListItem","position":2,"name":"D\u00e9tention des animaux","item":"https:\/\/tierschutz.com\/fr\/detention-des-animaux\/"},{"@type":"ListItem","position":3,"name":"Animaux de rente"}]},{"@type":"WebSite","@id":"https:\/\/sts-psa.ch\/fr\/#website","url":"https:\/\/sts-psa.ch\/fr\/","name":"tierschutz.com","description":"Wir setzen uns f\u00fcr das Wohl der Tiere ein.","publisher":{"@id":"https:\/\/sts-psa.ch\/fr\/#organization"},"alternateName":"Schweizer Tierschutz STS","potentialAction":[{"@type":"SearchAction","target":{"@type":"EntryPoint","urlTemplate":"https:\/\/sts-psa.ch\/fr\/?s={search_term_string}"},"query-input":{"@type":"PropertyValueSpecification","valueRequired":true,"valueName":"search_term_string"}}],"inLanguage":"fr-FR"},{"@type":"Organization","@id":"https:\/\/sts-psa.ch\/fr\/#organization","name":"Schweizer Tierschutz STS","alternateName":"STS","url":"https:\/\/sts-psa.ch\/fr\/","logo":{"@type":"ImageObject","inLanguage":"fr-FR","@id":"https:\/\/sts-psa.ch\/fr\/#\/schema\/logo\/image\/","url":"https:\/\/sts-psa.ch\/app\/uploads\/2024\/04\/logo-schweizer-tierschutz-sts-1.svg","contentUrl":"https:\/\/sts-psa.ch\/app\/uploads\/2024\/04\/logo-schweizer-tierschutz-sts-1.svg","caption":"Schweizer Tierschutz STS"},"image":{"@id":"https:\/\/sts-psa.ch\/fr\/#\/schema\/logo\/image\/"},"sameAs":["https:\/\/www.facebook.com\/schweizertierschutz\/","https:\/\/www.instagram.com\/schweizertierschutzsts\/","https:\/\/www.youtube.com\/@STS_Tierschutz","https:\/\/www.linkedin.com\/company\/schweizertierschutzsts\/"],"description":"Der Schweizer Tierschutz STS ist der Dachverband von 71 Tierschutzorganisationen in allen Sprachregionen der Schweiz und in Liechtenstein. Seine Mitarbeitenden leisten wissenschaftlich fundierte Grundlagenarbeit, setzen sich mit Projekten und Aktionen f\u00fcr den Schutz und das Wohlbefinden von Heim-, Wild-, Nutz- und Versuchstieren ein und sensibilisieren die \u00d6ffentlichkeit f\u00fcr Tierschutzthemen.","email":"sts@tierschutz.com","telephone":"061 365 99 99","legalName":"Schweizer Tierschutz STS"}]}},"_links":{"self":[{"href":"https:\/\/sts-psa.ch\/fr\/wp-json\/wp\/v2\/pages\/5045","targetHints":{"allow":["GET"]}}],"collection":[{"href":"https:\/\/sts-psa.ch\/fr\/wp-json\/wp\/v2\/pages"}],"about":[{"href":"https:\/\/sts-psa.ch\/fr\/wp-json\/wp\/v2\/types\/page"}],"author":[{"embeddable":true,"href":"https:\/\/sts-psa.ch\/fr\/wp-json\/wp\/v2\/users\/5"}],"replies":[{"embeddable":true,"href":"https:\/\/sts-psa.ch\/fr\/wp-json\/wp\/v2\/comments?post=5045"}],"version-history":[{"count":11,"href":"https:\/\/sts-psa.ch\/fr\/wp-json\/wp\/v2\/pages\/5045\/revisions"}],"predecessor-version":[{"id":32833,"href":"https:\/\/sts-psa.ch\/fr\/wp-json\/wp\/v2\/pages\/5045\/revisions\/32833"}],"up":[{"embeddable":true,"href":"https:\/\/sts-psa.ch\/fr\/wp-json\/wp\/v2\/pages\/5043"}],"wp:attachment":[{"href":"https:\/\/sts-psa.ch\/fr\/wp-json\/wp\/v2\/media?parent=5045"}],"curies":[{"name":"wp","href":"https:\/\/api.w.org\/{rel}","templated":true}]}}