{"id":18456,"date":"2023-11-30T15:16:30","date_gmt":"2023-11-30T14:16:30","guid":{"rendered":"https:\/\/tierschutz.com\/?page_id=18456"},"modified":"2026-02-16T11:35:13","modified_gmt":"2026-02-16T10:35:13","slug":"parlamentarische-gruppe-tierschutz","status":"publish","type":"page","link":"https:\/\/sts-psa.ch\/it\/protezione-degli-animali\/politica\/parlamentarische-gruppe-tierschutz\/","title":{"rendered":"Gruppo parlamentare per la protezione degli animali"},"content":{"rendered":"\n<div class=\"wp-block-cover alignfull\"><span aria-hidden=\"true\" class=\"wp-block-cover__background has-black-background-color has-background-dim-20 has-background-dim\"><\/span><img loading=\"lazy\" decoding=\"async\" width=\"1034\" height=\"441\" src=\"https:\/\/sts-psa.ch\/app\/uploads\/2023\/11\/Bundeshaus.png\" class=\"wp-block-cover__image-background wp-post-image\" alt=\"\" data-object-fit=\"cover\" data-object-position=\"49% 69%\" style=\"object-position:49% 69%;\" srcset=\"https:\/\/sts-psa.ch\/app\/uploads\/2023\/11\/Bundeshaus.png 1034w, https:\/\/sts-psa.ch\/app\/uploads\/2023\/11\/Bundeshaus-300x128.png 300w, https:\/\/sts-psa.ch\/app\/uploads\/2023\/11\/Bundeshaus-1024x437.png 1024w, https:\/\/sts-psa.ch\/app\/uploads\/2023\/11\/Bundeshaus-768x328.png 768w\" sizes=\"auto, (max-width: 1034px) 100vw, 1034px\" \/><div class=\"wp-block-cover__inner-container is-layout-flow wp-block-cover-is-layout-flow\">\n<h2 class=\"wp-block-heading has-text-align-center has-background-color has-text-color\" id=\"h-\"><\/h2>\n<\/div><\/div>\n\n\n<div class=\"yoast-breadcrumbs\"><span><span><a href=\"https:\/\/mail.schweizertierschutz.ch\/it\/\">Pagina iniziale<\/a><\/span> \u00bb <span><a href=\"https:\/\/mail.schweizertierschutz.ch\/it\/protezione-degli-animali\/\">Protezione degli animali<\/a><\/span> \u00bb <span><a href=\"https:\/\/mail.schweizer-tierschutz.ch\/it\/protezione-degli-animali\/politica\/\">Politica<\/a><\/span> \u00bb <span class=\"breadcrumb_last\" aria-current=\"page\">Gruppo parlamentare per la protezione degli animali<\/span><\/span><\/div>\n\n\n<div class=\"wp-block-group alignfull has-background-background-color has-background is-layout-constrained wp-block-group-is-layout-constrained\">\n<h1 class=\"wp-block-heading has-text-align-center\" id=\"h-gruppo-parlamentare-per-la-protezione-degli-animali\"><strong>Gruppo parlamentare per la protezione degli animali<\/strong><\/h1>\n\n\n\n<hr class=\"wp-block-separator has-text-color has-primary-color has-alpha-channel-opacity has-primary-background-color has-background\"\/>\n\n\n\n<p class=\"has-text-align-center has-large-font-size\">Il gruppo parlamentare sul benessere degli animali esiste da diversi anni. Negli ultimi anni ha acquisito importanza a fronte delle crescenti esigenze della societ\u00e0 in termini di etica animale. Ci\u00f2 si riflette anche nelle numerose mozioni sul benessere degli animali presentate in Parlamento. In questo contesto, ogni anno vengono organizzati circa due eventi su temi di attualit\u00e0 nei settori degli animali da allevamento, degli animali domestici, degli animali selvatici e degli animali da laboratorio.<\/p>\n\n\n\n<p class=\"has-text-align-center\"><a href=\"https:\/\/tierschutz.com\/it\/nuova-copresidenza-per-il-gruppo-parlamentare-sul-benessere-degli-animali\/\">Copresidenza<\/a>: NR Christine Badertscher (Verdi) &amp; NR Anna Giacometti (PLR)<\/p>\n\n\n\n<p class=\"has-text-align-center\">Segreteria: Protezione Svizzera degli Animali PSA, Telefono 058 510 64 00, sts@tierschutz.com<\/p>\n<\/div>\n\n\n\n<div class=\"wp-block-media-text alignwide is-stacked-on-mobile is-vertically-aligned-center is-image-fill-element\"><figure class=\"wp-block-media-text__media\"><img loading=\"lazy\" decoding=\"async\" width=\"1024\" height=\"683\" src=\"https:\/\/tierschutz.com\/app\/uploads\/2023\/11\/6580_003-1024x683.jpg\" alt=\"\" class=\"wp-image-13105 size-full\" style=\"object-position:50% 50%\" srcset=\"https:\/\/sts-psa.ch\/app\/uploads\/2023\/11\/6580_003-1024x683.jpg 1024w, https:\/\/sts-psa.ch\/app\/uploads\/2023\/11\/6580_003-300x200.jpg 300w, https:\/\/sts-psa.ch\/app\/uploads\/2023\/11\/6580_003-768x512.jpg 768w, https:\/\/sts-psa.ch\/app\/uploads\/2023\/11\/6580_003-1536x1024.jpg 1536w, https:\/\/sts-psa.ch\/app\/uploads\/2023\/11\/6580_003.jpg 1800w\" sizes=\"auto, (max-width: 1024px) 100vw, 1024px\" \/><\/figure><div class=\"wp-block-media-text__content\">\n<div class=\"wp-block-group is-style-shadow-box has-background-background-color has-background is-layout-constrained wp-block-group-is-layout-constrained\">\n<h3 class=\"wp-block-heading\" id=\"h-iscrizione-al-gruppo-parlamentare-per-la-protezione-degli-animali-ai-sensi-dell-art-63-lp\" style=\"font-style:normal;font-weight:700\">Iscrizione al gruppo parlamentare per la protezione degli animali (ai sensi dell&#8217;art. 63 LP)<\/h3>\n\n\n\n<p>I parlamentari federali possono iscriversi al gruppo parlamentare per la protezione degli animali qui.<\/p>\n\n\n\n<div class=\"wp-block-contact-form-7-contact-form-selector\"><p class=\"wpcf7-contact-form-not-found\"><strong>Errore:<\/strong> Modulo di contatto non trovato.<\/p><\/div>\n<\/div>\n<\/div><\/div>\n","protected":false},"excerpt":{"rendered":"<p>I parlamentari federali possono iscriversi al gruppo parlamentare per la protezione degli animali qui.<\/p>\n","protected":false},"author":5,"featured_media":13103,"parent":7040,"menu_order":301,"comment_status":"closed","ping_status":"closed","template":"","meta":{"_acf_changed":false,"inline_featured_image":false,"_vp_format_video_url":"","_vp_image_focal_point":[],"footnotes":""},"class_list":["post-18456","page","type-page","status-publish","has-post-thumbnail","hentry"],"acf":[],"yoast_head":"<!-- This site is optimized with the Yoast SEO Premium plugin v27.4 (Yoast SEO v27.4) - https:\/\/yoast.com\/product\/yoast-seo-premium-wordpress\/ -->\n<title>Gruppo parlamentare per la protezione degli animali - Protezione Svizzera degli Animali PSA<\/title>\n<meta name=\"robots\" content=\"index, follow, max-snippet:-1, max-image-preview:large, max-video-preview:-1\" \/>\n<link rel=\"canonical\" href=\"https:\/\/sts-psa.ch\/it\/protezione-degli-animali\/politica\/parlamentarische-gruppe-tierschutz\/\" \/>\n<meta property=\"og:locale\" content=\"it_IT\" \/>\n<meta property=\"og:type\" content=\"article\" \/>\n<meta property=\"og:title\" content=\"Gruppo parlamentare per la protezione degli animali\" \/>\n<meta property=\"og:description\" content=\"I parlamentari federali possono iscriversi al gruppo parlamentare per la protezione degli animali qui.\" \/>\n<meta property=\"og:url\" content=\"https:\/\/sts-psa.ch\/it\/protezione-degli-animali\/politica\/parlamentarische-gruppe-tierschutz\/\" \/>\n<meta property=\"og:site_name\" content=\"Protezione Svizzera degli Animali PSA\" \/>\n<meta property=\"article:publisher\" content=\"https:\/\/www.facebook.com\/schweizertierschutz\/\" \/>\n<meta property=\"article:modified_time\" content=\"2026-02-16T10:35:13+00:00\" \/>\n<meta property=\"og:image\" content=\"https:\/\/mail.protection-animaux-psa.ch\/app\/uploads\/2023\/11\/Bundeshaus.png\" \/>\n\t<meta property=\"og:image:width\" content=\"1034\" \/>\n\t<meta property=\"og:image:height\" content=\"441\" \/>\n\t<meta property=\"og:image:type\" content=\"image\/png\" \/>\n<meta name=\"twitter:card\" content=\"summary_large_image\" \/>\n<meta name=\"twitter:label1\" content=\"Tempo di lettura stimato\" \/>\n\t<meta name=\"twitter:data1\" content=\"2 minuti\" \/>\n<script type=\"application\/ld+json\" class=\"yoast-schema-graph\">{\"@context\":\"https:\\\/\\\/schema.org\",\"@graph\":[{\"@type\":\"WebPage\",\"@id\":\"https:\\\/\\\/sts-psa.ch\\\/it\\\/protezione-degli-animali\\\/politica\\\/parlamentarische-gruppe-tierschutz\\\/\",\"url\":\"https:\\\/\\\/sts-psa.ch\\\/it\\\/protezione-degli-animali\\\/politica\\\/parlamentarische-gruppe-tierschutz\\\/\",\"name\":\"Gruppo parlamentare per la protezione degli animali - Protezione Svizzera degli Animali PSA\",\"isPartOf\":{\"@id\":\"https:\\\/\\\/tierschutz.com\\\/fr\\\/#website\"},\"primaryImageOfPage\":{\"@id\":\"https:\\\/\\\/sts-psa.ch\\\/it\\\/protezione-degli-animali\\\/politica\\\/parlamentarische-gruppe-tierschutz\\\/#primaryimage\"},\"image\":{\"@id\":\"https:\\\/\\\/sts-psa.ch\\\/it\\\/protezione-degli-animali\\\/politica\\\/parlamentarische-gruppe-tierschutz\\\/#primaryimage\"},\"thumbnailUrl\":\"https:\\\/\\\/sts-psa.ch\\\/app\\\/uploads\\\/2023\\\/11\\\/Bundeshaus.png\",\"datePublished\":\"2023-11-30T14:16:30+00:00\",\"dateModified\":\"2026-02-16T10:35:13+00:00\",\"breadcrumb\":{\"@id\":\"https:\\\/\\\/sts-psa.ch\\\/it\\\/protezione-degli-animali\\\/politica\\\/parlamentarische-gruppe-tierschutz\\\/#breadcrumb\"},\"inLanguage\":\"it-IT\",\"potentialAction\":[{\"@type\":\"ReadAction\",\"target\":[\"https:\\\/\\\/sts-psa.ch\\\/it\\\/protezione-degli-animali\\\/politica\\\/parlamentarische-gruppe-tierschutz\\\/\"]}]},{\"@type\":\"ImageObject\",\"inLanguage\":\"it-IT\",\"@id\":\"https:\\\/\\\/sts-psa.ch\\\/it\\\/protezione-degli-animali\\\/politica\\\/parlamentarische-gruppe-tierschutz\\\/#primaryimage\",\"url\":\"https:\\\/\\\/sts-psa.ch\\\/app\\\/uploads\\\/2023\\\/11\\\/Bundeshaus.png\",\"contentUrl\":\"https:\\\/\\\/sts-psa.ch\\\/app\\\/uploads\\\/2023\\\/11\\\/Bundeshaus.png\",\"width\":1034,\"height\":441},{\"@type\":\"BreadcrumbList\",\"@id\":\"https:\\\/\\\/sts-psa.ch\\\/it\\\/protezione-degli-animali\\\/politica\\\/parlamentarische-gruppe-tierschutz\\\/#breadcrumb\",\"itemListElement\":[{\"@type\":\"ListItem\",\"position\":1,\"name\":\"Pagina iniziale\",\"item\":\"https:\\\/\\\/mail.schweizertierschutz.ch\\\/it\\\/\"},{\"@type\":\"ListItem\",\"position\":2,\"name\":\"Protezione degli animali\",\"item\":\"https:\\\/\\\/mail.schweizertierschutz.ch\\\/it\\\/protezione-degli-animali\\\/\"},{\"@type\":\"ListItem\",\"position\":3,\"name\":\"Politica\",\"item\":\"https:\\\/\\\/mail.schweizer-tierschutz.ch\\\/it\\\/protezione-degli-animali\\\/politica\\\/\"},{\"@type\":\"ListItem\",\"position\":4,\"name\":\"Gruppo parlamentare per la protezione degli animali\"}]},{\"@type\":\"WebSite\",\"@id\":\"https:\\\/\\\/tierschutz.com\\\/fr\\\/#website\",\"url\":\"https:\\\/\\\/tierschutz.com\\\/fr\\\/\",\"name\":\"tierschutz.com\",\"description\":\"Wir setzen uns f\u00fcr das Wohl der Tiere ein.\",\"publisher\":{\"@id\":\"https:\\\/\\\/tierschutz.com\\\/fr\\\/#organization\"},\"alternateName\":\"Schweizer Tierschutz STS\",\"potentialAction\":[{\"@type\":\"SearchAction\",\"target\":{\"@type\":\"EntryPoint\",\"urlTemplate\":\"https:\\\/\\\/tierschutz.com\\\/fr\\\/?s={search_term_string}\"},\"query-input\":{\"@type\":\"PropertyValueSpecification\",\"valueRequired\":true,\"valueName\":\"search_term_string\"}}],\"inLanguage\":\"it-IT\"},{\"@type\":\"Organization\",\"@id\":\"https:\\\/\\\/tierschutz.com\\\/fr\\\/#organization\",\"name\":\"Schweizer Tierschutz STS\",\"alternateName\":\"STS\",\"url\":\"https:\\\/\\\/tierschutz.com\\\/fr\\\/\",\"logo\":{\"@type\":\"ImageObject\",\"inLanguage\":\"it-IT\",\"@id\":\"https:\\\/\\\/tierschutz.com\\\/fr\\\/#\\\/schema\\\/logo\\\/image\\\/\",\"url\":\"https:\\\/\\\/sts-psa.ch\\\/app\\\/uploads\\\/2024\\\/04\\\/logo-schweizer-tierschutz-sts-1.svg\",\"contentUrl\":\"https:\\\/\\\/sts-psa.ch\\\/app\\\/uploads\\\/2024\\\/04\\\/logo-schweizer-tierschutz-sts-1.svg\",\"caption\":\"Schweizer Tierschutz STS\"},\"image\":{\"@id\":\"https:\\\/\\\/tierschutz.com\\\/fr\\\/#\\\/schema\\\/logo\\\/image\\\/\"},\"sameAs\":[\"https:\\\/\\\/www.facebook.com\\\/schweizertierschutz\\\/\",\"https:\\\/\\\/www.instagram.com\\\/schweizertierschutzsts\\\/\",\"https:\\\/\\\/www.youtube.com\\\/@STS_Tierschutz\",\"https:\\\/\\\/www.linkedin.com\\\/company\\\/schweizertierschutzsts\\\/\"],\"description\":\"Der Schweizer Tierschutz STS ist der Dachverband von 71 Tierschutzorganisationen in allen Sprachregionen der Schweiz und in Liechtenstein. Seine Mitarbeitenden leisten wissenschaftlich fundierte Grundlagenarbeit, setzen sich mit Projekten und Aktionen f\u00fcr den Schutz und das Wohlbefinden von Heim-, Wild-, Nutz- und Versuchstieren ein und sensibilisieren die \u00d6ffentlichkeit f\u00fcr Tierschutzthemen.\",\"email\":\"sts@tierschutz.com\",\"telephone\":\"061 365 99 99\",\"legalName\":\"Schweizer Tierschutz STS\"}]}<\/script>\n<!-- \/ Yoast SEO Premium plugin. -->","yoast_head_json":{"title":"Gruppo parlamentare per la protezione degli animali - Protezione Svizzera degli Animali PSA","robots":{"index":"index","follow":"follow","max-snippet":"max-snippet:-1","max-image-preview":"max-image-preview:large","max-video-preview":"max-video-preview:-1"},"canonical":"https:\/\/sts-psa.ch\/it\/protezione-degli-animali\/politica\/parlamentarische-gruppe-tierschutz\/","og_locale":"it_IT","og_type":"article","og_title":"Gruppo parlamentare per la protezione degli animali","og_description":"I parlamentari federali possono iscriversi al gruppo parlamentare per la protezione degli animali qui.","og_url":"https:\/\/sts-psa.ch\/it\/protezione-degli-animali\/politica\/parlamentarische-gruppe-tierschutz\/","og_site_name":"Protezione Svizzera degli Animali PSA","article_publisher":"https:\/\/www.facebook.com\/schweizertierschutz\/","article_modified_time":"2026-02-16T10:35:13+00:00","og_image":[{"width":1034,"height":441,"url":"https:\/\/mail.protection-animaux-psa.ch\/app\/uploads\/2023\/11\/Bundeshaus.png","type":"image\/png"}],"twitter_card":"summary_large_image","twitter_misc":{"Tempo di lettura stimato":"2 minuti"},"schema":{"@context":"https:\/\/schema.org","@graph":[{"@type":"WebPage","@id":"https:\/\/sts-psa.ch\/it\/protezione-degli-animali\/politica\/parlamentarische-gruppe-tierschutz\/","url":"https:\/\/sts-psa.ch\/it\/protezione-degli-animali\/politica\/parlamentarische-gruppe-tierschutz\/","name":"Gruppo parlamentare per la protezione degli animali - Protezione Svizzera degli Animali PSA","isPartOf":{"@id":"https:\/\/tierschutz.com\/fr\/#website"},"primaryImageOfPage":{"@id":"https:\/\/sts-psa.ch\/it\/protezione-degli-animali\/politica\/parlamentarische-gruppe-tierschutz\/#primaryimage"},"image":{"@id":"https:\/\/sts-psa.ch\/it\/protezione-degli-animali\/politica\/parlamentarische-gruppe-tierschutz\/#primaryimage"},"thumbnailUrl":"https:\/\/sts-psa.ch\/app\/uploads\/2023\/11\/Bundeshaus.png","datePublished":"2023-11-30T14:16:30+00:00","dateModified":"2026-02-16T10:35:13+00:00","breadcrumb":{"@id":"https:\/\/sts-psa.ch\/it\/protezione-degli-animali\/politica\/parlamentarische-gruppe-tierschutz\/#breadcrumb"},"inLanguage":"it-IT","potentialAction":[{"@type":"ReadAction","target":["https:\/\/sts-psa.ch\/it\/protezione-degli-animali\/politica\/parlamentarische-gruppe-tierschutz\/"]}]},{"@type":"ImageObject","inLanguage":"it-IT","@id":"https:\/\/sts-psa.ch\/it\/protezione-degli-animali\/politica\/parlamentarische-gruppe-tierschutz\/#primaryimage","url":"https:\/\/sts-psa.ch\/app\/uploads\/2023\/11\/Bundeshaus.png","contentUrl":"https:\/\/sts-psa.ch\/app\/uploads\/2023\/11\/Bundeshaus.png","width":1034,"height":441},{"@type":"BreadcrumbList","@id":"https:\/\/sts-psa.ch\/it\/protezione-degli-animali\/politica\/parlamentarische-gruppe-tierschutz\/#breadcrumb","itemListElement":[{"@type":"ListItem","position":1,"name":"Pagina iniziale","item":"https:\/\/mail.schweizertierschutz.ch\/it\/"},{"@type":"ListItem","position":2,"name":"Protezione degli animali","item":"https:\/\/mail.schweizertierschutz.ch\/it\/protezione-degli-animali\/"},{"@type":"ListItem","position":3,"name":"Politica","item":"https:\/\/mail.schweizer-tierschutz.ch\/it\/protezione-degli-animali\/politica\/"},{"@type":"ListItem","position":4,"name":"Gruppo parlamentare per la protezione degli animali"}]},{"@type":"WebSite","@id":"https:\/\/tierschutz.com\/fr\/#website","url":"https:\/\/tierschutz.com\/fr\/","name":"tierschutz.com","description":"Wir setzen uns f\u00fcr das Wohl der Tiere ein.","publisher":{"@id":"https:\/\/tierschutz.com\/fr\/#organization"},"alternateName":"Schweizer Tierschutz STS","potentialAction":[{"@type":"SearchAction","target":{"@type":"EntryPoint","urlTemplate":"https:\/\/tierschutz.com\/fr\/?s={search_term_string}"},"query-input":{"@type":"PropertyValueSpecification","valueRequired":true,"valueName":"search_term_string"}}],"inLanguage":"it-IT"},{"@type":"Organization","@id":"https:\/\/tierschutz.com\/fr\/#organization","name":"Schweizer Tierschutz STS","alternateName":"STS","url":"https:\/\/tierschutz.com\/fr\/","logo":{"@type":"ImageObject","inLanguage":"it-IT","@id":"https:\/\/tierschutz.com\/fr\/#\/schema\/logo\/image\/","url":"https:\/\/sts-psa.ch\/app\/uploads\/2024\/04\/logo-schweizer-tierschutz-sts-1.svg","contentUrl":"https:\/\/sts-psa.ch\/app\/uploads\/2024\/04\/logo-schweizer-tierschutz-sts-1.svg","caption":"Schweizer Tierschutz STS"},"image":{"@id":"https:\/\/tierschutz.com\/fr\/#\/schema\/logo\/image\/"},"sameAs":["https:\/\/www.facebook.com\/schweizertierschutz\/","https:\/\/www.instagram.com\/schweizertierschutzsts\/","https:\/\/www.youtube.com\/@STS_Tierschutz","https:\/\/www.linkedin.com\/company\/schweizertierschutzsts\/"],"description":"Der Schweizer Tierschutz STS ist der Dachverband von 71 Tierschutzorganisationen in allen Sprachregionen der Schweiz und in Liechtenstein. Seine Mitarbeitenden leisten wissenschaftlich fundierte Grundlagenarbeit, setzen sich mit Projekten und Aktionen f\u00fcr den Schutz und das Wohlbefinden von Heim-, Wild-, Nutz- und Versuchstieren ein und sensibilisieren die \u00d6ffentlichkeit f\u00fcr Tierschutzthemen.","email":"sts@tierschutz.com","telephone":"061 365 99 99","legalName":"Schweizer Tierschutz STS"}]}},"_links":{"self":[{"href":"https:\/\/sts-psa.ch\/it\/wp-json\/wp\/v2\/pages\/18456","targetHints":{"allow":["GET"]}}],"collection":[{"href":"https:\/\/sts-psa.ch\/it\/wp-json\/wp\/v2\/pages"}],"about":[{"href":"https:\/\/sts-psa.ch\/it\/wp-json\/wp\/v2\/types\/page"}],"author":[{"embeddable":true,"href":"https:\/\/sts-psa.ch\/it\/wp-json\/wp\/v2\/users\/5"}],"replies":[{"embeddable":true,"href":"https:\/\/sts-psa.ch\/it\/wp-json\/wp\/v2\/comments?post=18456"}],"version-history":[{"count":6,"href":"https:\/\/sts-psa.ch\/it\/wp-json\/wp\/v2\/pages\/18456\/revisions"}],"predecessor-version":[{"id":36242,"href":"https:\/\/sts-psa.ch\/it\/wp-json\/wp\/v2\/pages\/18456\/revisions\/36242"}],"up":[{"embeddable":true,"href":"https:\/\/sts-psa.ch\/it\/wp-json\/wp\/v2\/pages\/7040"}],"wp:featuredmedia":[{"embeddable":true,"href":"https:\/\/sts-psa.ch\/it\/wp-json\/wp\/v2\/media\/13103"}],"wp:attachment":[{"href":"https:\/\/sts-psa.ch\/it\/wp-json\/wp\/v2\/media?parent=18456"}],"curies":[{"name":"wp","href":"https:\/\/api.w.org\/{rel}","templated":true}]}}