{"id":34345,"date":"2025-08-19T11:05:58","date_gmt":"2025-08-19T09:05:58","guid":{"rendered":"https:\/\/tierschutz.com\/dare-una-casa-agli-animali\/"},"modified":"2025-11-26T09:21:02","modified_gmt":"2025-11-26T08:21:02","slug":"dare-una-casa-agli-animali","status":"publish","type":"page","link":"https:\/\/sts-psa.ch\/it\/dare-una-casa-agli-animali\/","title":{"rendered":"Dare una casa agli animali"},"content":{"rendered":"\n<div class=\"wp-block-cover alignfull\"><span aria-hidden=\"true\" class=\"wp-block-cover__background has-background-dim-20 has-background-dim\" style=\"background-color:#85766a\"><\/span><img loading=\"lazy\" decoding=\"async\" width=\"1024\" height=\"682\" src=\"https:\/\/sts-psa.ch\/app\/uploads\/2023\/06\/sts-tier-abgeben-1024x682.jpg\" class=\"wp-block-cover__image-background wp-post-image\" alt=\"Oranger Hund der gespannt aus einem Fenster schaut.\" data-object-fit=\"cover\" srcset=\"https:\/\/sts-psa.ch\/app\/uploads\/2023\/06\/sts-tier-abgeben-1024x682.jpg 1024w, https:\/\/sts-psa.ch\/app\/uploads\/2023\/06\/sts-tier-abgeben-300x200.jpg 300w, https:\/\/sts-psa.ch\/app\/uploads\/2023\/06\/sts-tier-abgeben-768x512.jpg 768w, https:\/\/sts-psa.ch\/app\/uploads\/2023\/06\/sts-tier-abgeben-1536x1023.jpg 1536w, https:\/\/sts-psa.ch\/app\/uploads\/2023\/06\/sts-tier-abgeben.jpg 1920w\" sizes=\"auto, (max-width: 1024px) 100vw, 1024px\" \/><div class=\"wp-block-cover__inner-container is-layout-flow wp-block-cover-is-layout-flow\">\n<h2 class=\"wp-block-heading has-text-align-center has-background-color has-text-color\" id=\"h-dare-una-casa-agli-animali\"><strong><strong><strong>Dare una casa agli animali<\/strong><\/strong><\/strong><\/h2>\n<\/div><\/div>\n\n\n\n<div class=\"wp-block-group alignfull anchor-bar has-lightgray-background-color has-background is-layout-constrained wp-block-group-is-layout-constrained\">\n<div class=\"wp-block-group is-content-justification-space-between is-layout-flex wp-container-core-group-is-layout-9366075c wp-block-group-is-layout-flex\">\n<p class=\"has-large-font-size\"><strong><a href=\"#about\">Di cosa si tratta?<\/a><\/strong><\/p>\n\n\n\n<p class=\"has-large-font-size\"><a href=\"#spenden\"><strong>Dona ora<\/strong><\/a><\/p>\n\n\n\n<p class=\"has-large-font-size\"><strong><a href=\"#spendenaktion\">Campagna di donazione 2025<\/a><\/strong><\/p>\n<\/div>\n<\/div>\n\n\n\n<div class=\"wp-block-group alignfull has-background-background-color has-background is-layout-constrained wp-block-group-is-layout-constrained\" id=\"about\">\n<h2 class=\"wp-block-heading has-text-align-center\" id=\"h-ogni-animale-merita-una-casa-accogliente\"><strong><strong>Ogni animale merita una casa accogliente<\/strong><\/strong><\/h2>\n\n\n\n<hr class=\"wp-block-separator has-text-color has-primary-color has-alpha-channel-opacity has-primary-background-color has-background\"\/>\n\n\n\n<p class=\"has-text-align-center has-large-font-size\">Il 4 ottobre, la Giornata Mondiale degli Animali ci ricorda la sofferenza degli animali in tutto il mondo e l&#8217;importanza della loro difesa. In questa occasione, vorremmo richiamare l&#8217;attenzione su un tema che ci sta molto a cuore: l&#8217;adozione di animali. <\/p>\n\n\n\n<p class=\"has-text-align-left\">Innumerevoli cani, gatti, porcellini d&#8217;India, tartarughe e altri animali sono attualmente in attesa di una nuova casa nei rifugi svizzeri. Per gli animali anziani e difficili da collocare che non vengono adottati, il rifugio per animali rimane di solito la loro ultima casa. I custodi sono le persone che si prendono cura di loro pi\u00f9 da vicino.  <\/p>\n\n\n\n<p class=\"has-text-align-left\">La Protezione Animali Svizzera PSA si impegna per un collocamento di animali rispettabile, trasparente e responsabile. Con il fondo PSA per gli animali vecchi e difficili da collocare e la nostra piattaforma <strong><a href=\"https:\/\/tierschutz.com\/it\/mediazione-di-animali\/mediazione-e-acquisto-di-animali\/adopt-a-pet\/\">Adotta un animale domestico<\/a><\/strong> sosteniamo i rifugi per animali delle sezioni PSA nella ricerca di nuove famiglie per i loro animali.<\/p>\n<\/div>\n\n\n\n<div class=\"wp-block-media-text alignwide is-stacked-on-mobile is-vertically-aligned-center\"><figure class=\"wp-block-media-text__media\"><img loading=\"lazy\" decoding=\"async\" width=\"1024\" height=\"683\" src=\"https:\/\/tierschutz.com\/app\/uploads\/2023\/05\/schweizer-tierschutz-tier-adoptieren-1024x683.jpg\" alt=\"Un cucciolo di gatto che esce da una custodia\" class=\"wp-image-472 size-full\" srcset=\"https:\/\/sts-psa.ch\/app\/uploads\/2023\/05\/schweizer-tierschutz-tier-adoptieren-1024x683.jpg 1024w, https:\/\/sts-psa.ch\/app\/uploads\/2023\/05\/schweizer-tierschutz-tier-adoptieren-300x200.jpg 300w, https:\/\/sts-psa.ch\/app\/uploads\/2023\/05\/schweizer-tierschutz-tier-adoptieren-768x512.jpg 768w, https:\/\/sts-psa.ch\/app\/uploads\/2023\/05\/schweizer-tierschutz-tier-adoptieren-1536x1024.jpg 1536w, https:\/\/sts-psa.ch\/app\/uploads\/2023\/05\/schweizer-tierschutz-tier-adoptieren-2048x1365.jpg 2048w\" sizes=\"auto, (max-width: 1024px) 100vw, 1024px\" \/><\/figure><div class=\"wp-block-media-text__content\">\n<div class=\"wp-block-group is-style-shadow-box has-background-background-color has-background is-layout-constrained wp-block-group-is-layout-constrained\">\n<h3 class=\"wp-block-heading\" id=\"h-perche-gli-animali-vengono-regalati\"><strong><strong><strong>Perch\u00e9 gli animali vengono regalati?<\/strong><\/strong><\/strong><\/h3>\n\n\n\n<p>Le ragioni sono molto diverse. La mancanza di tempo, la separazione, le difficolt\u00e0 economiche, il trasferimento, la morte, la confisca o le allergie improvvise giocano spesso un ruolo importante. Un altro motivo comune per la rinuncia \u00e8 l&#8217;eccessiva richiesta, ad esempio se l&#8217;animale \u00e8 troppo vivace o troppo vecchio e non si adatta pi\u00f9 alla vita del suo proprietario.  <\/p>\n\n\n\n<p>Questa non \u00e8 una condanna, ma un appello: Diamo a tutti questi animali una seconda possibilit\u00e0, perch\u00e9 non solo meritano una casa accogliente, ma ne hanno bisogno.<\/p>\n<\/div>\n<\/div><\/div>\n\n\n\n<div class=\"wp-block-group alignfull has-background-background-color has-background is-layout-constrained wp-block-group-is-layout-constrained\">\n<div class=\"wp-block-group is-layout-flex wp-container-core-group-is-layout-d0921e6e wp-block-group-is-layout-flex\">\n<div class=\"wp-block-group is-style-shadow-box width100 has-background-background-color has-background is-layout-constrained wp-block-group-is-layout-constrained\">\n<h3 class=\"wp-block-heading has-text-align-center\" id=\"h-dona-ora-e-dai-una-casa-agli-animali\"><strong>Dona ora e dai una casa agli animali<\/strong><\/h3>\n\n\n\n<hr class=\"wp-block-separator has-text-color has-primary-color has-alpha-channel-opacity has-primary-background-color has-background\"\/>\n\n\n\n<p>Con la tua donazione, sostieni i rifugi per animali delle sezioni PSA in tutta la Svizzera e contribuisci a garantire una sistemazione seria e duratura degli animali. In questo modo, ci aiuti a dare agli animali una casa amorevole e a svolgere un importante lavoro educativo su tutti gli aspetti dell&#8217;adozione degli animali.<\/p>\n<\/div>\n<\/div>\n\n\n\n<div style=\"height:3em\" aria-hidden=\"true\" class=\"wp-block-spacer\"><\/div>\n\n\n\n<div id=\"spenden\" class=\"wp-block-group is-layout-constrained wp-block-group-is-layout-constrained\">\n<div style=\"max-width:1000px;margin:0 auto\">\n<iframe loading=\"lazy\" src=\"https:\/\/tierschutz.payrexx.com\/it\/pay?cid=5e94e43e&#038;hide_description=1&#038;appview=1\" allow=\"payment *\" width=\"100%\" height=\"1200\" style=\"border:0;\" id=\"payrexx-embed\"><\/iframe>\n<\/div>\n<\/div>\n<\/div>\n\n\n\n<div class=\"wp-block-group alignfull has-background-background-color has-background is-layout-constrained wp-block-group-is-layout-constrained\">\n<div class=\"wp-block-group is-layout-flex wp-container-core-group-is-layout-d0921e6e wp-block-group-is-layout-flex\">\n<div id=\"spendenaktion\" class=\"wp-block-group is-style-shadow-box width100 has-background-background-color has-background is-layout-constrained wp-block-group-is-layout-constrained\">\n<h3 class=\"wp-block-heading has-text-align-center\" id=\"h-campagna-di-raccolta-fondi-per-la-giornata-mondiale-degli-animali-2025\"><strong>Campagna di raccolta fondi per la Giornata Mondiale degli Animali 2025<\/strong><\/h3>\n\n\n\n<hr class=\"wp-block-separator has-text-color has-primary-color has-alpha-channel-opacity has-primary-background-color has-background\"\/>\n\n\n\n<p>Per la Giornata Mondiale degli Animali 2025, Whiskas<sup>\u00ae<\/sup>, Pedigree<sup>\u00ae<\/sup>, Coop e JUMBO ci sostengono dal 2 al 15 ottobre 2025 con la campagna di raccolta fondi <a href=\"https:\/\/www.welttiertag.ch\/\" target=\"_blank\" rel=\"noreferrer noopener\">\u00abCondividi i tuoi momenti di felicit\u00e0\u00bb<\/a>. Met\u00e0 del ricavato viene destinato al fondo PSA per gli animali vecchi e difficili da collocare e met\u00e0 al lavoro di collocamento degli animali del PSA.<\/p>\n\n\n\n<p>Grazie a tutti coloro che stanno partecipando. Insieme possiamo aiutare gli animali domestici a trovare una nuova casa. <\/p>\n\n\n<\/div>\n<\/div>\n<\/div>\n","protected":false},"excerpt":{"rendered":"<p>Il 4 ottobre, la Giornata Mondiale degli Animali ci ricorda la sofferenza degli animali in tutto il mondo e l&#8217;importanza della loro difesa. In questa occasione, vorremmo richiamare l&#8217;attenzione su un tema che ci sta molto a cuore: l&#8217;adozione di animali. <\/p>\n","protected":false},"author":5,"featured_media":4778,"parent":0,"menu_order":32,"comment_status":"closed","ping_status":"closed","template":"","meta":{"_acf_changed":false,"inline_featured_image":false,"_vp_format_video_url":"","_vp_image_focal_point":[],"footnotes":""},"class_list":["post-34345","page","type-page","status-publish","has-post-thumbnail","hentry"],"acf":[],"yoast_head":"<!-- This site is optimized with the Yoast SEO Premium plugin v27.4 (Yoast SEO v27.4) - https:\/\/yoast.com\/product\/yoast-seo-premium-wordpress\/ -->\n<title>Dare una casa agli animali - Protezione Svizzera degli Animali PSA<\/title>\n<meta name=\"description\" content=\"La Giornata Mondiale degli Animali, che si celebra il 4 ottobre, ricorda la sofferenza degli animali in tutto il mondo. In questa occasione, vorremmo richiamare l&#039;attenzione su un tema che ci sta a cuore: l&#039;adozione di animali.\" \/>\n<meta name=\"robots\" content=\"index, follow, max-snippet:-1, max-image-preview:large, max-video-preview:-1\" \/>\n<link rel=\"canonical\" href=\"https:\/\/sts-psa.ch\/it\/dare-una-casa-agli-animali\/\" \/>\n<meta property=\"og:locale\" content=\"it_IT\" \/>\n<meta property=\"og:type\" content=\"article\" \/>\n<meta property=\"og:title\" content=\"Dare una casa agli animali\" \/>\n<meta property=\"og:description\" content=\"La Giornata Mondiale degli Animali, che si celebra il 4 ottobre, ricorda la sofferenza degli animali in tutto il mondo. In questa occasione, vorremmo richiamare l&#039;attenzione su un tema che ci sta a cuore: l&#039;adozione di animali.\" \/>\n<meta property=\"og:url\" content=\"https:\/\/sts-psa.ch\/it\/dare-una-casa-agli-animali\/\" \/>\n<meta property=\"og:site_name\" content=\"Protezione Svizzera degli Animali PSA\" \/>\n<meta property=\"article:publisher\" content=\"https:\/\/www.facebook.com\/schweizertierschutz\/\" \/>\n<meta property=\"article:modified_time\" content=\"2025-11-26T08:21:02+00:00\" \/>\n<meta property=\"og:image\" content=\"https:\/\/tierschutz.com\/app\/uploads\/2023\/06\/sts-tier-abgeben.jpg\" \/>\n\t<meta property=\"og:image:width\" content=\"1920\" \/>\n\t<meta property=\"og:image:height\" content=\"1279\" \/>\n\t<meta property=\"og:image:type\" content=\"image\/jpeg\" \/>\n<meta name=\"twitter:card\" content=\"summary_large_image\" \/>\n<meta name=\"twitter:label1\" content=\"Tempo di lettura stimato\" \/>\n\t<meta name=\"twitter:data1\" content=\"4 minuti\" \/>\n<script type=\"application\/ld+json\" class=\"yoast-schema-graph\">{\"@context\":\"https:\\\/\\\/schema.org\",\"@graph\":[{\"@type\":\"WebPage\",\"@id\":\"https:\\\/\\\/sts-psa.ch\\\/it\\\/dare-una-casa-agli-animali\\\/\",\"url\":\"https:\\\/\\\/sts-psa.ch\\\/it\\\/dare-una-casa-agli-animali\\\/\",\"name\":\"Dare una casa agli animali - Protezione Svizzera degli Animali PSA\",\"isPartOf\":{\"@id\":\"https:\\\/\\\/sts-psa.ch\\\/it\\\/#website\"},\"primaryImageOfPage\":{\"@id\":\"https:\\\/\\\/sts-psa.ch\\\/it\\\/dare-una-casa-agli-animali\\\/#primaryimage\"},\"image\":{\"@id\":\"https:\\\/\\\/sts-psa.ch\\\/it\\\/dare-una-casa-agli-animali\\\/#primaryimage\"},\"thumbnailUrl\":\"https:\\\/\\\/sts-psa.ch\\\/app\\\/uploads\\\/2023\\\/06\\\/sts-tier-abgeben.jpg\",\"datePublished\":\"2025-08-19T09:05:58+00:00\",\"dateModified\":\"2025-11-26T08:21:02+00:00\",\"description\":\"La Giornata Mondiale degli Animali, che si celebra il 4 ottobre, ricorda la sofferenza degli animali in tutto il mondo. In questa occasione, vorremmo richiamare l'attenzione su un tema che ci sta a cuore: l'adozione di animali.\",\"breadcrumb\":{\"@id\":\"https:\\\/\\\/sts-psa.ch\\\/it\\\/dare-una-casa-agli-animali\\\/#breadcrumb\"},\"inLanguage\":\"it-IT\",\"potentialAction\":[{\"@type\":\"ReadAction\",\"target\":[\"https:\\\/\\\/sts-psa.ch\\\/it\\\/dare-una-casa-agli-animali\\\/\"]}]},{\"@type\":\"ImageObject\",\"inLanguage\":\"it-IT\",\"@id\":\"https:\\\/\\\/sts-psa.ch\\\/it\\\/dare-una-casa-agli-animali\\\/#primaryimage\",\"url\":\"https:\\\/\\\/sts-psa.ch\\\/app\\\/uploads\\\/2023\\\/06\\\/sts-tier-abgeben.jpg\",\"contentUrl\":\"https:\\\/\\\/sts-psa.ch\\\/app\\\/uploads\\\/2023\\\/06\\\/sts-tier-abgeben.jpg\",\"width\":1920,\"height\":1279,\"caption\":\"Oranger Hund der gespannt aus einem Fenster schaut.\"},{\"@type\":\"BreadcrumbList\",\"@id\":\"https:\\\/\\\/sts-psa.ch\\\/it\\\/dare-una-casa-agli-animali\\\/#breadcrumb\",\"itemListElement\":[{\"@type\":\"ListItem\",\"position\":1,\"name\":\"Pagina iniziale\",\"item\":\"https:\\\/\\\/mail.swiss-animal-protection.ch\\\/it\\\/\"},{\"@type\":\"ListItem\",\"position\":2,\"name\":\"Dare una casa agli animali\"}]},{\"@type\":\"WebSite\",\"@id\":\"https:\\\/\\\/sts-psa.ch\\\/it\\\/#website\",\"url\":\"https:\\\/\\\/sts-psa.ch\\\/it\\\/\",\"name\":\"tierschutz.com\",\"description\":\"Wir setzen uns f\u00fcr das Wohl der Tiere ein.\",\"publisher\":{\"@id\":\"https:\\\/\\\/sts-psa.ch\\\/it\\\/#organization\"},\"alternateName\":\"Schweizer Tierschutz STS\",\"potentialAction\":[{\"@type\":\"SearchAction\",\"target\":{\"@type\":\"EntryPoint\",\"urlTemplate\":\"https:\\\/\\\/sts-psa.ch\\\/it\\\/?s={search_term_string}\"},\"query-input\":{\"@type\":\"PropertyValueSpecification\",\"valueRequired\":true,\"valueName\":\"search_term_string\"}}],\"inLanguage\":\"it-IT\"},{\"@type\":\"Organization\",\"@id\":\"https:\\\/\\\/sts-psa.ch\\\/it\\\/#organization\",\"name\":\"Schweizer Tierschutz STS\",\"alternateName\":\"STS\",\"url\":\"https:\\\/\\\/sts-psa.ch\\\/it\\\/\",\"logo\":{\"@type\":\"ImageObject\",\"inLanguage\":\"it-IT\",\"@id\":\"https:\\\/\\\/sts-psa.ch\\\/it\\\/#\\\/schema\\\/logo\\\/image\\\/\",\"url\":\"https:\\\/\\\/sts-psa.ch\\\/app\\\/uploads\\\/2024\\\/04\\\/logo-schweizer-tierschutz-sts-1.svg\",\"contentUrl\":\"https:\\\/\\\/sts-psa.ch\\\/app\\\/uploads\\\/2024\\\/04\\\/logo-schweizer-tierschutz-sts-1.svg\",\"caption\":\"Schweizer Tierschutz STS\"},\"image\":{\"@id\":\"https:\\\/\\\/sts-psa.ch\\\/it\\\/#\\\/schema\\\/logo\\\/image\\\/\"},\"sameAs\":[\"https:\\\/\\\/www.facebook.com\\\/schweizertierschutz\\\/\",\"https:\\\/\\\/www.instagram.com\\\/schweizertierschutzsts\\\/\",\"https:\\\/\\\/www.youtube.com\\\/@STS_Tierschutz\",\"https:\\\/\\\/www.linkedin.com\\\/company\\\/schweizertierschutzsts\\\/\"],\"description\":\"Der Schweizer Tierschutz STS ist der Dachverband von 71 Tierschutzorganisationen in allen Sprachregionen der Schweiz und in Liechtenstein. Seine Mitarbeitenden leisten wissenschaftlich fundierte Grundlagenarbeit, setzen sich mit Projekten und Aktionen f\u00fcr den Schutz und das Wohlbefinden von Heim-, Wild-, Nutz- und Versuchstieren ein und sensibilisieren die \u00d6ffentlichkeit f\u00fcr Tierschutzthemen.\",\"email\":\"sts@tierschutz.com\",\"telephone\":\"061 365 99 99\",\"legalName\":\"Schweizer Tierschutz STS\"}]}<\/script>\n<!-- \/ Yoast SEO Premium plugin. -->","yoast_head_json":{"title":"Dare una casa agli animali - Protezione Svizzera degli Animali PSA","description":"La Giornata Mondiale degli Animali, che si celebra il 4 ottobre, ricorda la sofferenza degli animali in tutto il mondo. In questa occasione, vorremmo richiamare l'attenzione su un tema che ci sta a cuore: l'adozione di animali.","robots":{"index":"index","follow":"follow","max-snippet":"max-snippet:-1","max-image-preview":"max-image-preview:large","max-video-preview":"max-video-preview:-1"},"canonical":"https:\/\/sts-psa.ch\/it\/dare-una-casa-agli-animali\/","og_locale":"it_IT","og_type":"article","og_title":"Dare una casa agli animali","og_description":"La Giornata Mondiale degli Animali, che si celebra il 4 ottobre, ricorda la sofferenza degli animali in tutto il mondo. In questa occasione, vorremmo richiamare l'attenzione su un tema che ci sta a cuore: l'adozione di animali.","og_url":"https:\/\/sts-psa.ch\/it\/dare-una-casa-agli-animali\/","og_site_name":"Protezione Svizzera degli Animali PSA","article_publisher":"https:\/\/www.facebook.com\/schweizertierschutz\/","article_modified_time":"2025-11-26T08:21:02+00:00","og_image":[{"width":1920,"height":1279,"url":"https:\/\/tierschutz.com\/app\/uploads\/2023\/06\/sts-tier-abgeben.jpg","type":"image\/jpeg"}],"twitter_card":"summary_large_image","twitter_misc":{"Tempo di lettura stimato":"4 minuti"},"schema":{"@context":"https:\/\/schema.org","@graph":[{"@type":"WebPage","@id":"https:\/\/sts-psa.ch\/it\/dare-una-casa-agli-animali\/","url":"https:\/\/sts-psa.ch\/it\/dare-una-casa-agli-animali\/","name":"Dare una casa agli animali - Protezione Svizzera degli Animali PSA","isPartOf":{"@id":"https:\/\/sts-psa.ch\/it\/#website"},"primaryImageOfPage":{"@id":"https:\/\/sts-psa.ch\/it\/dare-una-casa-agli-animali\/#primaryimage"},"image":{"@id":"https:\/\/sts-psa.ch\/it\/dare-una-casa-agli-animali\/#primaryimage"},"thumbnailUrl":"https:\/\/sts-psa.ch\/app\/uploads\/2023\/06\/sts-tier-abgeben.jpg","datePublished":"2025-08-19T09:05:58+00:00","dateModified":"2025-11-26T08:21:02+00:00","description":"La Giornata Mondiale degli Animali, che si celebra il 4 ottobre, ricorda la sofferenza degli animali in tutto il mondo. In questa occasione, vorremmo richiamare l'attenzione su un tema che ci sta a cuore: l'adozione di animali.","breadcrumb":{"@id":"https:\/\/sts-psa.ch\/it\/dare-una-casa-agli-animali\/#breadcrumb"},"inLanguage":"it-IT","potentialAction":[{"@type":"ReadAction","target":["https:\/\/sts-psa.ch\/it\/dare-una-casa-agli-animali\/"]}]},{"@type":"ImageObject","inLanguage":"it-IT","@id":"https:\/\/sts-psa.ch\/it\/dare-una-casa-agli-animali\/#primaryimage","url":"https:\/\/sts-psa.ch\/app\/uploads\/2023\/06\/sts-tier-abgeben.jpg","contentUrl":"https:\/\/sts-psa.ch\/app\/uploads\/2023\/06\/sts-tier-abgeben.jpg","width":1920,"height":1279,"caption":"Oranger Hund der gespannt aus einem Fenster schaut."},{"@type":"BreadcrumbList","@id":"https:\/\/sts-psa.ch\/it\/dare-una-casa-agli-animali\/#breadcrumb","itemListElement":[{"@type":"ListItem","position":1,"name":"Pagina iniziale","item":"https:\/\/mail.swiss-animal-protection.ch\/it\/"},{"@type":"ListItem","position":2,"name":"Dare una casa agli animali"}]},{"@type":"WebSite","@id":"https:\/\/sts-psa.ch\/it\/#website","url":"https:\/\/sts-psa.ch\/it\/","name":"tierschutz.com","description":"Wir setzen uns f\u00fcr das Wohl der Tiere ein.","publisher":{"@id":"https:\/\/sts-psa.ch\/it\/#organization"},"alternateName":"Schweizer Tierschutz STS","potentialAction":[{"@type":"SearchAction","target":{"@type":"EntryPoint","urlTemplate":"https:\/\/sts-psa.ch\/it\/?s={search_term_string}"},"query-input":{"@type":"PropertyValueSpecification","valueRequired":true,"valueName":"search_term_string"}}],"inLanguage":"it-IT"},{"@type":"Organization","@id":"https:\/\/sts-psa.ch\/it\/#organization","name":"Schweizer Tierschutz STS","alternateName":"STS","url":"https:\/\/sts-psa.ch\/it\/","logo":{"@type":"ImageObject","inLanguage":"it-IT","@id":"https:\/\/sts-psa.ch\/it\/#\/schema\/logo\/image\/","url":"https:\/\/sts-psa.ch\/app\/uploads\/2024\/04\/logo-schweizer-tierschutz-sts-1.svg","contentUrl":"https:\/\/sts-psa.ch\/app\/uploads\/2024\/04\/logo-schweizer-tierschutz-sts-1.svg","caption":"Schweizer Tierschutz STS"},"image":{"@id":"https:\/\/sts-psa.ch\/it\/#\/schema\/logo\/image\/"},"sameAs":["https:\/\/www.facebook.com\/schweizertierschutz\/","https:\/\/www.instagram.com\/schweizertierschutzsts\/","https:\/\/www.youtube.com\/@STS_Tierschutz","https:\/\/www.linkedin.com\/company\/schweizertierschutzsts\/"],"description":"Der Schweizer Tierschutz STS ist der Dachverband von 71 Tierschutzorganisationen in allen Sprachregionen der Schweiz und in Liechtenstein. Seine Mitarbeitenden leisten wissenschaftlich fundierte Grundlagenarbeit, setzen sich mit Projekten und Aktionen f\u00fcr den Schutz und das Wohlbefinden von Heim-, Wild-, Nutz- und Versuchstieren ein und sensibilisieren die \u00d6ffentlichkeit f\u00fcr Tierschutzthemen.","email":"sts@tierschutz.com","telephone":"061 365 99 99","legalName":"Schweizer Tierschutz STS"}]}},"_links":{"self":[{"href":"https:\/\/sts-psa.ch\/it\/wp-json\/wp\/v2\/pages\/34345","targetHints":{"allow":["GET"]}}],"collection":[{"href":"https:\/\/sts-psa.ch\/it\/wp-json\/wp\/v2\/pages"}],"about":[{"href":"https:\/\/sts-psa.ch\/it\/wp-json\/wp\/v2\/types\/page"}],"author":[{"embeddable":true,"href":"https:\/\/sts-psa.ch\/it\/wp-json\/wp\/v2\/users\/5"}],"replies":[{"embeddable":true,"href":"https:\/\/sts-psa.ch\/it\/wp-json\/wp\/v2\/comments?post=34345"}],"version-history":[{"count":8,"href":"https:\/\/sts-psa.ch\/it\/wp-json\/wp\/v2\/pages\/34345\/revisions"}],"predecessor-version":[{"id":35246,"href":"https:\/\/sts-psa.ch\/it\/wp-json\/wp\/v2\/pages\/34345\/revisions\/35246"}],"wp:featuredmedia":[{"embeddable":true,"href":"https:\/\/sts-psa.ch\/it\/wp-json\/wp\/v2\/media\/4778"}],"wp:attachment":[{"href":"https:\/\/sts-psa.ch\/it\/wp-json\/wp\/v2\/media?parent=34345"}],"curies":[{"name":"wp","href":"https:\/\/api.w.org\/{rel}","templated":true}]}}