{"id":6112,"date":"2023-05-17T11:08:31","date_gmt":"2023-05-17T09:08:31","guid":{"rendered":"https:\/\/dev.tierschutz.com\/?page_id=6112"},"modified":"2025-09-09T10:37:50","modified_gmt":"2025-09-09T08:37:50","slug":"ricerca-senza-esperimenti-sugli-animali","status":"publish","type":"page","link":"https:\/\/sts-psa.ch\/it\/protezione-degli-animali\/temi\/esperimenti-sugli-animali\/ricerca-senza-esperimenti-sugli-animali\/","title":{"rendered":"Ricerca senza esperimenti sugli animali"},"content":{"rendered":"\n<div class=\"wp-block-cover alignfull is-light\"><img loading=\"lazy\" decoding=\"async\" width=\"1416\" height=\"910\" class=\"wp-block-cover__image-background wp-image-1736\" alt=\"Ein Hamerster in einer Kugel auf Plastik vor einem weissen Hintergrund\" src=\"https:\/\/tierschutz.com\/app\/uploads\/2023\/05\/STS-Tierversuche-ErreichtesForderungen.jpg\" style=\"object-position:52% 77%\" data-object-fit=\"cover\" data-object-position=\"52% 77%\" srcset=\"https:\/\/sts-psa.ch\/app\/uploads\/2023\/05\/STS-Tierversuche-ErreichtesForderungen.jpg 1416w, https:\/\/sts-psa.ch\/app\/uploads\/2023\/05\/STS-Tierversuche-ErreichtesForderungen-300x193.jpg 300w, https:\/\/sts-psa.ch\/app\/uploads\/2023\/05\/STS-Tierversuche-ErreichtesForderungen-1024x658.jpg 1024w, https:\/\/sts-psa.ch\/app\/uploads\/2023\/05\/STS-Tierversuche-ErreichtesForderungen-768x494.jpg 768w\" sizes=\"auto, (max-width: 1416px) 100vw, 1416px\" \/><span aria-hidden=\"true\" class=\"wp-block-cover__background has-background-dim-10 has-background-dim\"><\/span><div class=\"wp-block-cover__inner-container is-layout-flow wp-block-cover-is-layout-flow\">\n<h2 class=\"wp-block-heading has-text-align-center has-background-color has-text-color\" id=\"h-ricerca-senza-esperimenti-sugli-animali\">Ricerca senza esperimenti sugli animali<\/h2>\n<\/div><\/div>\n\n\n\n<div class=\"wp-block-group alignfull anchor-bar has-lightgray-background-color has-background is-layout-constrained wp-block-group-is-layout-constrained\">\n<div class=\"wp-block-group is-content-justification-center is-layout-flex wp-container-core-group-is-layout-b02886af wp-block-group-is-layout-flex\">\n<p class=\"has-large-font-size\"><strong><a href=\"#situation\">Situazione<\/a><\/strong><\/p>\n\n\n\n<p class=\"has-large-font-size\"><strong><a href=\"#rehoming\"><strong>Progetto di rehoming<\/strong><\/a><\/strong><\/p>\n\n\n\n<p class=\"has-large-font-size\"><a href=\"#Aktivit\u00e4ten\"><strong>Attivit\u00e0 in corso<\/strong><\/a><\/p>\n<\/div>\n<\/div>\n\n\n\n<div class=\"wp-block-group alignfull has-background-background-color has-background is-layout-constrained wp-block-group-is-layout-constrained\" id=\"situation\"><div class=\"yoast-breadcrumbs\"><span><span><a href=\"https:\/\/mail.schweizertierschutz.ch\/it\/\">Pagina iniziale<\/a><\/span> \u00bb <span><a href=\"https:\/\/mail.schweizertierschutz.ch\/it\/protezione-degli-animali\/\">Protezione degli animali<\/a><\/span> \u00bb <span><a href=\"https:\/\/mail.schweizertierschutz.ch\/it\/protezione-degli-animali\/temi\/\">Temi<\/a><\/span> \u00bb <span><a href=\"https:\/\/mail.schweizertierschutz.ch\/it\/protezione-degli-animali\/temi\/esperimenti-sugli-animali\/\">Esperimenti sugli animali<\/a><\/span> \u00bb <span class=\"breadcrumb_last\" aria-current=\"page\">Ricerca senza esperimenti sugli animali<\/span><\/span><\/div>\n\n\n<h1 class=\"wp-block-heading has-text-align-center\" id=\"h-situazione\"><strong><strong>Situazione<\/strong><\/strong><\/h1>\n\n\n\n<hr class=\"wp-block-separator has-text-color has-primary-color has-alpha-channel-opacity has-primary-background-color has-background\"\/>\n\n\n\n<p class=\"has-text-align-center\">Con il suo Ufficio specialistico Sperimentazione animale, la PSA si impegna con competenza per garantire che la detenzione, l\u2019allevamento e l\u2019uso di animali da laboratorio siano ridotti al minimo e affinch\u00e9 la Svizzera passi in futuro a metodi senza (esperimenti) animali per la ricerca sulle malattie umane. Con una grande bagaglio di conoscenze ed esperienze, l\u2019Ufficio specialistico si dedica a una serie di questioni scientifiche, legate alla protezione degli animali ed etiche nel campo della sperimentazione animale e dei metodi alternativi.<\/p>\n\n\n\n<p class=\"has-text-align-center\">L\u2019approccio costruttivo e consapevole della PSA e i risultati positivi che otteniamo sono ampiamente riconosciuti e rispettati dalle organizzazioni con cui siamo in contatto e che condividono con noi gli stessi obiettivi, sia a livello nazionale sia internazionale.<\/p>\n<\/div>\n\n\n\n<div class=\"wp-block-media-text has-media-on-the-right is-stacked-on-mobile is-image-fill-element is-style-shadow\" id=\"rehoming\"><div class=\"wp-block-media-text__content\">\n<h3 class=\"wp-block-heading\" id=\"h-una-nuova-vita-per-gli-animali-da-laboratorio\"><strong><strong><strong><strong>Una nuova vita per gli animali da laboratorio<\/strong><\/strong><\/strong><\/strong><\/h3>\n\n\n\n<p>Con il progetto Rehoming, dal 2018 la PSA offre agli animali da laboratorio idonei una nuova vita al di fuori della ricerca e dei laboratori. Grazie alla collaborazione con universit\u00e0 partner, oltre 1000 animali sono gi\u00e0 stati collocati con successo in nuove famiglie.<\/p>\n\n\n\n<div class=\"wp-block-buttons is-content-justification-center is-layout-flex wp-container-core-buttons-is-layout-a89b3969 wp-block-buttons-is-layout-flex\">\n<div class=\"wp-block-button\"><a class=\"wp-block-button__link wp-element-button\" href=\"https:\/\/tierschutz.com\/it\/project\/il-progetto-di-rehoming-nuova-vita-per-gli-animali-da-laboratorio\/\">Per saperne di pi\u00f9<\/a><\/div>\n<\/div>\n<\/div><figure class=\"wp-block-media-text__media\"><img loading=\"lazy\" decoding=\"async\" width=\"800\" height=\"535\" src=\"https:\/\/tierschutz.com\/app\/uploads\/2024\/01\/rehoming-projekt.jpg\" alt=\"\" class=\"wp-image-14463 size-full\" style=\"object-position:50% 50%\" srcset=\"https:\/\/sts-psa.ch\/app\/uploads\/2024\/01\/rehoming-projekt.jpg 800w, https:\/\/sts-psa.ch\/app\/uploads\/2024\/01\/rehoming-projekt-300x201.jpg 300w, https:\/\/sts-psa.ch\/app\/uploads\/2024\/01\/rehoming-projekt-768x514.jpg 768w\" sizes=\"auto, (max-width: 800px) 100vw, 800px\" \/><\/figure><\/div>\n\n\n\n<div class=\"wp-block-media-text alignwide is-stacked-on-mobile is-vertically-aligned-center\"><figure class=\"wp-block-media-text__media\"><img loading=\"lazy\" decoding=\"async\" width=\"1024\" height=\"681\" src=\"https:\/\/tierschutz.com\/app\/uploads\/2023\/06\/sts-tierversuch-forschung-1024x681.jpg\" alt=\"\" class=\"wp-image-4952 size-full\" srcset=\"https:\/\/sts-psa.ch\/app\/uploads\/2023\/06\/sts-tierversuch-forschung-1024x681.jpg 1024w, https:\/\/sts-psa.ch\/app\/uploads\/2023\/06\/sts-tierversuch-forschung-300x200.jpg 300w, https:\/\/sts-psa.ch\/app\/uploads\/2023\/06\/sts-tierversuch-forschung-768x511.jpg 768w, https:\/\/sts-psa.ch\/app\/uploads\/2023\/06\/sts-tierversuch-forschung-1536x1022.jpg 1536w, https:\/\/sts-psa.ch\/app\/uploads\/2023\/06\/sts-tierversuch-forschung.jpg 2048w\" sizes=\"auto, (max-width: 1024px) 100vw, 1024px\" \/><\/figure><div class=\"wp-block-media-text__content\">\n<div id=\"Aktivit\u00e4ten\" class=\"wp-block-group is-style-shadow-box has-background-background-color has-background is-layout-constrained wp-block-group-is-layout-constrained\">\n<h3 class=\"wp-block-heading\" id=\"h-alcune-attivita-in-corso-sono\"><strong><strong><strong>Alcune attivit\u00e0 in corso sono:<\/strong><\/strong><\/strong><\/h3>\n\n\n\n<p>sviluppare e promuovere nuovi approcci per ridurre l\u2019uso e la sofferenza degli animali &#8211; questo include il nostro progetto innovativo per garantire che nessun animale subisca sofferenze &#8220;gravi&#8221;;<\/p>\n\n\n\n<p>assistere la Commissione europea nella stesura di linee guida per gli Stati membri dell\u2019Unione europea su come applicare efficacemente le leggi che regolano l\u2019uso degli animali;<\/p>\n\n\n\n<p>riunire le persone per identificare e discutere importanti questioni relative alla protezione degli animali in relazione a determinati animali (ad esempio ratti e topi, animali geneticamente modificati, specie di animali da reddito, animali selvatici) al fine di condividere esperienze e conoscenze, analizzare criticamente le pratiche attuali e promuovere il progresso;<\/p>\n\n\n\n<p>eseguire corsi di formazione riguardo a etica, protezione degli animali e diritto a coloro che regolamentano, utilizzano e assistono gli animali nella ricerca e nella sperimentazione a livello internazionale; eseguire workshop e redigere linee guide per supportare i membri dei comitati etici a esaminare efficacemente se e come vengono utilizzati gli animali da laboratorio;\u00a0<\/p>\n<\/div>\n<\/div><\/div>\n","protected":false},"excerpt":{"rendered":"<p>Situazione Progetto di rehoming Attivit\u00e0 in corso Situazione Con il suo Ufficio specialistico Sperimentazione animale, la PSA si impegna con [&hellip;]<\/p>\n","protected":false},"author":5,"featured_media":1741,"parent":6098,"menu_order":406,"comment_status":"closed","ping_status":"closed","template":"","meta":{"_acf_changed":false,"inline_featured_image":false,"_vp_format_video_url":"","_vp_image_focal_point":[],"footnotes":""},"class_list":["post-6112","page","type-page","status-publish","has-post-thumbnail","hentry"],"acf":[],"yoast_head":"<!-- This site is optimized with the Yoast SEO Premium plugin v27.4 (Yoast SEO v27.4) - https:\/\/yoast.com\/product\/yoast-seo-premium-wordpress\/ -->\n<title>Ricerca senza esperimenti sugli animali - Protezione Svizzera degli Animali PSA<\/title>\n<meta name=\"robots\" content=\"index, follow, max-snippet:-1, max-image-preview:large, max-video-preview:-1\" \/>\n<link rel=\"canonical\" href=\"https:\/\/sts-psa.ch\/it\/protezione-degli-animali\/temi\/esperimenti-sugli-animali\/ricerca-senza-esperimenti-sugli-animali\/\" \/>\n<meta property=\"og:locale\" content=\"it_IT\" \/>\n<meta property=\"og:type\" content=\"article\" \/>\n<meta property=\"og:title\" content=\"Ricerca senza esperimenti sugli animali\" \/>\n<meta property=\"og:description\" content=\"Situazione Progetto di rehoming Attivit\u00e0 in corso Situazione Con il suo Ufficio specialistico Sperimentazione animale, la PSA si impegna con [&hellip;]\" \/>\n<meta property=\"og:url\" content=\"https:\/\/sts-psa.ch\/it\/protezione-degli-animali\/temi\/esperimenti-sugli-animali\/ricerca-senza-esperimenti-sugli-animali\/\" \/>\n<meta property=\"og:site_name\" content=\"Protezione Svizzera degli Animali PSA\" \/>\n<meta property=\"article:publisher\" content=\"https:\/\/www.facebook.com\/schweizertierschutz\/\" \/>\n<meta property=\"article:modified_time\" content=\"2025-09-09T08:37:50+00:00\" \/>\n<meta property=\"og:image\" content=\"https:\/\/mail.protection-animaux-psa.ch\/app\/uploads\/2023\/05\/STS-Tierversuch-Loesungen.jpg\" \/>\n\t<meta property=\"og:image:width\" content=\"1416\" \/>\n\t<meta property=\"og:image:height\" content=\"910\" \/>\n\t<meta property=\"og:image:type\" content=\"image\/jpeg\" \/>\n<meta name=\"twitter:card\" content=\"summary_large_image\" \/>\n<meta name=\"twitter:label1\" content=\"Tempo di lettura stimato\" \/>\n\t<meta name=\"twitter:data1\" content=\"3 minuti\" \/>\n<script type=\"application\/ld+json\" class=\"yoast-schema-graph\">{\"@context\":\"https:\\\/\\\/schema.org\",\"@graph\":[{\"@type\":\"WebPage\",\"@id\":\"https:\\\/\\\/sts-psa.ch\\\/it\\\/protezione-degli-animali\\\/temi\\\/esperimenti-sugli-animali\\\/ricerca-senza-esperimenti-sugli-animali\\\/\",\"url\":\"https:\\\/\\\/sts-psa.ch\\\/it\\\/protezione-degli-animali\\\/temi\\\/esperimenti-sugli-animali\\\/ricerca-senza-esperimenti-sugli-animali\\\/\",\"name\":\"Ricerca senza esperimenti sugli animali - Protezione Svizzera degli Animali PSA\",\"isPartOf\":{\"@id\":\"https:\\\/\\\/tierschutz.com\\\/fr\\\/#website\"},\"primaryImageOfPage\":{\"@id\":\"https:\\\/\\\/sts-psa.ch\\\/it\\\/protezione-degli-animali\\\/temi\\\/esperimenti-sugli-animali\\\/ricerca-senza-esperimenti-sugli-animali\\\/#primaryimage\"},\"image\":{\"@id\":\"https:\\\/\\\/sts-psa.ch\\\/it\\\/protezione-degli-animali\\\/temi\\\/esperimenti-sugli-animali\\\/ricerca-senza-esperimenti-sugli-animali\\\/#primaryimage\"},\"thumbnailUrl\":\"https:\\\/\\\/sts-psa.ch\\\/app\\\/uploads\\\/2023\\\/05\\\/STS-Tierversuch-Loesungen.jpg\",\"datePublished\":\"2023-05-17T09:08:31+00:00\",\"dateModified\":\"2025-09-09T08:37:50+00:00\",\"breadcrumb\":{\"@id\":\"https:\\\/\\\/sts-psa.ch\\\/it\\\/protezione-degli-animali\\\/temi\\\/esperimenti-sugli-animali\\\/ricerca-senza-esperimenti-sugli-animali\\\/#breadcrumb\"},\"inLanguage\":\"it-IT\",\"potentialAction\":[{\"@type\":\"ReadAction\",\"target\":[\"https:\\\/\\\/sts-psa.ch\\\/it\\\/protezione-degli-animali\\\/temi\\\/esperimenti-sugli-animali\\\/ricerca-senza-esperimenti-sugli-animali\\\/\"]}]},{\"@type\":\"ImageObject\",\"inLanguage\":\"it-IT\",\"@id\":\"https:\\\/\\\/sts-psa.ch\\\/it\\\/protezione-degli-animali\\\/temi\\\/esperimenti-sugli-animali\\\/ricerca-senza-esperimenti-sugli-animali\\\/#primaryimage\",\"url\":\"https:\\\/\\\/sts-psa.ch\\\/app\\\/uploads\\\/2023\\\/05\\\/STS-Tierversuch-Loesungen.jpg\",\"contentUrl\":\"https:\\\/\\\/sts-psa.ch\\\/app\\\/uploads\\\/2023\\\/05\\\/STS-Tierversuch-Loesungen.jpg\",\"width\":1416,\"height\":910,\"caption\":\"Eine Mauss mit einem Ger\u00e4t auf dem Kopf w\u00e4hrend es etwas aus eine Pipette trinkt\"},{\"@type\":\"BreadcrumbList\",\"@id\":\"https:\\\/\\\/sts-psa.ch\\\/it\\\/protezione-degli-animali\\\/temi\\\/esperimenti-sugli-animali\\\/ricerca-senza-esperimenti-sugli-animali\\\/#breadcrumb\",\"itemListElement\":[{\"@type\":\"ListItem\",\"position\":1,\"name\":\"Pagina iniziale\",\"item\":\"https:\\\/\\\/mail.schweizertierschutz.ch\\\/it\\\/\"},{\"@type\":\"ListItem\",\"position\":2,\"name\":\"Protezione degli animali\",\"item\":\"https:\\\/\\\/mail.schweizertierschutz.ch\\\/it\\\/protezione-degli-animali\\\/\"},{\"@type\":\"ListItem\",\"position\":3,\"name\":\"Temi\",\"item\":\"https:\\\/\\\/mail.schweizertierschutz.ch\\\/it\\\/protezione-degli-animali\\\/temi\\\/\"},{\"@type\":\"ListItem\",\"position\":4,\"name\":\"Esperimenti sugli animali\",\"item\":\"https:\\\/\\\/mail.schweizertierschutz.ch\\\/it\\\/protezione-degli-animali\\\/temi\\\/esperimenti-sugli-animali\\\/\"},{\"@type\":\"ListItem\",\"position\":5,\"name\":\"Ricerca senza esperimenti sugli animali\"}]},{\"@type\":\"WebSite\",\"@id\":\"https:\\\/\\\/tierschutz.com\\\/fr\\\/#website\",\"url\":\"https:\\\/\\\/tierschutz.com\\\/fr\\\/\",\"name\":\"tierschutz.com\",\"description\":\"Wir setzen uns f\u00fcr das Wohl der Tiere ein.\",\"publisher\":{\"@id\":\"https:\\\/\\\/tierschutz.com\\\/fr\\\/#organization\"},\"alternateName\":\"Schweizer Tierschutz STS\",\"potentialAction\":[{\"@type\":\"SearchAction\",\"target\":{\"@type\":\"EntryPoint\",\"urlTemplate\":\"https:\\\/\\\/tierschutz.com\\\/fr\\\/?s={search_term_string}\"},\"query-input\":{\"@type\":\"PropertyValueSpecification\",\"valueRequired\":true,\"valueName\":\"search_term_string\"}}],\"inLanguage\":\"it-IT\"},{\"@type\":\"Organization\",\"@id\":\"https:\\\/\\\/tierschutz.com\\\/fr\\\/#organization\",\"name\":\"Schweizer Tierschutz STS\",\"alternateName\":\"STS\",\"url\":\"https:\\\/\\\/tierschutz.com\\\/fr\\\/\",\"logo\":{\"@type\":\"ImageObject\",\"inLanguage\":\"it-IT\",\"@id\":\"https:\\\/\\\/tierschutz.com\\\/fr\\\/#\\\/schema\\\/logo\\\/image\\\/\",\"url\":\"https:\\\/\\\/sts-psa.ch\\\/app\\\/uploads\\\/2024\\\/04\\\/logo-schweizer-tierschutz-sts-1.svg\",\"contentUrl\":\"https:\\\/\\\/sts-psa.ch\\\/app\\\/uploads\\\/2024\\\/04\\\/logo-schweizer-tierschutz-sts-1.svg\",\"caption\":\"Schweizer Tierschutz STS\"},\"image\":{\"@id\":\"https:\\\/\\\/tierschutz.com\\\/fr\\\/#\\\/schema\\\/logo\\\/image\\\/\"},\"sameAs\":[\"https:\\\/\\\/www.facebook.com\\\/schweizertierschutz\\\/\",\"https:\\\/\\\/www.instagram.com\\\/schweizertierschutzsts\\\/\",\"https:\\\/\\\/www.youtube.com\\\/@STS_Tierschutz\",\"https:\\\/\\\/www.linkedin.com\\\/company\\\/schweizertierschutzsts\\\/\"],\"description\":\"Der Schweizer Tierschutz STS ist der Dachverband von 71 Tierschutzorganisationen in allen Sprachregionen der Schweiz und in Liechtenstein. Seine Mitarbeitenden leisten wissenschaftlich fundierte Grundlagenarbeit, setzen sich mit Projekten und Aktionen f\u00fcr den Schutz und das Wohlbefinden von Heim-, Wild-, Nutz- und Versuchstieren ein und sensibilisieren die \u00d6ffentlichkeit f\u00fcr Tierschutzthemen.\",\"email\":\"sts@tierschutz.com\",\"telephone\":\"061 365 99 99\",\"legalName\":\"Schweizer Tierschutz STS\"}]}<\/script>\n<!-- \/ Yoast SEO Premium plugin. -->","yoast_head_json":{"title":"Ricerca senza esperimenti sugli animali - Protezione Svizzera degli Animali PSA","robots":{"index":"index","follow":"follow","max-snippet":"max-snippet:-1","max-image-preview":"max-image-preview:large","max-video-preview":"max-video-preview:-1"},"canonical":"https:\/\/sts-psa.ch\/it\/protezione-degli-animali\/temi\/esperimenti-sugli-animali\/ricerca-senza-esperimenti-sugli-animali\/","og_locale":"it_IT","og_type":"article","og_title":"Ricerca senza esperimenti sugli animali","og_description":"Situazione Progetto di rehoming Attivit\u00e0 in corso Situazione Con il suo Ufficio specialistico Sperimentazione animale, la PSA si impegna con [&hellip;]","og_url":"https:\/\/sts-psa.ch\/it\/protezione-degli-animali\/temi\/esperimenti-sugli-animali\/ricerca-senza-esperimenti-sugli-animali\/","og_site_name":"Protezione Svizzera degli Animali PSA","article_publisher":"https:\/\/www.facebook.com\/schweizertierschutz\/","article_modified_time":"2025-09-09T08:37:50+00:00","og_image":[{"width":1416,"height":910,"url":"https:\/\/mail.protection-animaux-psa.ch\/app\/uploads\/2023\/05\/STS-Tierversuch-Loesungen.jpg","type":"image\/jpeg"}],"twitter_card":"summary_large_image","twitter_misc":{"Tempo di lettura stimato":"3 minuti"},"schema":{"@context":"https:\/\/schema.org","@graph":[{"@type":"WebPage","@id":"https:\/\/sts-psa.ch\/it\/protezione-degli-animali\/temi\/esperimenti-sugli-animali\/ricerca-senza-esperimenti-sugli-animali\/","url":"https:\/\/sts-psa.ch\/it\/protezione-degli-animali\/temi\/esperimenti-sugli-animali\/ricerca-senza-esperimenti-sugli-animali\/","name":"Ricerca senza esperimenti sugli animali - Protezione Svizzera degli Animali PSA","isPartOf":{"@id":"https:\/\/tierschutz.com\/fr\/#website"},"primaryImageOfPage":{"@id":"https:\/\/sts-psa.ch\/it\/protezione-degli-animali\/temi\/esperimenti-sugli-animali\/ricerca-senza-esperimenti-sugli-animali\/#primaryimage"},"image":{"@id":"https:\/\/sts-psa.ch\/it\/protezione-degli-animali\/temi\/esperimenti-sugli-animali\/ricerca-senza-esperimenti-sugli-animali\/#primaryimage"},"thumbnailUrl":"https:\/\/sts-psa.ch\/app\/uploads\/2023\/05\/STS-Tierversuch-Loesungen.jpg","datePublished":"2023-05-17T09:08:31+00:00","dateModified":"2025-09-09T08:37:50+00:00","breadcrumb":{"@id":"https:\/\/sts-psa.ch\/it\/protezione-degli-animali\/temi\/esperimenti-sugli-animali\/ricerca-senza-esperimenti-sugli-animali\/#breadcrumb"},"inLanguage":"it-IT","potentialAction":[{"@type":"ReadAction","target":["https:\/\/sts-psa.ch\/it\/protezione-degli-animali\/temi\/esperimenti-sugli-animali\/ricerca-senza-esperimenti-sugli-animali\/"]}]},{"@type":"ImageObject","inLanguage":"it-IT","@id":"https:\/\/sts-psa.ch\/it\/protezione-degli-animali\/temi\/esperimenti-sugli-animali\/ricerca-senza-esperimenti-sugli-animali\/#primaryimage","url":"https:\/\/sts-psa.ch\/app\/uploads\/2023\/05\/STS-Tierversuch-Loesungen.jpg","contentUrl":"https:\/\/sts-psa.ch\/app\/uploads\/2023\/05\/STS-Tierversuch-Loesungen.jpg","width":1416,"height":910,"caption":"Eine Mauss mit einem Ger\u00e4t auf dem Kopf w\u00e4hrend es etwas aus eine Pipette trinkt"},{"@type":"BreadcrumbList","@id":"https:\/\/sts-psa.ch\/it\/protezione-degli-animali\/temi\/esperimenti-sugli-animali\/ricerca-senza-esperimenti-sugli-animali\/#breadcrumb","itemListElement":[{"@type":"ListItem","position":1,"name":"Pagina iniziale","item":"https:\/\/mail.schweizertierschutz.ch\/it\/"},{"@type":"ListItem","position":2,"name":"Protezione degli animali","item":"https:\/\/mail.schweizertierschutz.ch\/it\/protezione-degli-animali\/"},{"@type":"ListItem","position":3,"name":"Temi","item":"https:\/\/mail.schweizertierschutz.ch\/it\/protezione-degli-animali\/temi\/"},{"@type":"ListItem","position":4,"name":"Esperimenti sugli animali","item":"https:\/\/mail.schweizertierschutz.ch\/it\/protezione-degli-animali\/temi\/esperimenti-sugli-animali\/"},{"@type":"ListItem","position":5,"name":"Ricerca senza esperimenti sugli animali"}]},{"@type":"WebSite","@id":"https:\/\/tierschutz.com\/fr\/#website","url":"https:\/\/tierschutz.com\/fr\/","name":"tierschutz.com","description":"Wir setzen uns f\u00fcr das Wohl der Tiere ein.","publisher":{"@id":"https:\/\/tierschutz.com\/fr\/#organization"},"alternateName":"Schweizer Tierschutz STS","potentialAction":[{"@type":"SearchAction","target":{"@type":"EntryPoint","urlTemplate":"https:\/\/tierschutz.com\/fr\/?s={search_term_string}"},"query-input":{"@type":"PropertyValueSpecification","valueRequired":true,"valueName":"search_term_string"}}],"inLanguage":"it-IT"},{"@type":"Organization","@id":"https:\/\/tierschutz.com\/fr\/#organization","name":"Schweizer Tierschutz STS","alternateName":"STS","url":"https:\/\/tierschutz.com\/fr\/","logo":{"@type":"ImageObject","inLanguage":"it-IT","@id":"https:\/\/tierschutz.com\/fr\/#\/schema\/logo\/image\/","url":"https:\/\/sts-psa.ch\/app\/uploads\/2024\/04\/logo-schweizer-tierschutz-sts-1.svg","contentUrl":"https:\/\/sts-psa.ch\/app\/uploads\/2024\/04\/logo-schweizer-tierschutz-sts-1.svg","caption":"Schweizer Tierschutz STS"},"image":{"@id":"https:\/\/tierschutz.com\/fr\/#\/schema\/logo\/image\/"},"sameAs":["https:\/\/www.facebook.com\/schweizertierschutz\/","https:\/\/www.instagram.com\/schweizertierschutzsts\/","https:\/\/www.youtube.com\/@STS_Tierschutz","https:\/\/www.linkedin.com\/company\/schweizertierschutzsts\/"],"description":"Der Schweizer Tierschutz STS ist der Dachverband von 71 Tierschutzorganisationen in allen Sprachregionen der Schweiz und in Liechtenstein. Seine Mitarbeitenden leisten wissenschaftlich fundierte Grundlagenarbeit, setzen sich mit Projekten und Aktionen f\u00fcr den Schutz und das Wohlbefinden von Heim-, Wild-, Nutz- und Versuchstieren ein und sensibilisieren die \u00d6ffentlichkeit f\u00fcr Tierschutzthemen.","email":"sts@tierschutz.com","telephone":"061 365 99 99","legalName":"Schweizer Tierschutz STS"}]}},"_links":{"self":[{"href":"https:\/\/sts-psa.ch\/it\/wp-json\/wp\/v2\/pages\/6112","targetHints":{"allow":["GET"]}}],"collection":[{"href":"https:\/\/sts-psa.ch\/it\/wp-json\/wp\/v2\/pages"}],"about":[{"href":"https:\/\/sts-psa.ch\/it\/wp-json\/wp\/v2\/types\/page"}],"author":[{"embeddable":true,"href":"https:\/\/sts-psa.ch\/it\/wp-json\/wp\/v2\/users\/5"}],"replies":[{"embeddable":true,"href":"https:\/\/sts-psa.ch\/it\/wp-json\/wp\/v2\/comments?post=6112"}],"version-history":[{"count":7,"href":"https:\/\/sts-psa.ch\/it\/wp-json\/wp\/v2\/pages\/6112\/revisions"}],"predecessor-version":[{"id":33616,"href":"https:\/\/sts-psa.ch\/it\/wp-json\/wp\/v2\/pages\/6112\/revisions\/33616"}],"up":[{"embeddable":true,"href":"https:\/\/sts-psa.ch\/it\/wp-json\/wp\/v2\/pages\/6098"}],"wp:featuredmedia":[{"embeddable":true,"href":"https:\/\/sts-psa.ch\/it\/wp-json\/wp\/v2\/media\/1741"}],"wp:attachment":[{"href":"https:\/\/sts-psa.ch\/it\/wp-json\/wp\/v2\/media?parent=6112"}],"curies":[{"name":"wp","href":"https:\/\/api.w.org\/{rel}","templated":true}]}}