{"id":7015,"date":"2023-05-04T11:25:16","date_gmt":"2023-05-04T09:25:16","guid":{"rendered":"https:\/\/dev.tierschutz.com\/?page_id=7015"},"modified":"2024-04-08T13:44:27","modified_gmt":"2024-04-08T11:44:27","slug":"detenzione-di-animali","status":"publish","type":"page","link":"https:\/\/sts-psa.ch\/it\/detenzione-di-animali\/","title":{"rendered":"Detenzione di animali"},"content":{"rendered":"\n<div class=\"wp-block-cover alignfull is-light\"><span aria-hidden=\"true\" class=\"wp-block-cover__background has-background-dim-20 has-background-dim\"><\/span><img loading=\"lazy\" decoding=\"async\" width=\"2560\" height=\"1709\" class=\"wp-block-cover__image-background wp-image-5229\" alt=\"\" src=\"https:\/\/tierschutz.com\/app\/uploads\/2023\/06\/sts-tierhaltung-scaled.jpg\" style=\"object-position:52% 49%\" data-object-fit=\"cover\" data-object-position=\"52% 49%\" srcset=\"https:\/\/sts-psa.ch\/app\/uploads\/2023\/06\/sts-tierhaltung-scaled.jpg 2560w, https:\/\/sts-psa.ch\/app\/uploads\/2023\/06\/sts-tierhaltung-300x200.jpg 300w, https:\/\/sts-psa.ch\/app\/uploads\/2023\/06\/sts-tierhaltung-1024x684.jpg 1024w, https:\/\/sts-psa.ch\/app\/uploads\/2023\/06\/sts-tierhaltung-768x513.jpg 768w, https:\/\/sts-psa.ch\/app\/uploads\/2023\/06\/sts-tierhaltung-1536x1025.jpg 1536w, https:\/\/sts-psa.ch\/app\/uploads\/2023\/06\/sts-tierhaltung-2048x1367.jpg 2048w\" sizes=\"auto, (max-width: 2560px) 100vw, 2560px\" \/><div class=\"wp-block-cover__inner-container is-layout-flow wp-block-cover-is-layout-flow\">\n<h2 class=\"wp-block-heading has-text-align-center has-background-color has-text-color\"><strong><strong>Detenzione di animali<\/strong><\/strong><\/h2>\n<\/div><\/div>\n\n\n\n<div class=\"wp-block-group has-background-background-color has-background is-layout-constrained wp-block-group-is-layout-constrained\"><div class=\"yoast-breadcrumbs\"><span><span><a href=\"https:\/\/tierschutz.com\/it\/\">Pagina iniziale<\/a><\/span> \u00bb <span class=\"breadcrumb_last\" aria-current=\"page\">Detenzione di animali<\/span><\/span><\/div>\n\n\n<div class=\"wp-block-columns is-layout-flex wp-container-core-columns-is-layout-28f84493 wp-block-columns-is-layout-flex\">\n<div class=\"wp-block-column is-layout-flow wp-block-column-is-layout-flow\">\n<div class=\"wp-block-media-text alignwide is-stacked-on-mobile is-style-stacked-shadow no-inset\"><figure class=\"wp-block-media-text__media\"><img loading=\"lazy\" decoding=\"async\" width=\"1024\" height=\"658\" src=\"https:\/\/tierschutz.com\/app\/uploads\/2023\/05\/STS-Hundehaltung-1-1024x658.jpg\" alt=\"Ein weisser Welpe der nach oben Blickt vor einem verschwommenen gr\u00fcnen Hintergrund\" class=\"wp-image-1982 size-full\" srcset=\"https:\/\/sts-psa.ch\/app\/uploads\/2023\/05\/STS-Hundehaltung-1-1024x658.jpg 1024w, https:\/\/sts-psa.ch\/app\/uploads\/2023\/05\/STS-Hundehaltung-1-300x193.jpg 300w, https:\/\/sts-psa.ch\/app\/uploads\/2023\/05\/STS-Hundehaltung-1-768x494.jpg 768w, https:\/\/sts-psa.ch\/app\/uploads\/2023\/05\/STS-Hundehaltung-1.jpg 1416w\" sizes=\"auto, (max-width: 1024px) 100vw, 1024px\" \/><\/figure><div class=\"wp-block-media-text__content\">\n<h3 class=\"wp-block-heading\"><strong><strong>Detenzione di animali domestici<\/strong><\/strong><\/h3>\n\n\n\n<p>Un animale pu\u00f2 essere un perfetto compagno di stanza. Tuttavia, affinch\u00e9 l&#8217;amico animale si senta a proprio agio nella nuova casa, \u00e8 necessario conoscerne bene le richieste e le esigenze.<\/p>\n\n\n\n<div class=\"wp-block-buttons is-layout-flex wp-block-buttons-is-layout-flex\">\n<div class=\"wp-block-button\"><a class=\"wp-block-button__link wp-element-button\" href=\"https:\/\/tierschutz.com\/it\/detenzione-di-animali\/allevamento-di-animali-domestici\/\">Per saperne di pi\u00f9<\/a><\/div>\n<\/div>\n<\/div><\/div>\n<\/div>\n\n\n\n<div class=\"wp-block-column is-layout-flow wp-block-column-is-layout-flow\">\n<div class=\"wp-block-media-text alignwide is-stacked-on-mobile is-style-stacked-shadow no-inset\"><figure class=\"wp-block-media-text__media\"><img loading=\"lazy\" decoding=\"async\" width=\"1024\" height=\"658\" src=\"https:\/\/tierschutz.com\/app\/uploads\/2023\/05\/STS-Nutztierhaltung-1024x658.jpg\" alt=\"Drei braune K\u00fche auf einer Wiese vor einem verschwommenen Hintergrund wobei ein Wald zu erkennen ist\" class=\"wp-image-2018 size-full\" srcset=\"https:\/\/sts-psa.ch\/app\/uploads\/2023\/05\/STS-Nutztierhaltung-1024x658.jpg 1024w, https:\/\/sts-psa.ch\/app\/uploads\/2023\/05\/STS-Nutztierhaltung-300x193.jpg 300w, https:\/\/sts-psa.ch\/app\/uploads\/2023\/05\/STS-Nutztierhaltung-768x494.jpg 768w, https:\/\/sts-psa.ch\/app\/uploads\/2023\/05\/STS-Nutztierhaltung.jpg 1416w\" sizes=\"auto, (max-width: 1024px) 100vw, 1024px\" \/><\/figure><div class=\"wp-block-media-text__content\">\n<h3 class=\"wp-block-heading\"><strong><strong><strong>Detenzione di animali da reddito<\/strong><\/strong><\/strong><\/h3>\n\n\n\n<p>Come si allevano correttamente bovini, suini e pollame? Quali sono i requisiti speciali di ciascun tipo di animale? Per saperne di pi\u00f9, visitate il sito.<\/p>\n\n\n\n<div class=\"wp-block-buttons is-layout-flex wp-block-buttons-is-layout-flex\">\n<div class=\"wp-block-button\"><a class=\"wp-block-button__link wp-element-button\" href=\"https:\/\/tierschutz.com\/it\/detenzione-di-animali\/detenzione-di-animali-da-reddito\/\">Per saperne di pi\u00f9<\/a><\/div>\n<\/div>\n<\/div><\/div>\n<\/div>\n<\/div>\n\n\n\n<div class=\"wp-block-columns is-layout-flex wp-container-core-columns-is-layout-28f84493 wp-block-columns-is-layout-flex\">\n<div class=\"wp-block-column is-layout-flow wp-block-column-is-layout-flow\">\n<div class=\"wp-block-media-text alignwide is-stacked-on-mobile is-style-stacked-shadow no-inset\"><figure class=\"wp-block-media-text__media\"><img loading=\"lazy\" decoding=\"async\" width=\"1024\" height=\"658\" src=\"https:\/\/tierschutz.com\/app\/uploads\/2023\/05\/STS-Tierschutzkontrolle-1024x658.jpg\" alt=\"Mehrere braun-weisse K\u00fche aneinander gereiht die durch eine Metallkette zusammen befestigt wurden und alle in unsere Richtung blicken\" class=\"wp-image-1928 size-full\" srcset=\"https:\/\/sts-psa.ch\/app\/uploads\/2023\/05\/STS-Tierschutzkontrolle-1024x658.jpg 1024w, https:\/\/sts-psa.ch\/app\/uploads\/2023\/05\/STS-Tierschutzkontrolle-300x193.jpg 300w, https:\/\/sts-psa.ch\/app\/uploads\/2023\/05\/STS-Tierschutzkontrolle-768x494.jpg 768w, https:\/\/sts-psa.ch\/app\/uploads\/2023\/05\/STS-Tierschutzkontrolle.jpg 1416w\" sizes=\"auto, (max-width: 1024px) 100vw, 1024px\" \/><\/figure><div class=\"wp-block-media-text__content\">\n<h3 class=\"wp-block-heading\"><strong><strong><strong>Controlli sulla protezione degli animali<\/strong><\/strong><\/strong><\/h3>\n\n\n\n<p>L&#8217;Unit\u00e0 per le ispezioni sulla protezione degli animali dell&#8217;STS si occupa delle segnalazioni di violazioni della protezione degli animali e di abusi sugli animali, oltre che delle attivit\u00e0 ispettive delle sue sezioni.<\/p>\n\n\n\n<div class=\"wp-block-buttons is-layout-flex wp-block-buttons-is-layout-flex\">\n<div class=\"wp-block-button\"><a class=\"wp-block-button__link wp-element-button\" href=\"https:\/\/tierschutz.com\/it\/detenzione-di-animali\/controlli-sulla-protezione-degli-animali\/\">Per saperne di pi\u00f9<\/a><\/div>\n<\/div>\n<\/div><\/div>\n<\/div>\n\n\n\n<div class=\"wp-block-column is-layout-flow wp-block-column-is-layout-flow\"><\/div>\n<\/div>\n<\/div>\n","protected":false},"excerpt":{"rendered":"<p>Detenzione di animali domestici Un animale pu\u00f2 essere un perfetto compagno di stanza. Tuttavia, affinch\u00e9 l&#8217;amico animale si senta a [&hellip;]<\/p>\n","protected":false},"author":5,"featured_media":0,"parent":0,"menu_order":69,"comment_status":"closed","ping_status":"closed","template":"","meta":{"_acf_changed":false,"inline_featured_image":false,"_vp_format_video_url":"","_vp_image_focal_point":[],"footnotes":""},"class_list":["post-7015","page","type-page","status-publish","hentry"],"acf":[],"yoast_head":"<!-- This site is optimized with the Yoast SEO Premium plugin v27.4 (Yoast SEO v27.4) - https:\/\/yoast.com\/product\/yoast-seo-premium-wordpress\/ -->\n<title>Detenzione di animali - Protezione Svizzera degli Animali PSA<\/title>\n<meta name=\"robots\" content=\"index, follow, max-snippet:-1, max-image-preview:large, max-video-preview:-1\" \/>\n<link rel=\"canonical\" href=\"https:\/\/sts-psa.ch\/it\/detenzione-di-animali\/\" \/>\n<meta property=\"og:locale\" content=\"it_IT\" \/>\n<meta property=\"og:type\" content=\"article\" \/>\n<meta property=\"og:title\" content=\"Detenzione di animali\" \/>\n<meta property=\"og:description\" content=\"Detenzione di animali domestici Un animale pu\u00f2 essere un perfetto compagno di stanza. Tuttavia, affinch\u00e9 l&#8217;amico animale si senta a [&hellip;]\" \/>\n<meta property=\"og:url\" content=\"https:\/\/sts-psa.ch\/it\/detenzione-di-animali\/\" \/>\n<meta property=\"og:site_name\" content=\"Protezione Svizzera degli Animali PSA\" \/>\n<meta property=\"article:publisher\" content=\"https:\/\/www.facebook.com\/schweizertierschutz\/\" \/>\n<meta property=\"article:modified_time\" content=\"2024-04-08T11:44:27+00:00\" \/>\n<meta property=\"og:image\" content=\"https:\/\/tierschutz.com\/app\/uploads\/2023\/06\/sts-tierhaltung-scaled.jpg\" \/>\n<meta name=\"twitter:card\" content=\"summary_large_image\" \/>\n<meta name=\"twitter:label1\" content=\"Tempo di lettura stimato\" \/>\n\t<meta name=\"twitter:data1\" content=\"2 minuti\" \/>\n<script type=\"application\/ld+json\" class=\"yoast-schema-graph\">{\"@context\":\"https:\\\/\\\/schema.org\",\"@graph\":[{\"@type\":\"WebPage\",\"@id\":\"https:\\\/\\\/sts-psa.ch\\\/it\\\/detenzione-di-animali\\\/\",\"url\":\"https:\\\/\\\/sts-psa.ch\\\/it\\\/detenzione-di-animali\\\/\",\"name\":\"Detenzione di animali - Protezione Svizzera degli Animali PSA\",\"isPartOf\":{\"@id\":\"https:\\\/\\\/tierschutz.com\\\/it\\\/#website\"},\"primaryImageOfPage\":{\"@id\":\"https:\\\/\\\/sts-psa.ch\\\/it\\\/detenzione-di-animali\\\/#primaryimage\"},\"image\":{\"@id\":\"https:\\\/\\\/sts-psa.ch\\\/it\\\/detenzione-di-animali\\\/#primaryimage\"},\"thumbnailUrl\":\"https:\\\/\\\/tierschutz.com\\\/app\\\/uploads\\\/2023\\\/06\\\/sts-tierhaltung-scaled.jpg\",\"datePublished\":\"2023-05-04T09:25:16+00:00\",\"dateModified\":\"2024-04-08T11:44:27+00:00\",\"breadcrumb\":{\"@id\":\"https:\\\/\\\/sts-psa.ch\\\/it\\\/detenzione-di-animali\\\/#breadcrumb\"},\"inLanguage\":\"it-IT\",\"potentialAction\":[{\"@type\":\"ReadAction\",\"target\":[\"https:\\\/\\\/sts-psa.ch\\\/it\\\/detenzione-di-animali\\\/\"]}]},{\"@type\":\"ImageObject\",\"inLanguage\":\"it-IT\",\"@id\":\"https:\\\/\\\/sts-psa.ch\\\/it\\\/detenzione-di-animali\\\/#primaryimage\",\"url\":\"https:\\\/\\\/tierschutz.com\\\/app\\\/uploads\\\/2023\\\/06\\\/sts-tierhaltung-scaled.jpg\",\"contentUrl\":\"https:\\\/\\\/tierschutz.com\\\/app\\\/uploads\\\/2023\\\/06\\\/sts-tierhaltung-scaled.jpg\"},{\"@type\":\"BreadcrumbList\",\"@id\":\"https:\\\/\\\/sts-psa.ch\\\/it\\\/detenzione-di-animali\\\/#breadcrumb\",\"itemListElement\":[{\"@type\":\"ListItem\",\"position\":1,\"name\":\"Pagina iniziale\",\"item\":\"https:\\\/\\\/tierschutz.com\\\/it\\\/\"},{\"@type\":\"ListItem\",\"position\":2,\"name\":\"Detenzione di animali\"}]},{\"@type\":\"WebSite\",\"@id\":\"https:\\\/\\\/tierschutz.com\\\/it\\\/#website\",\"url\":\"https:\\\/\\\/tierschutz.com\\\/it\\\/\",\"name\":\"tierschutz.com\",\"description\":\"Wir setzen uns f\u00fcr das Wohl der Tiere ein.\",\"publisher\":{\"@id\":\"https:\\\/\\\/tierschutz.com\\\/it\\\/#organization\"},\"alternateName\":\"Schweizer Tierschutz STS\",\"potentialAction\":[{\"@type\":\"SearchAction\",\"target\":{\"@type\":\"EntryPoint\",\"urlTemplate\":\"https:\\\/\\\/tierschutz.com\\\/it\\\/?s={search_term_string}\"},\"query-input\":{\"@type\":\"PropertyValueSpecification\",\"valueRequired\":true,\"valueName\":\"search_term_string\"}}],\"inLanguage\":\"it-IT\"},{\"@type\":\"Organization\",\"@id\":\"https:\\\/\\\/tierschutz.com\\\/it\\\/#organization\",\"name\":\"Schweizer Tierschutz STS\",\"alternateName\":\"STS\",\"url\":\"https:\\\/\\\/tierschutz.com\\\/it\\\/\",\"logo\":{\"@type\":\"ImageObject\",\"inLanguage\":\"it-IT\",\"@id\":\"https:\\\/\\\/tierschutz.com\\\/it\\\/#\\\/schema\\\/logo\\\/image\\\/\",\"url\":\"https:\\\/\\\/sts-psa.ch\\\/app\\\/uploads\\\/2024\\\/04\\\/logo-schweizer-tierschutz-sts-1.svg\",\"contentUrl\":\"https:\\\/\\\/sts-psa.ch\\\/app\\\/uploads\\\/2024\\\/04\\\/logo-schweizer-tierschutz-sts-1.svg\",\"caption\":\"Schweizer Tierschutz STS\"},\"image\":{\"@id\":\"https:\\\/\\\/tierschutz.com\\\/it\\\/#\\\/schema\\\/logo\\\/image\\\/\"},\"sameAs\":[\"https:\\\/\\\/www.facebook.com\\\/schweizertierschutz\\\/\",\"https:\\\/\\\/www.instagram.com\\\/schweizertierschutzsts\\\/\",\"https:\\\/\\\/www.youtube.com\\\/@STS_Tierschutz\",\"https:\\\/\\\/www.linkedin.com\\\/company\\\/schweizertierschutzsts\\\/\"],\"description\":\"Der Schweizer Tierschutz STS ist der Dachverband von 71 Tierschutzorganisationen in allen Sprachregionen der Schweiz und in Liechtenstein. Seine Mitarbeitenden leisten wissenschaftlich fundierte Grundlagenarbeit, setzen sich mit Projekten und Aktionen f\u00fcr den Schutz und das Wohlbefinden von Heim-, Wild-, Nutz- und Versuchstieren ein und sensibilisieren die \u00d6ffentlichkeit f\u00fcr Tierschutzthemen.\",\"email\":\"sts@tierschutz.com\",\"telephone\":\"061 365 99 99\",\"legalName\":\"Schweizer Tierschutz STS\"}]}<\/script>\n<!-- \/ Yoast SEO Premium plugin. -->","yoast_head_json":{"title":"Detenzione di animali - Protezione Svizzera degli Animali PSA","robots":{"index":"index","follow":"follow","max-snippet":"max-snippet:-1","max-image-preview":"max-image-preview:large","max-video-preview":"max-video-preview:-1"},"canonical":"https:\/\/sts-psa.ch\/it\/detenzione-di-animali\/","og_locale":"it_IT","og_type":"article","og_title":"Detenzione di animali","og_description":"Detenzione di animali domestici Un animale pu\u00f2 essere un perfetto compagno di stanza. Tuttavia, affinch\u00e9 l&#8217;amico animale si senta a [&hellip;]","og_url":"https:\/\/sts-psa.ch\/it\/detenzione-di-animali\/","og_site_name":"Protezione Svizzera degli Animali PSA","article_publisher":"https:\/\/www.facebook.com\/schweizertierschutz\/","article_modified_time":"2024-04-08T11:44:27+00:00","og_image":[{"url":"https:\/\/tierschutz.com\/app\/uploads\/2023\/06\/sts-tierhaltung-scaled.jpg","type":"","width":"","height":""}],"twitter_card":"summary_large_image","twitter_misc":{"Tempo di lettura stimato":"2 minuti"},"schema":{"@context":"https:\/\/schema.org","@graph":[{"@type":"WebPage","@id":"https:\/\/sts-psa.ch\/it\/detenzione-di-animali\/","url":"https:\/\/sts-psa.ch\/it\/detenzione-di-animali\/","name":"Detenzione di animali - Protezione Svizzera degli Animali PSA","isPartOf":{"@id":"https:\/\/tierschutz.com\/it\/#website"},"primaryImageOfPage":{"@id":"https:\/\/sts-psa.ch\/it\/detenzione-di-animali\/#primaryimage"},"image":{"@id":"https:\/\/sts-psa.ch\/it\/detenzione-di-animali\/#primaryimage"},"thumbnailUrl":"https:\/\/tierschutz.com\/app\/uploads\/2023\/06\/sts-tierhaltung-scaled.jpg","datePublished":"2023-05-04T09:25:16+00:00","dateModified":"2024-04-08T11:44:27+00:00","breadcrumb":{"@id":"https:\/\/sts-psa.ch\/it\/detenzione-di-animali\/#breadcrumb"},"inLanguage":"it-IT","potentialAction":[{"@type":"ReadAction","target":["https:\/\/sts-psa.ch\/it\/detenzione-di-animali\/"]}]},{"@type":"ImageObject","inLanguage":"it-IT","@id":"https:\/\/sts-psa.ch\/it\/detenzione-di-animali\/#primaryimage","url":"https:\/\/tierschutz.com\/app\/uploads\/2023\/06\/sts-tierhaltung-scaled.jpg","contentUrl":"https:\/\/tierschutz.com\/app\/uploads\/2023\/06\/sts-tierhaltung-scaled.jpg"},{"@type":"BreadcrumbList","@id":"https:\/\/sts-psa.ch\/it\/detenzione-di-animali\/#breadcrumb","itemListElement":[{"@type":"ListItem","position":1,"name":"Pagina iniziale","item":"https:\/\/tierschutz.com\/it\/"},{"@type":"ListItem","position":2,"name":"Detenzione di animali"}]},{"@type":"WebSite","@id":"https:\/\/tierschutz.com\/it\/#website","url":"https:\/\/tierschutz.com\/it\/","name":"tierschutz.com","description":"Wir setzen uns f\u00fcr das Wohl der Tiere ein.","publisher":{"@id":"https:\/\/tierschutz.com\/it\/#organization"},"alternateName":"Schweizer Tierschutz STS","potentialAction":[{"@type":"SearchAction","target":{"@type":"EntryPoint","urlTemplate":"https:\/\/tierschutz.com\/it\/?s={search_term_string}"},"query-input":{"@type":"PropertyValueSpecification","valueRequired":true,"valueName":"search_term_string"}}],"inLanguage":"it-IT"},{"@type":"Organization","@id":"https:\/\/tierschutz.com\/it\/#organization","name":"Schweizer Tierschutz STS","alternateName":"STS","url":"https:\/\/tierschutz.com\/it\/","logo":{"@type":"ImageObject","inLanguage":"it-IT","@id":"https:\/\/tierschutz.com\/it\/#\/schema\/logo\/image\/","url":"https:\/\/sts-psa.ch\/app\/uploads\/2024\/04\/logo-schweizer-tierschutz-sts-1.svg","contentUrl":"https:\/\/sts-psa.ch\/app\/uploads\/2024\/04\/logo-schweizer-tierschutz-sts-1.svg","caption":"Schweizer Tierschutz STS"},"image":{"@id":"https:\/\/tierschutz.com\/it\/#\/schema\/logo\/image\/"},"sameAs":["https:\/\/www.facebook.com\/schweizertierschutz\/","https:\/\/www.instagram.com\/schweizertierschutzsts\/","https:\/\/www.youtube.com\/@STS_Tierschutz","https:\/\/www.linkedin.com\/company\/schweizertierschutzsts\/"],"description":"Der Schweizer Tierschutz STS ist der Dachverband von 71 Tierschutzorganisationen in allen Sprachregionen der Schweiz und in Liechtenstein. Seine Mitarbeitenden leisten wissenschaftlich fundierte Grundlagenarbeit, setzen sich mit Projekten und Aktionen f\u00fcr den Schutz und das Wohlbefinden von Heim-, Wild-, Nutz- und Versuchstieren ein und sensibilisieren die \u00d6ffentlichkeit f\u00fcr Tierschutzthemen.","email":"sts@tierschutz.com","telephone":"061 365 99 99","legalName":"Schweizer Tierschutz STS"}]}},"_links":{"self":[{"href":"https:\/\/sts-psa.ch\/it\/wp-json\/wp\/v2\/pages\/7015","targetHints":{"allow":["GET"]}}],"collection":[{"href":"https:\/\/sts-psa.ch\/it\/wp-json\/wp\/v2\/pages"}],"about":[{"href":"https:\/\/sts-psa.ch\/it\/wp-json\/wp\/v2\/types\/page"}],"author":[{"embeddable":true,"href":"https:\/\/sts-psa.ch\/it\/wp-json\/wp\/v2\/users\/5"}],"replies":[{"embeddable":true,"href":"https:\/\/sts-psa.ch\/it\/wp-json\/wp\/v2\/comments?post=7015"}],"version-history":[{"count":3,"href":"https:\/\/sts-psa.ch\/it\/wp-json\/wp\/v2\/pages\/7015\/revisions"}],"predecessor-version":[{"id":18640,"href":"https:\/\/sts-psa.ch\/it\/wp-json\/wp\/v2\/pages\/7015\/revisions\/18640"}],"wp:attachment":[{"href":"https:\/\/sts-psa.ch\/it\/wp-json\/wp\/v2\/media?parent=7015"}],"curies":[{"name":"wp","href":"https:\/\/api.w.org\/{rel}","templated":true}]}}